{"id":3593,"date":"2024-12-01T00:38:00","date_gmt":"2024-11-30T23:38:00","guid":{"rendered":"https:\/\/wordpress.nibis.de\/gy-her\/?page_id=3593"},"modified":"2024-11-27T21:03:01","modified_gmt":"2024-11-27T20:03:01","slug":"1-dezember","status":"publish","type":"page","link":"https:\/\/wordpress.nibis.de\/gy-her\/1-dezember\/","title":{"rendered":"1. Dezember"},"content":{"rendered":"\n<p><strong><u>Rentierf\u00fctterung<\/u><\/strong><\/p>\n<p><img loading=\"lazy\" decoding=\"async\" src=\"https:\/\/wordpress.nibis.de\/gy-her\/files\/2024\/11\/1-Dezember.jpg\" alt=\"\" width=\"320\" height=\"261\" align=\"right\" \/>Das Rentierfutter ist alle und die Wichtel m\u00fcssen neues kaufen gehen. F\u00fcr die Zwischenzeit haben die Wichtel den Rentieren ein R\u00e4tsel gestellt und ihnen versprochen, dass es extra Nachtisch gibt, wenn sie das R\u00f6tsel gel\u00f6st haben, bevor die Wichtel zur\u00fcck sind.<\/p>\n<p>Welche Zahl m\u00fcssen die Rentiere den Wichteln nennen?<\/p>\n","protected":false},"excerpt":{"rendered":"<p>Rentierf\u00fctterung Das Rentierfutter ist alle und die Wichtel m\u00fcssen neues kaufen gehen. F\u00fcr die Zwischenzeit haben die Wichtel den Rentieren ein R\u00e4tsel gestellt und ihnen versprochen, dass es extra Nachtisch <span class=\"excerpt-dots\">&hellip;<\/span> <a class=\"more-link\" href=\"https:\/\/wordpress.nibis.de\/gy-her\/1-dezember\/\"><span class=\"more-msg\">Weiterlesen &rarr;<\/span><\/a><\/p>\n","protected":false},"author":9192510,"featured_media":0,"parent":0,"menu_order":0,"comment_status":"closed","ping_status":"closed","template":"","meta":{"footnotes":""},"class_list":["post-3593","page","type-page","status-publish","hentry"],"_links":{"self":[{"href":"https:\/\/wordpress.nibis.de\/gy-her\/wp-json\/wp\/v2\/pages\/3593","targetHints":{"allow":["GET"]}}],"collection":[{"href":"https:\/\/wordpress.nibis.de\/gy-her\/wp-json\/wp\/v2\/pages"}],"about":[{"href":"https:\/\/wordpress.nibis.de\/gy-her\/wp-json\/wp\/v2\/types\/page"}],"author":[{"embeddable":true,"href":"https:\/\/wordpress.nibis.de\/gy-her\/wp-json\/wp\/v2\/users\/9192510"}],"replies":[{"embeddable":true,"href":"https:\/\/wordpress.nibis.de\/gy-her\/wp-json\/wp\/v2\/comments?post=3593"}],"version-history":[{"count":5,"href":"https:\/\/wordpress.nibis.de\/gy-her\/wp-json\/wp\/v2\/pages\/3593\/revisions"}],"predecessor-version":[{"id":7198,"href":"https:\/\/wordpress.nibis.de\/gy-her\/wp-json\/wp\/v2\/pages\/3593\/revisions\/7198"}],"wp:attachment":[{"href":"https:\/\/wordpress.nibis.de\/gy-her\/wp-json\/wp\/v2\/media?parent=3593"}],"curies":[{"name":"wp","href":"https:\/\/api.w.org\/{rel}","templated":true}]}}