{"id":3643,"date":"2024-12-02T00:09:00","date_gmt":"2024-12-01T23:09:00","guid":{"rendered":"https:\/\/wordpress.nibis.de\/gy-her\/?page_id=3643"},"modified":"2024-11-27T21:04:35","modified_gmt":"2024-11-27T20:04:35","slug":"2-dezember","status":"publish","type":"page","link":"https:\/\/wordpress.nibis.de\/gy-her\/2-dezember\/","title":{"rendered":"2. Dezember"},"content":{"rendered":"\n<p><strong><u>Schachr\u00e4tsel I &#8211; Matt in zwei Z\u00fcgen<img loading=\"lazy\" decoding=\"async\" class=\"alignright\" src=\"https:\/\/wordpress.nibis.de\/gy-her\/files\/2024\/11\/2-Dezember.jpg\" alt=\"\" width=\"320\" height=\"389\" \/><\/u><\/strong><\/p>\n<p>Hier ist Wei\u00df am Zug.<\/p>\n<p>Trage die weiteren Z\u00fcge so ein, dass Wei\u00df am Ende auf jeden Fall gewinnt!<\/p>\n<p>\u00a0<\/p>\n<p>Lust auf mehr? Jeden Donnerstag in der 9. \/ 10. Stunde findet in Raum 0.19 die Schach-AG von Herrn Schmidt statt.<\/p>\n","protected":false},"excerpt":{"rendered":"<p>Schachr\u00e4tsel I &#8211; Matt in zwei Z\u00fcgen Hier ist Wei\u00df am Zug. Trage die weiteren Z\u00fcge so ein, dass Wei\u00df am Ende auf jeden Fall gewinnt! \u00a0 Lust auf mehr? <span class=\"excerpt-dots\">&hellip;<\/span> <a class=\"more-link\" href=\"https:\/\/wordpress.nibis.de\/gy-her\/2-dezember\/\"><span class=\"more-msg\">Weiterlesen &rarr;<\/span><\/a><\/p>\n","protected":false},"author":9192510,"featured_media":0,"parent":0,"menu_order":0,"comment_status":"closed","ping_status":"closed","template":"","meta":{"footnotes":""},"class_list":["post-3643","page","type-page","status-publish","hentry"],"_links":{"self":[{"href":"https:\/\/wordpress.nibis.de\/gy-her\/wp-json\/wp\/v2\/pages\/3643","targetHints":{"allow":["GET"]}}],"collection":[{"href":"https:\/\/wordpress.nibis.de\/gy-her\/wp-json\/wp\/v2\/pages"}],"about":[{"href":"https:\/\/wordpress.nibis.de\/gy-her\/wp-json\/wp\/v2\/types\/page"}],"author":[{"embeddable":true,"href":"https:\/\/wordpress.nibis.de\/gy-her\/wp-json\/wp\/v2\/users\/9192510"}],"replies":[{"embeddable":true,"href":"https:\/\/wordpress.nibis.de\/gy-her\/wp-json\/wp\/v2\/comments?post=3643"}],"version-history":[{"count":4,"href":"https:\/\/wordpress.nibis.de\/gy-her\/wp-json\/wp\/v2\/pages\/3643\/revisions"}],"predecessor-version":[{"id":7201,"href":"https:\/\/wordpress.nibis.de\/gy-her\/wp-json\/wp\/v2\/pages\/3643\/revisions\/7201"}],"wp:attachment":[{"href":"https:\/\/wordpress.nibis.de\/gy-her\/wp-json\/wp\/v2\/media?parent=3643"}],"curies":[{"name":"wp","href":"https:\/\/api.w.org\/{rel}","templated":true}]}}