{"id":3645,"date":"2024-12-03T00:14:00","date_gmt":"2024-12-02T23:14:00","guid":{"rendered":"https:\/\/wordpress.nibis.de\/gy-her\/?page_id=3645"},"modified":"2024-11-27T21:06:20","modified_gmt":"2024-11-27T20:06:20","slug":"3-dezember","status":"publish","type":"page","link":"https:\/\/wordpress.nibis.de\/gy-her\/3-dezember\/","title":{"rendered":"3. Dezember"},"content":{"rendered":"\n<p><strong><u>Seltsame Zeichen I<\/u><\/strong><\/p>\n<p>Die japanische Sprache nutzt drei Alphabete, eines davon hei\u00dft Hiragana. Finde das L\u00f6sungswort und schreibe es in Hiragana auf. (L\u00f6sung auch gern als Foto)<\/p>\n<p><img loading=\"lazy\" decoding=\"async\" src=\"https:\/\/wordpress.nibis.de\/gy-her\/files\/2024\/11\/3-Dezember.jpg\" alt=\"\" width=\"500\" height=\"500\" \/><\/p>\n<p><strong><u>\u00a0<\/u><\/strong><\/p>\n","protected":false},"excerpt":{"rendered":"<p>Seltsame Zeichen I Die japanische Sprache nutzt drei Alphabete, eines davon hei\u00dft Hiragana. Finde das L\u00f6sungswort und schreibe es in Hiragana auf. (L\u00f6sung auch gern als Foto) \u00a0<\/p>\n <a class=\"more-link\" href=\"https:\/\/wordpress.nibis.de\/gy-her\/3-dezember\/\"><span class=\"more-msg\">Weiterlesen &rarr;<\/span><\/a>","protected":false},"author":9192510,"featured_media":0,"parent":0,"menu_order":0,"comment_status":"closed","ping_status":"closed","template":"","meta":{"footnotes":""},"class_list":["post-3645","page","type-page","status-publish","hentry"],"_links":{"self":[{"href":"https:\/\/wordpress.nibis.de\/gy-her\/wp-json\/wp\/v2\/pages\/3645","targetHints":{"allow":["GET"]}}],"collection":[{"href":"https:\/\/wordpress.nibis.de\/gy-her\/wp-json\/wp\/v2\/pages"}],"about":[{"href":"https:\/\/wordpress.nibis.de\/gy-her\/wp-json\/wp\/v2\/types\/page"}],"author":[{"embeddable":true,"href":"https:\/\/wordpress.nibis.de\/gy-her\/wp-json\/wp\/v2\/users\/9192510"}],"replies":[{"embeddable":true,"href":"https:\/\/wordpress.nibis.de\/gy-her\/wp-json\/wp\/v2\/comments?post=3645"}],"version-history":[{"count":5,"href":"https:\/\/wordpress.nibis.de\/gy-her\/wp-json\/wp\/v2\/pages\/3645\/revisions"}],"predecessor-version":[{"id":7205,"href":"https:\/\/wordpress.nibis.de\/gy-her\/wp-json\/wp\/v2\/pages\/3645\/revisions\/7205"}],"wp:attachment":[{"href":"https:\/\/wordpress.nibis.de\/gy-her\/wp-json\/wp\/v2\/media?parent=3645"}],"curies":[{"name":"wp","href":"https:\/\/api.w.org\/{rel}","templated":true}]}}