{"id":3649,"date":"2024-12-05T00:20:00","date_gmt":"2024-12-04T23:20:00","guid":{"rendered":"https:\/\/wordpress.nibis.de\/gy-her\/?page_id=3649"},"modified":"2024-11-29T13:23:18","modified_gmt":"2024-11-29T12:23:18","slug":"5-dezember","status":"publish","type":"page","link":"https:\/\/wordpress.nibis.de\/gy-her\/5-dezember\/","title":{"rendered":"5. Dezember"},"content":{"rendered":"\n<p><strong><u><img loading=\"lazy\" decoding=\"async\" class=\"alignright\" src=\"https:\/\/wordpress.nibis.de\/gy-her\/files\/2024\/11\/5-Dezember.jpg\" alt=\"\" width=\"291\" height=\"291\" \/>\u00c4rger mit den Kobolden I<\/u><\/strong><\/p>\n<p>Der Weihnachtsmann ist zusammen mit einem Rentier und einem Wichtel am Arbeiten in seiner Werkstatt. Pl\u00f6tzlich gibt es einen lauten Knall und alles ist voll mit bunten Lichtern &#8211; jemand hat ein Streichholz in eine Kiste mit Sylvesterraketen fallen lassen und nun ist das ganze Feuerwerk losgegangen!<\/p>\n<p>Der Weihnachtsmann ist sich sicher, dass das ein Kobold war, der Unruhe stiften wollte! Geblendet vom Licht sieht er drei Gestalten, die er aber nicht n\u00e4her erkennen kann. Auf die Frage &#8222;Wer von euch dreien ist der fiese Kobold?!&#8220; antworten diese:<\/p>\n<p>Person 1: Person Nr. 3 ist der Kobold, ganz klar!<\/p>\n<p>Person 2: Person 1 ist der Wichtel, das erkenne ich selbst durch den Rauch!<\/p>\n<p>Person 3: Was ich soll ein Kobold sein? Nein, ich bin ein Rentier!<\/p>\n<p>Der Weihnachtsmann wei\u00df, dass Rentiere sehr sarkastisch sein k\u00f6nnen und deswegen manchmal schwindeln, Wichtel immer ehrlich sind Kobolde immer l\u00fcgen.<\/p>\n<p>Welche der drei Personen ist der Kobold?<\/p>\n<p>\u00a0<\/p>\n<p>\u00a0<\/p>\n","protected":false},"excerpt":{"rendered":"<p>\u00c4rger mit den Kobolden I Der Weihnachtsmann ist zusammen mit einem Rentier und einem Wichtel am Arbeiten in seiner Werkstatt. Pl\u00f6tzlich gibt es einen lauten Knall und alles ist voll <span class=\"excerpt-dots\">&hellip;<\/span> <a class=\"more-link\" href=\"https:\/\/wordpress.nibis.de\/gy-her\/5-dezember\/\"><span class=\"more-msg\">Weiterlesen &rarr;<\/span><\/a><\/p>\n","protected":false},"author":9192510,"featured_media":0,"parent":0,"menu_order":0,"comment_status":"closed","ping_status":"closed","template":"","meta":{"footnotes":""},"class_list":["post-3649","page","type-page","status-publish","hentry"],"_links":{"self":[{"href":"https:\/\/wordpress.nibis.de\/gy-her\/wp-json\/wp\/v2\/pages\/3649","targetHints":{"allow":["GET"]}}],"collection":[{"href":"https:\/\/wordpress.nibis.de\/gy-her\/wp-json\/wp\/v2\/pages"}],"about":[{"href":"https:\/\/wordpress.nibis.de\/gy-her\/wp-json\/wp\/v2\/types\/page"}],"author":[{"embeddable":true,"href":"https:\/\/wordpress.nibis.de\/gy-her\/wp-json\/wp\/v2\/users\/9192510"}],"replies":[{"embeddable":true,"href":"https:\/\/wordpress.nibis.de\/gy-her\/wp-json\/wp\/v2\/comments?post=3649"}],"version-history":[{"count":5,"href":"https:\/\/wordpress.nibis.de\/gy-her\/wp-json\/wp\/v2\/pages\/3649\/revisions"}],"predecessor-version":[{"id":7214,"href":"https:\/\/wordpress.nibis.de\/gy-her\/wp-json\/wp\/v2\/pages\/3649\/revisions\/7214"}],"wp:attachment":[{"href":"https:\/\/wordpress.nibis.de\/gy-her\/wp-json\/wp\/v2\/media?parent=3649"}],"curies":[{"name":"wp","href":"https:\/\/api.w.org\/{rel}","templated":true}]}}