{"id":3651,"date":"2024-12-06T00:24:00","date_gmt":"2024-12-05T23:24:00","guid":{"rendered":"https:\/\/wordpress.nibis.de\/gy-her\/?page_id=3651"},"modified":"2024-11-29T13:25:53","modified_gmt":"2024-11-29T12:25:53","slug":"6-dezember","status":"publish","type":"page","link":"https:\/\/wordpress.nibis.de\/gy-her\/6-dezember\/","title":{"rendered":"6. Dezember"},"content":{"rendered":"\n<p><strong><u><img loading=\"lazy\" decoding=\"async\" class=\"alignright\" src=\"https:\/\/wordpress.nibis.de\/gy-her\/files\/2024\/11\/6-Dezember.jpg\" alt=\"\" width=\"214\" height=\"415\" \/>Zeitreise I<\/u><\/strong><\/p>\n<p>Es war einmal\u2026<\/p>\n<p>&#8222;In einem hei\u00dfen Land, das unter anderem f\u00fcr seine spitz zulaufenden Bauwerke ber\u00fchmt ist, lebte einst ein besondere Herrscherin. Sie war sehr intelligent und sprach eine ganze Reihe von Sprachen. Sie war aber auch f\u00fcr ihre Sch\u00f6nheit, vor allem die ihrer Nase, ber\u00fchmt. Nach dem Tod ihres Vaters wollte ihr eigener Bruder sie loswerden, mit der Hilfe des Herrschers eines m\u00e4chtigen Reiches, C., gelang es ihr aber, ihre Macht zu sichern. Man sagt, dass sie sich eingewickelt in einen Teppich in das Zimmer von C. geschmuggelt haben soll. C. hat sich dann in sie verliebt, die beiden hatten sogar einen gemeinsamen Sohn.&#8220;<\/p>\n<p>Wie hie\u00df diese Herrscherin?<\/p>\n","protected":false},"excerpt":{"rendered":"<p>Zeitreise I Es war einmal\u2026 &#8222;In einem hei\u00dfen Land, das unter anderem f\u00fcr seine spitz zulaufenden Bauwerke ber\u00fchmt ist, lebte einst ein besondere Herrscherin. Sie war sehr intelligent und sprach <span class=\"excerpt-dots\">&hellip;<\/span> <a class=\"more-link\" href=\"https:\/\/wordpress.nibis.de\/gy-her\/6-dezember\/\"><span class=\"more-msg\">Weiterlesen &rarr;<\/span><\/a><\/p>\n","protected":false},"author":9192510,"featured_media":0,"parent":0,"menu_order":0,"comment_status":"closed","ping_status":"closed","template":"","meta":{"footnotes":""},"class_list":["post-3651","page","type-page","status-publish","hentry"],"_links":{"self":[{"href":"https:\/\/wordpress.nibis.de\/gy-her\/wp-json\/wp\/v2\/pages\/3651","targetHints":{"allow":["GET"]}}],"collection":[{"href":"https:\/\/wordpress.nibis.de\/gy-her\/wp-json\/wp\/v2\/pages"}],"about":[{"href":"https:\/\/wordpress.nibis.de\/gy-her\/wp-json\/wp\/v2\/types\/page"}],"author":[{"embeddable":true,"href":"https:\/\/wordpress.nibis.de\/gy-her\/wp-json\/wp\/v2\/users\/9192510"}],"replies":[{"embeddable":true,"href":"https:\/\/wordpress.nibis.de\/gy-her\/wp-json\/wp\/v2\/comments?post=3651"}],"version-history":[{"count":4,"href":"https:\/\/wordpress.nibis.de\/gy-her\/wp-json\/wp\/v2\/pages\/3651\/revisions"}],"predecessor-version":[{"id":7217,"href":"https:\/\/wordpress.nibis.de\/gy-her\/wp-json\/wp\/v2\/pages\/3651\/revisions\/7217"}],"wp:attachment":[{"href":"https:\/\/wordpress.nibis.de\/gy-her\/wp-json\/wp\/v2\/media?parent=3651"}],"curies":[{"name":"wp","href":"https:\/\/api.w.org\/{rel}","templated":true}]}}