{"id":3655,"date":"2024-12-08T00:29:00","date_gmt":"2024-12-07T23:29:00","guid":{"rendered":"https:\/\/wordpress.nibis.de\/gy-her\/?page_id=3655"},"modified":"2024-11-29T13:30:05","modified_gmt":"2024-11-29T12:30:05","slug":"8-dezember","status":"publish","type":"page","link":"https:\/\/wordpress.nibis.de\/gy-her\/8-dezember\/","title":{"rendered":"8. Dezember"},"content":{"rendered":"\n<p><strong><u>Wortssssschlange I<\/u><\/strong><\/p>\n<p><img loading=\"lazy\" decoding=\"async\" class=\"\" src=\"https:\/\/wordpress.nibis.de\/gy-her\/files\/2024\/11\/8-Dezember.jpg\" alt=\"\" width=\"679\" height=\"392\" \/><br \/>Verbinde der Reihe nach alle Buchstaben zu einem L\u00f6sungswort. Du darfst dich nicht diagonal bewegen und es darf auch kein Buchstabe \u00fcbrig bleiben.<\/p>\n<p>Tipp: Das L\u00f6sungswort ist auf Englisch und hat tats\u00e4chlich etwas mit Raumfahrt zu tun.<\/p>\n","protected":false},"excerpt":{"rendered":"<p>Wortssssschlange I Verbinde der Reihe nach alle Buchstaben zu einem L\u00f6sungswort. Du darfst dich nicht diagonal bewegen und es darf auch kein Buchstabe \u00fcbrig bleiben. Tipp: Das L\u00f6sungswort ist auf <span class=\"excerpt-dots\">&hellip;<\/span> <a class=\"more-link\" href=\"https:\/\/wordpress.nibis.de\/gy-her\/8-dezember\/\"><span class=\"more-msg\">Weiterlesen &rarr;<\/span><\/a><\/p>\n","protected":false},"author":9192510,"featured_media":0,"parent":0,"menu_order":0,"comment_status":"closed","ping_status":"closed","template":"","meta":{"footnotes":""},"class_list":["post-3655","page","type-page","status-publish","hentry"],"_links":{"self":[{"href":"https:\/\/wordpress.nibis.de\/gy-her\/wp-json\/wp\/v2\/pages\/3655","targetHints":{"allow":["GET"]}}],"collection":[{"href":"https:\/\/wordpress.nibis.de\/gy-her\/wp-json\/wp\/v2\/pages"}],"about":[{"href":"https:\/\/wordpress.nibis.de\/gy-her\/wp-json\/wp\/v2\/types\/page"}],"author":[{"embeddable":true,"href":"https:\/\/wordpress.nibis.de\/gy-her\/wp-json\/wp\/v2\/users\/9192510"}],"replies":[{"embeddable":true,"href":"https:\/\/wordpress.nibis.de\/gy-her\/wp-json\/wp\/v2\/comments?post=3655"}],"version-history":[{"count":4,"href":"https:\/\/wordpress.nibis.de\/gy-her\/wp-json\/wp\/v2\/pages\/3655\/revisions"}],"predecessor-version":[{"id":7225,"href":"https:\/\/wordpress.nibis.de\/gy-her\/wp-json\/wp\/v2\/pages\/3655\/revisions\/7225"}],"wp:attachment":[{"href":"https:\/\/wordpress.nibis.de\/gy-her\/wp-json\/wp\/v2\/media?parent=3655"}],"curies":[{"name":"wp","href":"https:\/\/api.w.org\/{rel}","templated":true}]}}