{"id":3659,"date":"2024-12-10T00:32:00","date_gmt":"2024-12-09T23:32:00","guid":{"rendered":"https:\/\/wordpress.nibis.de\/gy-her\/?page_id=3659"},"modified":"2024-11-29T19:21:55","modified_gmt":"2024-11-29T18:21:55","slug":"10-dezember","status":"publish","type":"page","link":"https:\/\/wordpress.nibis.de\/gy-her\/10-dezember\/","title":{"rendered":"10. Dezember"},"content":{"rendered":"\n<p><strong><u><img loading=\"lazy\" decoding=\"async\" class=\"alignright\" src=\"https:\/\/wordpress.nibis.de\/gy-her\/files\/2024\/11\/10-Dezember.jpg\" alt=\"\" width=\"226\" height=\"330\" \/>Plattd\u00fc\u00fctschet Raadsel<\/u><\/strong><\/p>\n<p>Was bedeutet das plattdeutsche Wort &#8222;Pl\u00fcschmors&#8220; auf Hochdeutsch?<\/p>\n<ol>\n<li>a) Teppich<\/li>\n<li>b) Hummel<\/li>\n<li>c) L\u00f6wenzahn<\/li>\n<\/ol>\n","protected":false},"excerpt":{"rendered":"<p>Plattd\u00fc\u00fctschet Raadsel Was bedeutet das plattdeutsche Wort &#8222;Pl\u00fcschmors&#8220; auf Hochdeutsch? a) Teppich b) Hummel c) L\u00f6wenzahn<\/p>\n <a class=\"more-link\" href=\"https:\/\/wordpress.nibis.de\/gy-her\/10-dezember\/\"><span class=\"more-msg\">Weiterlesen &rarr;<\/span><\/a>","protected":false},"author":9192510,"featured_media":0,"parent":0,"menu_order":0,"comment_status":"closed","ping_status":"closed","template":"","meta":{"footnotes":""},"class_list":["post-3659","page","type-page","status-publish","hentry"],"_links":{"self":[{"href":"https:\/\/wordpress.nibis.de\/gy-her\/wp-json\/wp\/v2\/pages\/3659","targetHints":{"allow":["GET"]}}],"collection":[{"href":"https:\/\/wordpress.nibis.de\/gy-her\/wp-json\/wp\/v2\/pages"}],"about":[{"href":"https:\/\/wordpress.nibis.de\/gy-her\/wp-json\/wp\/v2\/types\/page"}],"author":[{"embeddable":true,"href":"https:\/\/wordpress.nibis.de\/gy-her\/wp-json\/wp\/v2\/users\/9192510"}],"replies":[{"embeddable":true,"href":"https:\/\/wordpress.nibis.de\/gy-her\/wp-json\/wp\/v2\/comments?post=3659"}],"version-history":[{"count":4,"href":"https:\/\/wordpress.nibis.de\/gy-her\/wp-json\/wp\/v2\/pages\/3659\/revisions"}],"predecessor-version":[{"id":7234,"href":"https:\/\/wordpress.nibis.de\/gy-her\/wp-json\/wp\/v2\/pages\/3659\/revisions\/7234"}],"wp:attachment":[{"href":"https:\/\/wordpress.nibis.de\/gy-her\/wp-json\/wp\/v2\/media?parent=3659"}],"curies":[{"name":"wp","href":"https:\/\/api.w.org\/{rel}","templated":true}]}}