{"id":3669,"date":"2024-12-15T00:44:00","date_gmt":"2024-12-14T23:44:00","guid":{"rendered":"https:\/\/wordpress.nibis.de\/gy-her\/?page_id=3669"},"modified":"2024-11-29T19:30:45","modified_gmt":"2024-11-29T18:30:45","slug":"15-dezember","status":"publish","type":"page","link":"https:\/\/wordpress.nibis.de\/gy-her\/15-dezember\/","title":{"rendered":"15. Dezember"},"content":{"rendered":"\n<p>\u00a0<\/p>\n<p><strong><u>Zeitreise II<img loading=\"lazy\" decoding=\"async\" class=\"alignright\" src=\"https:\/\/wordpress.nibis.de\/gy-her\/files\/2024\/11\/15-Dezember.jpg\" alt=\"\" width=\"298\" height=\"298\" \/><\/u><\/strong><\/p>\n<p>Es war einmal\u2026<\/p>\n<p>&#8222;In einem europ\u00e4ischen Land lebte ein ber\u00fchmter Politiker, der f\u00fcr seine Vorliebe f\u00fcr Whisky und Zigarren bekannt war. Er hatte eine ganze Reihen von Haustieren, u.a. den Pudel Rufus und eine Katze namens Nelson. Trotz seines Stotterns war er ein hervorragender Redner. Wenn er die Zeit hatte, badete er t\u00e4glich, manchmal sogar zwei Mal pro Tag. Als man ihm sagte, dass er einen Nobelpreis bekommen w\u00fcrde, fragte er nur: &#8222;F\u00fcr welches Fachgebiet?&#8220; &#8211; es war Literatur.<\/p>\n<p>Wie hie\u00df dieser Politiker?<\/p>\n","protected":false},"excerpt":{"rendered":"<p>\u00a0 Zeitreise II Es war einmal\u2026 &#8222;In einem europ\u00e4ischen Land lebte ein ber\u00fchmter Politiker, der f\u00fcr seine Vorliebe f\u00fcr Whisky und Zigarren bekannt war. Er hatte eine ganze Reihen von <span class=\"excerpt-dots\">&hellip;<\/span> <a class=\"more-link\" href=\"https:\/\/wordpress.nibis.de\/gy-her\/15-dezember\/\"><span class=\"more-msg\">Weiterlesen &rarr;<\/span><\/a><\/p>\n","protected":false},"author":9192510,"featured_media":0,"parent":0,"menu_order":0,"comment_status":"closed","ping_status":"closed","template":"","meta":{"footnotes":""},"class_list":["post-3669","page","type-page","status-publish","hentry"],"_links":{"self":[{"href":"https:\/\/wordpress.nibis.de\/gy-her\/wp-json\/wp\/v2\/pages\/3669","targetHints":{"allow":["GET"]}}],"collection":[{"href":"https:\/\/wordpress.nibis.de\/gy-her\/wp-json\/wp\/v2\/pages"}],"about":[{"href":"https:\/\/wordpress.nibis.de\/gy-her\/wp-json\/wp\/v2\/types\/page"}],"author":[{"embeddable":true,"href":"https:\/\/wordpress.nibis.de\/gy-her\/wp-json\/wp\/v2\/users\/9192510"}],"replies":[{"embeddable":true,"href":"https:\/\/wordpress.nibis.de\/gy-her\/wp-json\/wp\/v2\/comments?post=3669"}],"version-history":[{"count":4,"href":"https:\/\/wordpress.nibis.de\/gy-her\/wp-json\/wp\/v2\/pages\/3669\/revisions"}],"predecessor-version":[{"id":7253,"href":"https:\/\/wordpress.nibis.de\/gy-her\/wp-json\/wp\/v2\/pages\/3669\/revisions\/7253"}],"wp:attachment":[{"href":"https:\/\/wordpress.nibis.de\/gy-her\/wp-json\/wp\/v2\/media?parent=3669"}],"curies":[{"name":"wp","href":"https:\/\/api.w.org\/{rel}","templated":true}]}}