{"id":3673,"date":"2024-12-17T00:48:00","date_gmt":"2024-12-16T23:48:00","guid":{"rendered":"https:\/\/wordpress.nibis.de\/gy-her\/?page_id=3673"},"modified":"2024-11-29T19:34:05","modified_gmt":"2024-11-29T18:34:05","slug":"17-dezember","status":"publish","type":"page","link":"https:\/\/wordpress.nibis.de\/gy-her\/17-dezember\/","title":{"rendered":"17. Dezember"},"content":{"rendered":"\n<p><strong><u>Wortssssschlange II<img decoding=\"async\" src=\"https:\/\/wordpress.nibis.de\/gy-her\/files\/2024\/11\/17-Dezember.jpg\" alt=\"\" \/><\/u><\/strong><\/p>\n<p>Verbinde der Reihe nach alle Buchstaben zu einem L\u00f6sungswort. Du darfst dich nicht diagonal bewegen und es darf auch kein Buchstabe \u00fcbrig bleiben.<\/p>\n<p>Tipp: Das L\u00f6sungswort ist auf Franz\u00f6sisch und beschreibt etwas in diesem Monat.<\/p>\n<p>\u00a0<\/p>\n<p>\u00a0<\/p>\n","protected":false},"excerpt":{"rendered":"<p>Wortssssschlange II Verbinde der Reihe nach alle Buchstaben zu einem L\u00f6sungswort. Du darfst dich nicht diagonal bewegen und es darf auch kein Buchstabe \u00fcbrig bleiben. Tipp: Das L\u00f6sungswort ist auf <span class=\"excerpt-dots\">&hellip;<\/span> <a class=\"more-link\" href=\"https:\/\/wordpress.nibis.de\/gy-her\/17-dezember\/\"><span class=\"more-msg\">Weiterlesen &rarr;<\/span><\/a><\/p>\n","protected":false},"author":9192510,"featured_media":0,"parent":0,"menu_order":0,"comment_status":"closed","ping_status":"closed","template":"","meta":{"footnotes":""},"class_list":["post-3673","page","type-page","status-publish","hentry"],"_links":{"self":[{"href":"https:\/\/wordpress.nibis.de\/gy-her\/wp-json\/wp\/v2\/pages\/3673","targetHints":{"allow":["GET"]}}],"collection":[{"href":"https:\/\/wordpress.nibis.de\/gy-her\/wp-json\/wp\/v2\/pages"}],"about":[{"href":"https:\/\/wordpress.nibis.de\/gy-her\/wp-json\/wp\/v2\/types\/page"}],"author":[{"embeddable":true,"href":"https:\/\/wordpress.nibis.de\/gy-her\/wp-json\/wp\/v2\/users\/9192510"}],"replies":[{"embeddable":true,"href":"https:\/\/wordpress.nibis.de\/gy-her\/wp-json\/wp\/v2\/comments?post=3673"}],"version-history":[{"count":4,"href":"https:\/\/wordpress.nibis.de\/gy-her\/wp-json\/wp\/v2\/pages\/3673\/revisions"}],"predecessor-version":[{"id":7259,"href":"https:\/\/wordpress.nibis.de\/gy-her\/wp-json\/wp\/v2\/pages\/3673\/revisions\/7259"}],"wp:attachment":[{"href":"https:\/\/wordpress.nibis.de\/gy-her\/wp-json\/wp\/v2\/media?parent=3673"}],"curies":[{"name":"wp","href":"https:\/\/api.w.org\/{rel}","templated":true}]}}