{"id":3675,"date":"2024-12-18T00:50:00","date_gmt":"2024-12-17T23:50:00","guid":{"rendered":"https:\/\/wordpress.nibis.de\/gy-her\/?page_id=3675"},"modified":"2024-11-29T19:35:59","modified_gmt":"2024-11-29T18:35:59","slug":"18-dezember","status":"publish","type":"page","link":"https:\/\/wordpress.nibis.de\/gy-her\/18-dezember\/","title":{"rendered":"18. Dezember"},"content":{"rendered":"\n<p><strong><u>Schachr\u00e4tsel III &#8211; Matt in drei Z\u00fcgen<\/u><\/strong><\/p>\n<p>Hier ist Wei\u00df am Zug.<\/p>\n<p>Trage die weiteren Z\u00fcge so ein, dass Wei\u00df am Ende auf jeden Fall gewinnt!<\/p>\n<p>\u00a0<img loading=\"lazy\" decoding=\"async\" class=\"aligncenter\" src=\"https:\/\/wordpress.nibis.de\/gy-her\/files\/2024\/11\/18-Dezember.jpg\" alt=\"\" width=\"575\" height=\"857\" \/><\/p>\n<p>Lust auf mehr? Jeden Donnerstag in der 9. \/ 10. Stunde findet in Raum 0.19 die Schach-AG von Herrn Schmidt statt.<\/p>\n<p>\u00a0<\/p>\n<p>\u00a0<\/p>\n<p>\u00a0<\/p>\n<p>\u00a0<\/p>\n","protected":false},"excerpt":{"rendered":"<p>Schachr\u00e4tsel III &#8211; Matt in drei Z\u00fcgen Hier ist Wei\u00df am Zug. Trage die weiteren Z\u00fcge so ein, dass Wei\u00df am Ende auf jeden Fall gewinnt! \u00a0 Lust auf mehr? <span class=\"excerpt-dots\">&hellip;<\/span> <a class=\"more-link\" href=\"https:\/\/wordpress.nibis.de\/gy-her\/18-dezember\/\"><span class=\"more-msg\">Weiterlesen &rarr;<\/span><\/a><\/p>\n","protected":false},"author":9192510,"featured_media":0,"parent":0,"menu_order":0,"comment_status":"closed","ping_status":"closed","template":"","meta":{"footnotes":""},"class_list":["post-3675","page","type-page","status-publish","hentry"],"_links":{"self":[{"href":"https:\/\/wordpress.nibis.de\/gy-her\/wp-json\/wp\/v2\/pages\/3675","targetHints":{"allow":["GET"]}}],"collection":[{"href":"https:\/\/wordpress.nibis.de\/gy-her\/wp-json\/wp\/v2\/pages"}],"about":[{"href":"https:\/\/wordpress.nibis.de\/gy-her\/wp-json\/wp\/v2\/types\/page"}],"author":[{"embeddable":true,"href":"https:\/\/wordpress.nibis.de\/gy-her\/wp-json\/wp\/v2\/users\/9192510"}],"replies":[{"embeddable":true,"href":"https:\/\/wordpress.nibis.de\/gy-her\/wp-json\/wp\/v2\/comments?post=3675"}],"version-history":[{"count":5,"href":"https:\/\/wordpress.nibis.de\/gy-her\/wp-json\/wp\/v2\/pages\/3675\/revisions"}],"predecessor-version":[{"id":7265,"href":"https:\/\/wordpress.nibis.de\/gy-her\/wp-json\/wp\/v2\/pages\/3675\/revisions\/7265"}],"wp:attachment":[{"href":"https:\/\/wordpress.nibis.de\/gy-her\/wp-json\/wp\/v2\/media?parent=3675"}],"curies":[{"name":"wp","href":"https:\/\/api.w.org\/{rel}","templated":true}]}}