{"id":368,"date":"2018-08-01T17:52:11","date_gmt":"2018-08-01T15:52:11","guid":{"rendered":"http:\/\/wordpress.nibis.de\/gy-her\/?page_id=368"},"modified":"2018-08-04T14:38:00","modified_gmt":"2018-08-04T12:38:00","slug":"schule-ohne-rassismus-schule-mit-courage","status":"publish","type":"page","link":"https:\/\/wordpress.nibis.de\/gy-her\/schule-ohne-rassismus-schule-mit-courage\/","title":{"rendered":"[:de]Schule ohne Rassismus &#8211; Schule mit Courage[:]"},"content":{"rendered":"<p>[:de]<a href=\"http:\/\/wordpress.nibis.de\/gy-her\/files\/2018\/08\/SOR_SMC.jpg\"><img loading=\"lazy\" decoding=\"async\" class=\"size-full wp-image-374 alignleft\" src=\"http:\/\/wordpress.nibis.de\/gy-her\/files\/2018\/08\/SOR_SMC.jpg\" alt=\"\" width=\"180\" height=\"61\" \/><\/a>Das Christian Gymnasium darf in Zukunft dieses Logo f\u00fchren. Nachdem die AG &#8222;Schule ohne Rassismus &#8211; Schule mit Courage&#8220; im Dezember und Januar fast 85% der Unterschriften aller an der Schule Beteiligten gesammelt und damit das Mindestma\u00df von 70% weit \u00fcberschritten hat, haben wir nun einen Grund zum Feiern: Am Montag, dem 15. M\u00e4rz 2010, wurde unserer Schule offiziell die Urkunde \u00fcberreicht. Ab sofort d\u00fcrfen wir uns &#8222;Schule ohne Rassismus &#8211; Schule mit Courage&#8220; nennen! Danke an alle, die durch ihre Unterschrift zu diesem Ergebnis beigetragen haben!<\/p>\n<p>Nach dem offiziellen Festakt spielen die Bands<a href=\"http:\/\/www.myspace.com\/lauschangrifffff\" target=\"_blank\" rel=\"noopener noreferrer\"> Lauschangriff<\/a> aus Fa\u00dfberg und <a href=\"http:\/\/www.hatlesscat.de\/\" target=\"_blank\" rel=\"noopener noreferrer\">Hatless Cat<\/a> aus Berlin.<\/p>\n<p><img loading=\"lazy\" decoding=\"async\" class=\"alignnone size-medium wp-image-402\" src=\"http:\/\/wordpress.nibis.de\/gy-her\/files\/2018\/08\/k-DSCF1136-300x200.jpg\" alt=\"\" width=\"300\" height=\"200\" srcset=\"https:\/\/wordpress.nibis.de\/gy-her\/files\/2018\/08\/k-DSCF1136-300x200.jpg 300w, https:\/\/wordpress.nibis.de\/gy-her\/files\/2018\/08\/k-DSCF1136-768x512.jpg 768w, https:\/\/wordpress.nibis.de\/gy-her\/files\/2018\/08\/k-DSCF1136.jpg 800w\" sizes=\"auto, (max-width: 300px) 100vw, 300px\" \/> <img loading=\"lazy\" decoding=\"async\" class=\"alignnone size-medium wp-image-403\" src=\"http:\/\/wordpress.nibis.de\/gy-her\/files\/2018\/08\/k-DSCF1173-300x200.jpg\" alt=\"\" width=\"300\" height=\"200\" srcset=\"https:\/\/wordpress.nibis.de\/gy-her\/files\/2018\/08\/k-DSCF1173-300x200.jpg 300w, https:\/\/wordpress.nibis.de\/gy-her\/files\/2018\/08\/k-DSCF1173-768x512.jpg 768w, https:\/\/wordpress.nibis.de\/gy-her\/files\/2018\/08\/k-DSCF1173.jpg 800w\" sizes=\"auto, (max-width: 300px) 100vw, 300px\" \/><\/p>\n<p><strong>Aktuelle Projekte:<\/strong> <a href=\"\/gy-her\/category\/sor-smc\/\">hier<\/a>[:]<\/p>\n","protected":false},"excerpt":{"rendered":"<p>[:de]Das Christian Gymnasium darf in Zukunft dieses Logo f\u00fchren. Nachdem die AG &#8222;Schule ohne Rassismus &#8211; Schule mit Courage&#8220; im Dezember und Januar fast 85% der Unterschriften aller an der <span class=\"excerpt-dots\">&hellip;<\/span> <a class=\"more-link\" href=\"https:\/\/wordpress.nibis.de\/gy-her\/schule-ohne-rassismus-schule-mit-courage\/\"><span class=\"more-msg\">Weiterlesen &rarr;<\/span><\/a><\/p>\n","protected":false},"author":9192510,"featured_media":0,"parent":0,"menu_order":0,"comment_status":"closed","ping_status":"closed","template":"","meta":{"footnotes":""},"class_list":["post-368","page","type-page","status-publish","hentry"],"_links":{"self":[{"href":"https:\/\/wordpress.nibis.de\/gy-her\/wp-json\/wp\/v2\/pages\/368","targetHints":{"allow":["GET"]}}],"collection":[{"href":"https:\/\/wordpress.nibis.de\/gy-her\/wp-json\/wp\/v2\/pages"}],"about":[{"href":"https:\/\/wordpress.nibis.de\/gy-her\/wp-json\/wp\/v2\/types\/page"}],"author":[{"embeddable":true,"href":"https:\/\/wordpress.nibis.de\/gy-her\/wp-json\/wp\/v2\/users\/9192510"}],"replies":[{"embeddable":true,"href":"https:\/\/wordpress.nibis.de\/gy-her\/wp-json\/wp\/v2\/comments?post=368"}],"version-history":[{"count":5,"href":"https:\/\/wordpress.nibis.de\/gy-her\/wp-json\/wp\/v2\/pages\/368\/revisions"}],"predecessor-version":[{"id":407,"href":"https:\/\/wordpress.nibis.de\/gy-her\/wp-json\/wp\/v2\/pages\/368\/revisions\/407"}],"wp:attachment":[{"href":"https:\/\/wordpress.nibis.de\/gy-her\/wp-json\/wp\/v2\/media?parent=368"}],"curies":[{"name":"wp","href":"https:\/\/api.w.org\/{rel}","templated":true}]}}