{"id":3683,"date":"2024-12-22T00:56:00","date_gmt":"2024-12-21T23:56:00","guid":{"rendered":"https:\/\/wordpress.nibis.de\/gy-her\/?page_id=3683"},"modified":"2024-11-29T19:40:52","modified_gmt":"2024-11-29T18:40:52","slug":"22-dezember","status":"publish","type":"page","link":"https:\/\/wordpress.nibis.de\/gy-her\/22-dezember\/","title":{"rendered":"22. Dezember"},"content":{"rendered":"\n<p><strong><u>Wortssssschlange III<\/u><\/strong><\/p>\n<p>Verbinde der Reihe nach alle Buchstaben zu einem L\u00f6sungswort. Du darfst dich nicht diagonal bewegen und es darf auch kein Buchstabe \u00fcbrig bleiben.<\/p>\n<p><img decoding=\"async\" src=\"https:\/\/wordpress.nibis.de\/gy-her\/files\/2024\/11\/22-Dezember.jpg\" alt=\"\" \/>Tipp: Das L\u00f6sungswort ist auf Latein und beschreibt etwas, das schwer zu \u00fcberwinden ist. Es klingt ein bisschen, wie ein Zauberspruch aus Harry Potter.<\/p>\n<p>\u00a0<\/p>\n<p>\u00a0<\/p>\n<p>\u00a0<\/p>\n","protected":false},"excerpt":{"rendered":"<p>Wortssssschlange III Verbinde der Reihe nach alle Buchstaben zu einem L\u00f6sungswort. Du darfst dich nicht diagonal bewegen und es darf auch kein Buchstabe \u00fcbrig bleiben. Tipp: Das L\u00f6sungswort ist auf <span class=\"excerpt-dots\">&hellip;<\/span> <a class=\"more-link\" href=\"https:\/\/wordpress.nibis.de\/gy-her\/22-dezember\/\"><span class=\"more-msg\">Weiterlesen &rarr;<\/span><\/a><\/p>\n","protected":false},"author":9192510,"featured_media":0,"parent":0,"menu_order":0,"comment_status":"closed","ping_status":"closed","template":"","meta":{"footnotes":""},"class_list":["post-3683","page","type-page","status-publish","hentry"],"_links":{"self":[{"href":"https:\/\/wordpress.nibis.de\/gy-her\/wp-json\/wp\/v2\/pages\/3683","targetHints":{"allow":["GET"]}}],"collection":[{"href":"https:\/\/wordpress.nibis.de\/gy-her\/wp-json\/wp\/v2\/pages"}],"about":[{"href":"https:\/\/wordpress.nibis.de\/gy-her\/wp-json\/wp\/v2\/types\/page"}],"author":[{"embeddable":true,"href":"https:\/\/wordpress.nibis.de\/gy-her\/wp-json\/wp\/v2\/users\/9192510"}],"replies":[{"embeddable":true,"href":"https:\/\/wordpress.nibis.de\/gy-her\/wp-json\/wp\/v2\/comments?post=3683"}],"version-history":[{"count":4,"href":"https:\/\/wordpress.nibis.de\/gy-her\/wp-json\/wp\/v2\/pages\/3683\/revisions"}],"predecessor-version":[{"id":7278,"href":"https:\/\/wordpress.nibis.de\/gy-her\/wp-json\/wp\/v2\/pages\/3683\/revisions\/7278"}],"wp:attachment":[{"href":"https:\/\/wordpress.nibis.de\/gy-her\/wp-json\/wp\/v2\/media?parent=3683"}],"curies":[{"name":"wp","href":"https:\/\/api.w.org\/{rel}","templated":true}]}}