{"id":3685,"date":"2024-12-23T00:57:00","date_gmt":"2024-12-22T23:57:00","guid":{"rendered":"https:\/\/wordpress.nibis.de\/gy-her\/?page_id=3685"},"modified":"2024-11-29T19:42:03","modified_gmt":"2024-11-29T18:42:03","slug":"23-dezember","status":"publish","type":"page","link":"https:\/\/wordpress.nibis.de\/gy-her\/23-dezember\/","title":{"rendered":"23. Dezember"},"content":{"rendered":"\n<p><strong><u>Schachr\u00e4tsel IV &#8211; Matt in drei Z\u00fcgen<\/u><\/strong><\/p>\n<p>Hier ist Wei\u00df am Zug.<\/p>\n<p>Trage die weiteren Z\u00fcge so ein, dass Wei\u00df am Ende auf jeden Fall gewinnt!<\/p>\n<p><img loading=\"lazy\" decoding=\"async\" class=\"\" src=\"https:\/\/wordpress.nibis.de\/gy-her\/files\/2024\/11\/23-Dezember.jpg\" alt=\"\" width=\"533\" height=\"803\" \/><\/p>\n<p>Lust auf mehr? Jeden Donnerstag in der 9. \/ 10. Stunde findet in Raum 0.19 die Schach-AG von Herrn Schmidt statt.<\/p>\n","protected":false},"excerpt":{"rendered":"<p>Schachr\u00e4tsel IV &#8211; Matt in drei Z\u00fcgen Hier ist Wei\u00df am Zug. Trage die weiteren Z\u00fcge so ein, dass Wei\u00df am Ende auf jeden Fall gewinnt! Lust auf mehr? Jeden <span class=\"excerpt-dots\">&hellip;<\/span> <a class=\"more-link\" href=\"https:\/\/wordpress.nibis.de\/gy-her\/23-dezember\/\"><span class=\"more-msg\">Weiterlesen &rarr;<\/span><\/a><\/p>\n","protected":false},"author":9192510,"featured_media":0,"parent":0,"menu_order":0,"comment_status":"closed","ping_status":"closed","template":"","meta":{"footnotes":""},"class_list":["post-3685","page","type-page","status-publish","hentry"],"_links":{"self":[{"href":"https:\/\/wordpress.nibis.de\/gy-her\/wp-json\/wp\/v2\/pages\/3685","targetHints":{"allow":["GET"]}}],"collection":[{"href":"https:\/\/wordpress.nibis.de\/gy-her\/wp-json\/wp\/v2\/pages"}],"about":[{"href":"https:\/\/wordpress.nibis.de\/gy-her\/wp-json\/wp\/v2\/types\/page"}],"author":[{"embeddable":true,"href":"https:\/\/wordpress.nibis.de\/gy-her\/wp-json\/wp\/v2\/users\/9192510"}],"replies":[{"embeddable":true,"href":"https:\/\/wordpress.nibis.de\/gy-her\/wp-json\/wp\/v2\/comments?post=3685"}],"version-history":[{"count":5,"href":"https:\/\/wordpress.nibis.de\/gy-her\/wp-json\/wp\/v2\/pages\/3685\/revisions"}],"predecessor-version":[{"id":7281,"href":"https:\/\/wordpress.nibis.de\/gy-her\/wp-json\/wp\/v2\/pages\/3685\/revisions\/7281"}],"wp:attachment":[{"href":"https:\/\/wordpress.nibis.de\/gy-her\/wp-json\/wp\/v2\/media?parent=3685"}],"curies":[{"name":"wp","href":"https:\/\/api.w.org\/{rel}","templated":true}]}}