{"id":3687,"date":"2024-12-24T00:00:00","date_gmt":"2024-12-23T23:00:00","guid":{"rendered":"https:\/\/wordpress.nibis.de\/gy-her\/?page_id=3687"},"modified":"2024-11-29T19:43:07","modified_gmt":"2024-11-29T18:43:07","slug":"24-dezember","status":"publish","type":"page","link":"https:\/\/wordpress.nibis.de\/gy-her\/24-dezember\/","title":{"rendered":"24. Dezember"},"content":{"rendered":"\n<p><strong><u>Terra incognita<img loading=\"lazy\" decoding=\"async\" class=\"alignright\" src=\"https:\/\/wordpress.nibis.de\/gy-her\/files\/2024\/11\/24-Dezember.jpg\" alt=\"\" width=\"364\" height=\"364\" \/><\/u><\/strong><\/p>\n<p>Eines der Rentiere ben\u00f6tigt Auslauf. Es trottet erstmal 5 km nach S\u00fcden, bevor es an eine Abzweigung kommt. Weil der Weg Richtung Osten interessant aussieht, geht es anschlie\u00dfend 5 km in diese Richtung. Anschlie\u00dfend biegt es nach Norden ab. Nach weiteren 5 km wudnert es sich \u00fcber die Rentierspuren im Schnee und einen Baum, der ihm sehr, sehr bekannt vorkommt, als es pl\u00f6tzlich einen B\u00e4ren bemerkt!<\/p>\n<p>Welche Farbe hat der B\u00e4r?<\/p>\n<p>Bonuspunkt: Wo befindet sich das Rentier?<\/p>\n<p>Die R\u00e4tselwichtel w\u00fcnschen Dir und deiner Familie sch\u00f6ne Weihnachten!<\/p>\n<p>\u00a0<\/p>\n<p>\u00a0<\/p>\n","protected":false},"excerpt":{"rendered":"<p>Terra incognita Eines der Rentiere ben\u00f6tigt Auslauf. Es trottet erstmal 5 km nach S\u00fcden, bevor es an eine Abzweigung kommt. Weil der Weg Richtung Osten interessant aussieht, geht es anschlie\u00dfend <span class=\"excerpt-dots\">&hellip;<\/span> <a class=\"more-link\" href=\"https:\/\/wordpress.nibis.de\/gy-her\/24-dezember\/\"><span class=\"more-msg\">Weiterlesen &rarr;<\/span><\/a><\/p>\n","protected":false},"author":9192510,"featured_media":0,"parent":0,"menu_order":0,"comment_status":"closed","ping_status":"closed","template":"","meta":{"footnotes":""},"class_list":["post-3687","page","type-page","status-publish","hentry"],"_links":{"self":[{"href":"https:\/\/wordpress.nibis.de\/gy-her\/wp-json\/wp\/v2\/pages\/3687","targetHints":{"allow":["GET"]}}],"collection":[{"href":"https:\/\/wordpress.nibis.de\/gy-her\/wp-json\/wp\/v2\/pages"}],"about":[{"href":"https:\/\/wordpress.nibis.de\/gy-her\/wp-json\/wp\/v2\/types\/page"}],"author":[{"embeddable":true,"href":"https:\/\/wordpress.nibis.de\/gy-her\/wp-json\/wp\/v2\/users\/9192510"}],"replies":[{"embeddable":true,"href":"https:\/\/wordpress.nibis.de\/gy-her\/wp-json\/wp\/v2\/comments?post=3687"}],"version-history":[{"count":4,"href":"https:\/\/wordpress.nibis.de\/gy-her\/wp-json\/wp\/v2\/pages\/3687\/revisions"}],"predecessor-version":[{"id":7284,"href":"https:\/\/wordpress.nibis.de\/gy-her\/wp-json\/wp\/v2\/pages\/3687\/revisions\/7284"}],"wp:attachment":[{"href":"https:\/\/wordpress.nibis.de\/gy-her\/wp-json\/wp\/v2\/media?parent=3687"}],"curies":[{"name":"wp","href":"https:\/\/api.w.org\/{rel}","templated":true}]}}