{"id":388,"date":"2018-08-01T19:12:38","date_gmt":"2018-08-01T17:12:38","guid":{"rendered":"http:\/\/wordpress.nibis.de\/gy-her\/?page_id=388"},"modified":"2023-01-19T17:14:21","modified_gmt":"2023-01-19T16:14:21","slug":"erasmus-projekte","status":"publish","type":"page","link":"https:\/\/wordpress.nibis.de\/gy-her\/erasmus-projekte\/","title":{"rendered":"[:de]Erasmus + Projekte[:]"},"content":{"rendered":"<p>[:de]<a href=\"http:\/\/wordpress.nibis.de\/gy-her\/files\/2018\/08\/EU-Erasmus.jpg\"><img loading=\"lazy\" decoding=\"async\" class=\"size-full wp-image-387 alignleft\" src=\"http:\/\/wordpress.nibis.de\/gy-her\/files\/2018\/08\/EU-Erasmus.jpg\" alt=\"\" width=\"421\" height=\"120\" srcset=\"https:\/\/wordpress.nibis.de\/gy-her\/files\/2018\/08\/EU-Erasmus.jpg 421w, https:\/\/wordpress.nibis.de\/gy-her\/files\/2018\/08\/EU-Erasmus-300x86.jpg 300w\" sizes=\"auto, (max-width: 421px) 100vw, 421px\" \/><\/a>Diese Projekte wurde mit Unterst\u00fctzung der Europ\u00e4ischen Kommission finanziert.<br \/>\nDie Verantwortung f\u00fcr den Inhalt dieser Ver\u00f6ffentlichung tr\u00e4gt allein der Verfasser; die Kommission haftet nicht f\u00fcr die weitere Verwendung der darin enthaltenen Angaben.<\/p>\n<p>2022 &#8211; 2024 Erasmus+ Projekt &#8222;Future Learning Spaces\u201c<br \/>\n-Schulwebseite: <a href=\"https:\/\/gyher.de\/category\/europaschule-i-nds\/erasmus\/future-learning-spaces-2022-2024\">https:\/\/gyher.de\/category\/europaschule-i-nds\/erasmus\/future-learning-spaces-2022-2024<\/a>\/<\/p>\n<p>2019 &#8211; 2021 Erasmus+ Projekt &#8222;Balancing Ecology and Economy, a global challenge\u201c<br \/>\n-Schulwebseite: <a href=\"https:\/\/wordpress.nibis.de\/gy-her\/category\/europaschule-i-nds\/erasmus\/balancing-ecology-and-economy-a-global-challenge2019-2021\/\">https:\/\/wordpress.nibis.de\/gy-her\/category\/europaschule-i-nds\/erasmus\/balancing-ecology-and-economy-a-global-challenge2019-2021\/<\/a><\/p>\n<p>2017-2019: Erasmus+ Projekt &#8222;Welcoming Diversity at School&#8220;<br \/>\n&#8211; Schul-Webseite:<a href=\"https:\/\/wordpress.nibis.de\/gy-her\/category\/europaschule-i-nds\/erasmus\/welcoming-diversity-at-school-2017-2019\/\">https:\/\/wordpress.nibis.de\/gy-her\/category\/europaschule-i-nds\/erasmus\/welcoming-diversity-at-school-2017-2019\/<\/a><br \/>\n&#8211; Projekt-Webseite: <a href=\"http:\/\/www.welcomingdiversityatschool.weebly.com\" target=\"_blank\" rel=\"noopener noreferrer\">www.welcomingdiversityatschool.weebly.com<\/a><br \/>\n&#8211; Facebook: <a href=\"https:\/\/www.facebook.com\/welcomingdiversityatschool\/\" target=\"_blank\" rel=\"noopener noreferrer\">https:\/\/www.facebook.com\/welcomingdiversityatschool\/<\/a><\/p>\n<p>2015-2017: Erasmus+ Projekt &#8222;Career Perspectives in Europe &#8211; Chances and Challenges&#8220;<br \/>\n&#8211; Schul-Webseite:<a href=\"https:\/\/wordpress.nibis.de\/gy-her\/category\/europaschule-i-nds\/erasmus\/career-perspectives-in-europe-chances-and-challenges-2015-2017\/\">https:\/\/wordpress.nibis.de\/gy-her\/category\/europaschule-i-nds\/erasmus\/career-perspectives-in-europe-chances-and-challenges-2015-2017\/<\/a><br \/>\n&#8211; Projekt-Webseite: <a href=\"http:\/\/www.careerperspectivesineurope.weebly.com\" target=\"_blank\" rel=\"noopener noreferrer\">www.careerperspectivesineurope.weebly.com<\/a><br \/>\n&#8211; Facebook:<a href=\"https:\/\/www.facebook.com\/Career-perspectives-in-Europe-Chances-and-challenges-1055140377870040\/\" target=\"_blank\" rel=\"noopener noreferrer\"> https:\/\/www.facebook.com\/Career-perspectives-in-Europe-Chances-and-challenges-1055140377870040\/<\/a><\/p>\n<p>2013-2015: Comenius-Projekt &#8222;Energy in the Future&#8220;<\/p>\n<p>2010 &#8211; 2012: Comenius-Projekt &#8222;Holiday in Europe&#8220;[:]<\/p>\n","protected":false},"excerpt":{"rendered":"<p>[:de]Diese Projekte wurde mit Unterst\u00fctzung der Europ\u00e4ischen Kommission finanziert. Die Verantwortung f\u00fcr den Inhalt dieser Ver\u00f6ffentlichung tr\u00e4gt allein der Verfasser; die Kommission haftet nicht f\u00fcr die weitere Verwendung der darin <span class=\"excerpt-dots\">&hellip;<\/span> <a class=\"more-link\" href=\"https:\/\/wordpress.nibis.de\/gy-her\/erasmus-projekte\/\"><span class=\"more-msg\">Weiterlesen &rarr;<\/span><\/a><\/p>\n","protected":false},"author":9192510,"featured_media":0,"parent":0,"menu_order":0,"comment_status":"closed","ping_status":"closed","template":"","meta":{"footnotes":""},"class_list":["post-388","page","type-page","status-publish","hentry"],"_links":{"self":[{"href":"https:\/\/wordpress.nibis.de\/gy-her\/wp-json\/wp\/v2\/pages\/388","targetHints":{"allow":["GET"]}}],"collection":[{"href":"https:\/\/wordpress.nibis.de\/gy-her\/wp-json\/wp\/v2\/pages"}],"about":[{"href":"https:\/\/wordpress.nibis.de\/gy-her\/wp-json\/wp\/v2\/types\/page"}],"author":[{"embeddable":true,"href":"https:\/\/wordpress.nibis.de\/gy-her\/wp-json\/wp\/v2\/users\/9192510"}],"replies":[{"embeddable":true,"href":"https:\/\/wordpress.nibis.de\/gy-her\/wp-json\/wp\/v2\/comments?post=388"}],"version-history":[{"count":4,"href":"https:\/\/wordpress.nibis.de\/gy-her\/wp-json\/wp\/v2\/pages\/388\/revisions"}],"predecessor-version":[{"id":4989,"href":"https:\/\/wordpress.nibis.de\/gy-her\/wp-json\/wp\/v2\/pages\/388\/revisions\/4989"}],"wp:attachment":[{"href":"https:\/\/wordpress.nibis.de\/gy-her\/wp-json\/wp\/v2\/media?parent=388"}],"curies":[{"name":"wp","href":"https:\/\/api.w.org\/{rel}","templated":true}]}}