{"id":637,"date":"2018-08-04T16:26:57","date_gmt":"2018-08-04T14:26:57","guid":{"rendered":"http:\/\/wordpress.nibis.de\/gy-her\/?page_id=637"},"modified":"2025-04-30T11:38:09","modified_gmt":"2025-04-30T09:38:09","slug":"naturerlebnistage","status":"publish","type":"page","link":"https:\/\/wordpress.nibis.de\/gy-her\/umweltschule-seit-2015\/naturerlebnistage\/","title":{"rendered":"[:de]Naturerlebnistage[:]"},"content":{"rendered":"<p>[:de]Seit \u00fcber 20 Jahren organisiert die Fachgruppe Biologie in Zusammenarbeit mit den beteiligten Klassenlehrern im Mai f\u00fcr alle 6. Klassen.<\/p>\n<p>Die Idee ist, in dieser reizvollen Jahreszeit durch gemeinsame sportliche Aktivit\u00e4ten, Erkundungen und m\u00f6glichst auch Abenteuer Natur hautnah zu erleben, umfassender zu verstehen und sch\u00e4tzen zu lernen. So stellt bereits die Fahrradfahrt zum <span style=\"text-decoration: underline\">R<\/span>egionalen <span style=\"text-decoration: underline\">U<\/span>mweltbildungs<span style=\"text-decoration: underline\">z<\/span>entrum NABU Gut Sunder (<a href=\"http:\/\/www.nabu-gutsunder.de\/\" target=\"_top\" rel=\"noopener\">www.nabu-gutsunder.de<\/a>) bei Mei\u00dfendorf (ca. 30 km) f\u00fcr viele eine sportliche Herausforderung dar, f\u00fcr die begleitenden Oberstufensch\u00fcler, Lehrer und Eltern eine organisatorische (Gep\u00e4cktransport, Verkehrssicherheit u.\u00e4.).<\/p>\n<p>\u00dcbernachtet wird in mitgebrachten Zelten oder &#8211; etwas komfortabler- im Seminarhaus. F\u00fcr die Bereitstellung der Infrastruktur f\u00fcr \u00dcbernachtung und Verpflegung, interessanter Untersuchungsbiotope und Untersuchungsger\u00e4tschaften inkl. Labor und Bildungsangebote sorgt das RUZ NABU Gut Sunder.<\/p>\n<p>Tags\u00fcber werden in kleineren Gruppen naturkundliche Untersuchungen in unterschiedlichen Lebensr\u00e4umen (Wald, Teich und Bach) durchgef\u00fchrt, abgestimmt auf Lehrplaninhalte wie z.B. &#8222;Untersuchungen in \u00d6kosystemen&#8220; oder &#8222;Insektenleben&#8220; mit den hierzu passenden Basiskonzepten &#8222;Struktur und Funktion\/Angepasstheit&#8220;.<\/p>\n<p>Abends besteht reichlich Gelegenheit f\u00fcr gemeinschaftsf\u00f6rdernde Spiele (Fu\u00dfball, Volleyball, Tischtennis, Federball u.a.), wenn der Himmel mitspielt auch f\u00fcr Baden, Lagerfeuer und Nachtwanderung. Auch ist eine Exkursion zu dem Naturschutzgebiet Mei\u00dfendorfer Teiche\/Bannetzer Moor vorgesehen, einem beeindruckenden Gebiet mit &#8222;gesamtstaatlich repr\u00e4sentativer Bedeutung&#8220; f\u00fcr Natur und Landschaft.<\/p>\n<p>Besonders bew\u00e4hrt hat sich das Konzept, interessierte Oberstufensch\u00fcler mit der Betreuung von Sch\u00fclergruppen zu beauftragen, wobei den Biologie-Lehrern die fachliche Gesamtkonzeption und Supervision, den Klassenlehrern schwerpunktm\u00e4\u00dfig die sozialen Aufgaben zufallen. Klassen\u00fcbergreifendes und jahrgangsstufen\u00fcbergreifendes Miteinander wird hier an einem interessanten au\u00dferschulischen Lernort, bisher fast ausschlie\u00dflich mit sehr viel Freude, erlebt, gleichzeitig auch ein Verantwortungsbewusstsein f\u00fcr den Schutz der Natur gest\u00e4rkt.<\/p>\n<div align=\"right\">\n<\/div>\n<p>[:]<\/p>\n","protected":false},"excerpt":{"rendered":"<p>[:de]Seit \u00fcber 20 Jahren organisiert die Fachgruppe Biologie in Zusammenarbeit mit den beteiligten Klassenlehrern im Mai f\u00fcr alle 6. Klassen. Die Idee ist, in dieser reizvollen Jahreszeit durch gemeinsame sportliche <span class=\"excerpt-dots\">&hellip;<\/span> <a class=\"more-link\" href=\"https:\/\/wordpress.nibis.de\/gy-her\/umweltschule-seit-2015\/naturerlebnistage\/\"><span class=\"more-msg\">Weiterlesen &rarr;<\/span><\/a><\/p>\n","protected":false},"author":9192510,"featured_media":639,"parent":343,"menu_order":0,"comment_status":"closed","ping_status":"closed","template":"","meta":{"footnotes":""},"class_list":["post-637","page","type-page","status-publish","has-post-thumbnail","hentry"],"_links":{"self":[{"href":"https:\/\/wordpress.nibis.de\/gy-her\/wp-json\/wp\/v2\/pages\/637","targetHints":{"allow":["GET"]}}],"collection":[{"href":"https:\/\/wordpress.nibis.de\/gy-her\/wp-json\/wp\/v2\/pages"}],"about":[{"href":"https:\/\/wordpress.nibis.de\/gy-her\/wp-json\/wp\/v2\/types\/page"}],"author":[{"embeddable":true,"href":"https:\/\/wordpress.nibis.de\/gy-her\/wp-json\/wp\/v2\/users\/9192510"}],"replies":[{"embeddable":true,"href":"https:\/\/wordpress.nibis.de\/gy-her\/wp-json\/wp\/v2\/comments?post=637"}],"version-history":[{"count":7,"href":"https:\/\/wordpress.nibis.de\/gy-her\/wp-json\/wp\/v2\/pages\/637\/revisions"}],"predecessor-version":[{"id":7617,"href":"https:\/\/wordpress.nibis.de\/gy-her\/wp-json\/wp\/v2\/pages\/637\/revisions\/7617"}],"up":[{"embeddable":true,"href":"https:\/\/wordpress.nibis.de\/gy-her\/wp-json\/wp\/v2\/pages\/343"}],"wp:featuredmedia":[{"embeddable":true,"href":"https:\/\/wordpress.nibis.de\/gy-her\/wp-json\/wp\/v2\/media\/639"}],"wp:attachment":[{"href":"https:\/\/wordpress.nibis.de\/gy-her\/wp-json\/wp\/v2\/media?parent=637"}],"curies":[{"name":"wp","href":"https:\/\/api.w.org\/{rel}","templated":true}]}}