{"id":7531,"date":"2025-04-01T17:16:24","date_gmt":"2025-04-01T15:16:24","guid":{"rendered":"https:\/\/wordpress.nibis.de\/gy-her\/?page_id=7531"},"modified":"2026-02-25T08:46:17","modified_gmt":"2026-02-25T07:46:17","slug":"downloads","status":"publish","type":"page","link":"https:\/\/wordpress.nibis.de\/gy-her\/downloads\/","title":{"rendered":"Downloads"},"content":{"rendered":"\n<p>Hier finden Sie alle Informationen und Regelungen zur Einschulung am Christian &#8211; Gymnasium Hermannsburg. Der unterste Link ist das gesammelte Unterschriftenformular.<\/p>\n\n\n\n<hr class=\"wp-block-separator has-text-color has-vivid-cyan-blue-color has-css-opacity has-vivid-cyan-blue-background-color has-background aligncenter is-style-wide\" \/>\n\n\n\n<div class=\"wp-block-file\"><a id=\"wp-block-file--media-b85ba0b4-c7ae-440a-831f-56cc9fc981b6\" href=\"https:\/\/wordpress.nibis.de\/gy-her\/files\/2025\/04\/Begruessung-Neuzugaenge-Sj.25-26.pdf\" target=\"_blank\" rel=\"noreferrer noopener\">Begr\u00fc\u00dfung-Neuzug\u00e4nge-Sj.25-26<\/a><a href=\"https:\/\/wordpress.nibis.de\/gy-her\/files\/2025\/04\/Begruessung-Neuzugaenge-Sj.25-26.pdf\" class=\"wp-block-file__button wp-element-button\" download aria-describedby=\"wp-block-file--media-b85ba0b4-c7ae-440a-831f-56cc9fc981b6\">Herunterladen<\/a><\/div>\n\n\n\n<div class=\"wp-block-file\"><a id=\"wp-block-file--media-0db8f50a-253f-4554-99de-48a4ac6ef850\" href=\"https:\/\/wordpress.nibis.de\/gy-her\/files\/2026\/02\/INFORMATIONEN-ZUR-SCHULORGANISATION-Mai-2026.pdf\" target=\"_blank\" rel=\"noreferrer noopener\">Informationen zur Schulorganisation Mai 2026<\/a><a href=\"https:\/\/wordpress.nibis.de\/gy-her\/files\/2026\/02\/INFORMATIONEN-ZUR-SCHULORGANISATION-Mai-2026.pdf\" class=\"wp-block-file__button wp-element-button\" download aria-describedby=\"wp-block-file--media-0db8f50a-253f-4554-99de-48a4ac6ef850\">Herunterladen<\/a><\/div>\n\n\n\n<div class=\"wp-block-file\"><a id=\"wp-block-file--media-93d983a7-c4c5-4120-8e5e-2107073ab549\" href=\"https:\/\/wordpress.nibis.de\/gy-her\/files\/2025\/04\/Information-Gesundheitsamt-Stand-12.02.2025.pdf\" target=\"_blank\" rel=\"noreferrer noopener\">Information-Gesundheitsamt-Stand-12.02.2025<\/a><a href=\"https:\/\/wordpress.nibis.de\/gy-her\/files\/2025\/04\/Information-Gesundheitsamt-Stand-12.02.2025.pdf\" class=\"wp-block-file__button wp-element-button\" download aria-describedby=\"wp-block-file--media-93d983a7-c4c5-4120-8e5e-2107073ab549\">Herunterladen<\/a><\/div>\n\n\n\n<div class=\"wp-block-file\"><a id=\"wp-block-file--media-04529e7e-69e8-47c7-a137-dce91fe4a10b\" href=\"https:\/\/wordpress.nibis.de\/gy-her\/files\/2025\/04\/Materialiste-Kl_5_Sj-25-26.pdf\" target=\"_blank\" rel=\"noreferrer noopener\">Materialiste-Kl_5_Sj-25-26<\/a><a href=\"https:\/\/wordpress.nibis.de\/gy-her\/files\/2025\/04\/Materialiste-Kl_5_Sj-25-26.pdf\" class=\"wp-block-file__button wp-element-button\" download aria-describedby=\"wp-block-file--media-04529e7e-69e8-47c7-a137-dce91fe4a10b\">Herunterladen<\/a><\/div>\n\n\n\n<div class=\"wp-block-file\"><a id=\"wp-block-file--media-40f68b33-0a93-4a9f-9e50-0b00dae5672e\" href=\"https:\/\/wordpress.nibis.de\/gy-her\/files\/2025\/05\/Schulbuchlisten-25-265.pdf\">Schulbuchliste-25\/26 (5)<\/a><a href=\"https:\/\/wordpress.nibis.de\/gy-her\/files\/2025\/05\/Schulbuchlisten-25-265.pdf\" class=\"wp-block-file__button wp-element-button\" download aria-describedby=\"wp-block-file--media-40f68b33-0a93-4a9f-9e50-0b00dae5672e\">Herunterladen<\/a><\/div>\n\n\n\n<div class=\"wp-block-file\"><a id=\"wp-block-file--media-5cf7f6c4-92b4-4ba6-8db6-9bdfd21e99cd\" href=\"https:\/\/wordpress.nibis.de\/gy-her\/files\/2025\/04\/Materialiste-Kl_6_Sj-25-26.pdf\" target=\"_blank\" rel=\"noreferrer noopener\">Materialiste-Kl_6_Sj-25-26<\/a><a href=\"https:\/\/wordpress.nibis.de\/gy-her\/files\/2025\/04\/Materialiste-Kl_6_Sj-25-26.pdf\" class=\"wp-block-file__button wp-element-button\" download aria-describedby=\"wp-block-file--media-5cf7f6c4-92b4-4ba6-8db6-9bdfd21e99cd\">Herunterladen<\/a><\/div>\n\n\n\n<div class=\"wp-block-file\"><a id=\"wp-block-file--media-9f8346a1-938e-480c-be89-8b20ed535363\" href=\"https:\/\/wordpress.nibis.de\/gy-her\/files\/2025\/04\/Regelung-Handynutzung-Kl_5-6.pdf\" target=\"_blank\" rel=\"noreferrer noopener\">Regelung-Handynutzung-Kl_5-6<\/a><a href=\"https:\/\/wordpress.nibis.de\/gy-her\/files\/2025\/04\/Regelung-Handynutzung-Kl_5-6.pdf\" class=\"wp-block-file__button wp-element-button\" download aria-describedby=\"wp-block-file--media-9f8346a1-938e-480c-be89-8b20ed535363\">Herunterladen<\/a><\/div>\n\n\n\n<div class=\"wp-block-file\"><a id=\"wp-block-file--media-c8ed64d8-4017-4ee8-8eed-c6407a3042d4\" href=\"https:\/\/wordpress.nibis.de\/gy-her\/files\/2025\/04\/Elterninformation-LTP.pdf\" target=\"_blank\" rel=\"noreferrer noopener\">Elterninformation-LTP (Lerntechnik-praktisch)<\/a><a href=\"https:\/\/wordpress.nibis.de\/gy-her\/files\/2025\/04\/Elterninformation-LTP.pdf\" class=\"wp-block-file__button wp-element-button\" download aria-describedby=\"wp-block-file--media-c8ed64d8-4017-4ee8-8eed-c6407a3042d4\">Herunterladen<\/a><\/div>\n\n\n\n<div class=\"wp-block-file\"><a id=\"wp-block-file--media-2c7caeea-bcdc-46bc-8b71-c9050e462197\" href=\"https:\/\/wordpress.nibis.de\/gy-her\/files\/2025\/04\/Waffernerlass-gueltig-bis-2027.pdf\" target=\"_blank\" rel=\"noreferrer noopener\">Waffernerlass<\/a><a href=\"https:\/\/wordpress.nibis.de\/gy-her\/files\/2025\/04\/Waffernerlass-gueltig-bis-2027.pdf\" class=\"wp-block-file__button wp-element-button\" download aria-describedby=\"wp-block-file--media-2c7caeea-bcdc-46bc-8b71-c9050e462197\">Herunterladen<\/a><\/div>\n\n\n\n<div class=\"wp-block-file\"><a id=\"wp-block-file--media-86504222-3ffb-4bd8-8a7a-988dd0226e21\" href=\"https:\/\/wordpress.nibis.de\/gy-her\/files\/2025\/04\/Schulordnung-2014.pdf\" target=\"_blank\" rel=\"noreferrer noopener\">CGH-Schulordnung<\/a><a href=\"https:\/\/wordpress.nibis.de\/gy-her\/files\/2025\/04\/Schulordnung-2014.pdf\" class=\"wp-block-file__button wp-element-button\" download aria-describedby=\"wp-block-file--media-86504222-3ffb-4bd8-8a7a-988dd0226e21\">Herunterladen<\/a><\/div>\n\n\n\n<div class=\"wp-block-file\"><a id=\"wp-block-file--media-e1129986-0344-433c-9eb0-11d6b1a2f33a\" href=\"https:\/\/wordpress.nibis.de\/gy-her\/files\/2021\/06\/Nutzerordnung-9-2019.pdf\" target=\"_blank\" rel=\"noreferrer noopener\">IServ-Nutzerordnung-9-2019<\/a><a href=\"https:\/\/wordpress.nibis.de\/gy-her\/files\/2021\/06\/Nutzerordnung-9-2019.pdf\" class=\"wp-block-file__button wp-element-button\" download aria-describedby=\"wp-block-file--media-e1129986-0344-433c-9eb0-11d6b1a2f33a\">Herunterladen<\/a><\/div>\n\n\n\n<div class=\"wp-block-file\"><a id=\"wp-block-file--media-d2832441-c43e-470a-be93-e9235e42a1b1\" href=\"https:\/\/wordpress.nibis.de\/gy-her\/files\/2025\/05\/Eltern-Informationsblatt-DSGVO-4-2019.pdf\">Eltern-Informationsblatt-DSGVO<\/a><a href=\"https:\/\/wordpress.nibis.de\/gy-her\/files\/2025\/05\/Eltern-Informationsblatt-DSGVO-4-2019.pdf\" class=\"wp-block-file__button wp-element-button\" download aria-describedby=\"wp-block-file--media-d2832441-c43e-470a-be93-e9235e42a1b1\">Herunterladen<\/a><\/div>\n\n\n\n<div class=\"wp-block-file\"><a id=\"wp-block-file--media-60a6f32e-fe6d-4a4f-b6fa-d421dd7180c6\" href=\"https:\/\/wordpress.nibis.de\/gy-her\/files\/2025\/05\/Eltern-Informationsblatt-DSGVO-Anhang-4-2019.pdf\">Eltern-Informationsblatt-DSGVO-Anhang<\/a><a href=\"https:\/\/wordpress.nibis.de\/gy-her\/files\/2025\/05\/Eltern-Informationsblatt-DSGVO-Anhang-4-2019.pdf\" class=\"wp-block-file__button wp-element-button\" download aria-describedby=\"wp-block-file--media-60a6f32e-fe6d-4a4f-b6fa-d421dd7180c6\">Herunterladen<\/a><\/div>\n\n\n\n<div class=\"wp-block-file\"><a id=\"wp-block-file--media-81d0ec92-a397-4060-9e96-a13cd94921d2\" href=\"https:\/\/wordpress.nibis.de\/gy-her\/files\/2024\/11\/CGH-Videokonferenz-Nutzerordnung.pdf\" target=\"_blank\" rel=\"noreferrer noopener\">IServ-Videokonferenz-Nutzerordnung<\/a><a href=\"https:\/\/wordpress.nibis.de\/gy-her\/files\/2024\/11\/CGH-Videokonferenz-Nutzerordnung.pdf\" class=\"wp-block-file__button wp-element-button\" download aria-describedby=\"wp-block-file--media-81d0ec92-a397-4060-9e96-a13cd94921d2\">Herunterladen<\/a><\/div>\n\n\n\n<div class=\"wp-block-file\"><a id=\"wp-block-file--media-cc045f31-4311-4326-a22f-72fdc8e873c0\" href=\"https:\/\/wordpress.nibis.de\/gy-her\/files\/2025\/04\/Kenntnisnahmen-Unterschriften-Postmappe-2025.pdf\" target=\"_blank\" rel=\"noreferrer noopener\"><mark class=\"has-inline-color has-vivid-red-color\">Kenntnisnahmen-Unterschriften-Postmappe-2025<\/mark><\/a><a href=\"https:\/\/wordpress.nibis.de\/gy-her\/files\/2025\/04\/Kenntnisnahmen-Unterschriften-Postmappe-2025.pdf\" class=\"wp-block-file__button wp-element-button\" download aria-describedby=\"wp-block-file--media-cc045f31-4311-4326-a22f-72fdc8e873c0\">Herunterladen<\/a><\/div>\n\n\n\n<h2 class=\"wp-block-heading\">Angebote externer Anbieter:<br><\/h2>\n\n\n\n<div class=\"wp-block-file\"><a id=\"wp-block-file--media-aa56bb12-d3ea-4f80-aef9-c862fdd35020\" href=\"https:\/\/wordpress.nibis.de\/gy-her\/files\/2025\/06\/Vertrag_GFB-Catering-CGH.pdf\" target=\"_blank\" rel=\"noreferrer noopener\">Vertrag_GFB-Catering-CGH<\/a><a href=\"https:\/\/wordpress.nibis.de\/gy-her\/files\/2025\/06\/Vertrag_GFB-Catering-CGH.pdf\" class=\"wp-block-file__button wp-element-button\" download aria-describedby=\"wp-block-file--media-aa56bb12-d3ea-4f80-aef9-c862fdd35020\">Herunterladen<\/a><\/div>\n\n\n\n<div class=\"wp-block-file\"><a id=\"wp-block-file--media-341c6925-35d7-4ac4-9ebf-702cb002e034\" href=\"https:\/\/wordpress.nibis.de\/gy-her\/files\/2025\/05\/astra-direct-Anmeldung-Schliessfach.pdf\">Anmeldung-Schliessfach -astra-direct<\/a><a href=\"https:\/\/wordpress.nibis.de\/gy-her\/files\/2025\/05\/astra-direct-Anmeldung-Schliessfach.pdf\" class=\"wp-block-file__button wp-element-button\" download aria-describedby=\"wp-block-file--media-341c6925-35d7-4ac4-9ebf-702cb002e034\">Herunterladen<\/a><\/div>\n\n\n\n<div class=\"wp-block-file\"><a id=\"wp-block-file--media-d361fcaa-f646-4837-ac5a-3b0a8c1366a0\" href=\"https:\/\/wordpress.nibis.de\/gy-her\/files\/2026\/02\/astra-direct-Anmeldung-Schliessfach.pdf\">astra direct Anmeldung Schlie\u00dffach<\/a><a href=\"https:\/\/wordpress.nibis.de\/gy-her\/files\/2026\/02\/astra-direct-Anmeldung-Schliessfach.pdf\" class=\"wp-block-file__button wp-element-button\" download aria-describedby=\"wp-block-file--media-d361fcaa-f646-4837-ac5a-3b0a8c1366a0\">Herunterladen<\/a><\/div>\n\n\n\n\n\n<hr class=\"wp-block-separator has-text-color has-pale-cyan-blue-color has-css-opacity has-pale-cyan-blue-background-color has-background is-style-wide\" \/>\n","protected":false},"excerpt":{"rendered":"<p>Hier finden Sie alle Informationen und Regelungen zur Einschulung am Christian &#8211; Gymnasium Hermannsburg. Der unterste Link ist das gesammelte Unterschriftenformular. Angebote externer Anbieter:<\/p>\n <a class=\"more-link\" href=\"https:\/\/wordpress.nibis.de\/gy-her\/downloads\/\"><span class=\"more-msg\">Weiterlesen &rarr;<\/span><\/a>","protected":false},"author":9192510,"featured_media":0,"parent":0,"menu_order":0,"comment_status":"closed","ping_status":"closed","template":"","meta":{"footnotes":""},"class_list":["post-7531","page","type-page","status-publish","hentry"],"_links":{"self":[{"href":"https:\/\/wordpress.nibis.de\/gy-her\/wp-json\/wp\/v2\/pages\/7531","targetHints":{"allow":["GET"]}}],"collection":[{"href":"https:\/\/wordpress.nibis.de\/gy-her\/wp-json\/wp\/v2\/pages"}],"about":[{"href":"https:\/\/wordpress.nibis.de\/gy-her\/wp-json\/wp\/v2\/types\/page"}],"author":[{"embeddable":true,"href":"https:\/\/wordpress.nibis.de\/gy-her\/wp-json\/wp\/v2\/users\/9192510"}],"replies":[{"embeddable":true,"href":"https:\/\/wordpress.nibis.de\/gy-her\/wp-json\/wp\/v2\/comments?post=7531"}],"version-history":[{"count":12,"href":"https:\/\/wordpress.nibis.de\/gy-her\/wp-json\/wp\/v2\/pages\/7531\/revisions"}],"predecessor-version":[{"id":9164,"href":"https:\/\/wordpress.nibis.de\/gy-her\/wp-json\/wp\/v2\/pages\/7531\/revisions\/9164"}],"wp:attachment":[{"href":"https:\/\/wordpress.nibis.de\/gy-her\/wp-json\/wp\/v2\/media?parent=7531"}],"curies":[{"name":"wp","href":"https:\/\/api.w.org\/{rel}","templated":true}]}}