{"id":7645,"date":"2025-05-08T18:57:26","date_gmt":"2025-05-08T16:57:26","guid":{"rendered":"https:\/\/wordpress.nibis.de\/gy-her\/?page_id=7645"},"modified":"2025-06-26T20:35:58","modified_gmt":"2025-06-26T18:35:58","slug":"schulbuchlisten-sj-25-26","status":"publish","type":"page","link":"https:\/\/wordpress.nibis.de\/gy-her\/schulbuchlisten-sj-25-26\/","title":{"rendered":"Schulbuchlisten Sj. 25\/26"},"content":{"rendered":"\n<p>[:de]Wenn Sie nicht an der entgeltlichen Schulbuchausleihe teilnehmen, k\u00f6nnen Sie sich hier \u00fcber anzuschaffende B\u00fccher und Arbeitsmaterialien informieren. Bitte beachten Sie eventuelle Aktualisierungen, sofern diese auf der Liste angek\u00fcndigt sind.<\/p>\n\n\n\n<p>Die B\u00fccherlisten der Jahrg\u00e4nge 5 bis 13 wurden am 08.05.2025 aktualisiert.<\/p>\n\n\n\n<p>5. Klassen (<a href=\"https:\/\/wordpress.nibis.de\/gy-her\/files\/2025\/05\/Schulbuchlisten-25-265.pdf\">Download-pdf<\/a> )<\/p>\n\n\n\n<p>6. Klassen (<a href=\"https:\/\/wordpress.nibis.de\/gy-her\/files\/2025\/05\/Schulbuchlisten-25-266.pdf\">Download-pdf<\/a> )<\/p>\n\n\n\n<p>7. Klassen (<a href=\"https:\/\/wordpress.nibis.de\/gy-her\/files\/2025\/05\/Schulbuchlisten-25-267.pdf\">Download-pdf<\/a> )<\/p>\n\n\n\n<p>8. Klassen (<a href=\"https:\/\/wordpress.nibis.de\/gy-her\/files\/2025\/05\/Schulbuchlisten-25-268.pdf\">Download-pdf<\/a>)<\/p>\n\n\n\n<p>9. Klassen (<a href=\"https:\/\/wordpress.nibis.de\/gy-her\/files\/2025\/05\/Schulbuchlisten-25-269.pdf\">Download-pdf<\/a> )<br>Zusatzinformationen Kl. 9 (<a href=\"https:\/\/wordpress.nibis.de\/gy-her\/files\/2025\/06\/Zusatzinformation-Jahrgang-9-und-10.pdf\" target=\"_blank\" rel=\"noreferrer noopener\">Download.pdf<\/a>)<\/p>\n\n\n\n<p>10. Klassen (<a href=\"https:\/\/wordpress.nibis.de\/gy-her\/files\/2025\/05\/Schulbuchlisten-25-2610.pdf\">Download-pdf<\/a> )<br>Zusatzinformationen Kl. 10 (<a href=\"https:\/\/wordpress.nibis.de\/gy-her\/files\/2025\/06\/Zusatzinformation-Jahrgang-9-und-10.pdf\" target=\"_blank\" rel=\"noreferrer noopener\">Download.pdf<\/a>)<\/p>\n\n\n\n<p>11. Jahrgang (<a href=\"https:\/\/wordpress.nibis.de\/gy-her\/files\/2025\/05\/Schulbuchlisten-25-2611.pdf\">Download-pdf<\/a> )<\/p>\n\n\n\n<p>12. Jahrgang (<a href=\"https:\/\/wordpress.nibis.de\/gy-her\/files\/2025\/05\/Schulbuchlisten-25-2612.pdf\">Download-pdf<\/a> )<\/p>\n\n\n\n<p> 13. Jahrgang (<a href=\"https:\/\/wordpress.nibis.de\/gy-her\/files\/2025\/05\/Schulbuchlisten-25-2613.pdf\">Download-pdf<\/a> ) <br><\/p>\n","protected":false},"excerpt":{"rendered":"<p>[:de]Wenn Sie nicht an der entgeltlichen Schulbuchausleihe teilnehmen, k\u00f6nnen Sie sich hier \u00fcber anzuschaffende B\u00fccher und Arbeitsmaterialien informieren. Bitte beachten Sie eventuelle Aktualisierungen, sofern diese auf der Liste angek\u00fcndigt sind. <span class=\"excerpt-dots\">&hellip;<\/span> <a class=\"more-link\" href=\"https:\/\/wordpress.nibis.de\/gy-her\/schulbuchlisten-sj-25-26\/\"><span class=\"more-msg\">Weiterlesen &rarr;<\/span><\/a><\/p>\n","protected":false},"author":9192510,"featured_media":0,"parent":0,"menu_order":0,"comment_status":"closed","ping_status":"closed","template":"","meta":{"footnotes":""},"class_list":["post-7645","page","type-page","status-publish","hentry"],"_links":{"self":[{"href":"https:\/\/wordpress.nibis.de\/gy-her\/wp-json\/wp\/v2\/pages\/7645","targetHints":{"allow":["GET"]}}],"collection":[{"href":"https:\/\/wordpress.nibis.de\/gy-her\/wp-json\/wp\/v2\/pages"}],"about":[{"href":"https:\/\/wordpress.nibis.de\/gy-her\/wp-json\/wp\/v2\/types\/page"}],"author":[{"embeddable":true,"href":"https:\/\/wordpress.nibis.de\/gy-her\/wp-json\/wp\/v2\/users\/9192510"}],"replies":[{"embeddable":true,"href":"https:\/\/wordpress.nibis.de\/gy-her\/wp-json\/wp\/v2\/comments?post=7645"}],"version-history":[{"count":4,"href":"https:\/\/wordpress.nibis.de\/gy-her\/wp-json\/wp\/v2\/pages\/7645\/revisions"}],"predecessor-version":[{"id":7810,"href":"https:\/\/wordpress.nibis.de\/gy-her\/wp-json\/wp\/v2\/pages\/7645\/revisions\/7810"}],"wp:attachment":[{"href":"https:\/\/wordpress.nibis.de\/gy-her\/wp-json\/wp\/v2\/media?parent=7645"}],"curies":[{"name":"wp","href":"https:\/\/api.w.org\/{rel}","templated":true}]}}