{"id":9642,"date":"2026-04-16T12:49:15","date_gmt":"2026-04-16T10:49:15","guid":{"rendered":"https:\/\/wordpress.nibis.de\/gy-her\/?page_id=9642"},"modified":"2026-04-16T17:05:06","modified_gmt":"2026-04-16T15:05:06","slug":"schulbuchlisten-sj-26-27","status":"publish","type":"page","link":"https:\/\/wordpress.nibis.de\/gy-her\/schulbuchlisten-sj-26-27\/","title":{"rendered":"Schulbuchlisten Sj. 26\/27"},"content":{"rendered":"\n<p>Wenn Sie nicht an der entgeltlichen Schulbuchausleihe teilnehmen, k\u00f6nnen Sie sich hier \u00fcber anzuschaffende B\u00fccher und Arbeitsmaterialien informieren. Bitte beachten Sie eventuelle Aktualisierungen, sofern diese auf der Liste angek\u00fcndigt sind.<\/p>\n<p>Die B\u00fccherlisten der Jahrg\u00e4nge 5 bis 13 wurden am 16.04.2026 aktualisiert.<\/p>\n\n\n\n\n\n<div class=\"wp-block-file\"><a id=\"wp-block-file--media-2e93a2d4-1147-4137-8505-ef066574fb37\" href=\"https:\/\/wordpress.nibis.de\/gy-her\/files\/2026\/04\/Schulbuchlisten-2627-5.pdf\" target=\"_blank\" rel=\"noreferrer noopener\">Schulbuchliste Klasse 5<\/a><a href=\"https:\/\/wordpress.nibis.de\/gy-her\/files\/2026\/04\/Schulbuchlisten-2627-5.pdf\" class=\"wp-block-file__button wp-element-button\" download aria-describedby=\"wp-block-file--media-2e93a2d4-1147-4137-8505-ef066574fb37\">Herunterladen<\/a><\/div>\n\n\n\n<div class=\"wp-block-file\"><a id=\"wp-block-file--media-27ff8be4-d08f-442a-8a50-8a908a62b884\" href=\"https:\/\/wordpress.nibis.de\/gy-her\/files\/2026\/04\/Schulbuchlisten-2627-6.pdf\" target=\"_blank\" rel=\"noreferrer noopener\">Schulbuchlisten-2627-6<\/a><a href=\"https:\/\/wordpress.nibis.de\/gy-her\/files\/2026\/04\/Schulbuchlisten-2627-6.pdf\" class=\"wp-block-file__button wp-element-button\" download aria-describedby=\"wp-block-file--media-27ff8be4-d08f-442a-8a50-8a908a62b884\">Herunterladen<\/a><\/div>\n\n\n\n<div class=\"wp-block-file\"><a id=\"wp-block-file--media-02f04e9d-8b8a-4310-9b6a-e75c05841e50\" href=\"https:\/\/wordpress.nibis.de\/gy-her\/files\/2026\/04\/Schulbuchlisten-2627-7.pdf\" target=\"_blank\" rel=\"noreferrer noopener\">Schulbuchlisten-2627-7<\/a><a href=\"https:\/\/wordpress.nibis.de\/gy-her\/files\/2026\/04\/Schulbuchlisten-2627-7.pdf\" class=\"wp-block-file__button wp-element-button\" download aria-describedby=\"wp-block-file--media-02f04e9d-8b8a-4310-9b6a-e75c05841e50\">Herunterladen<\/a><\/div>\n\n\n\n<div class=\"wp-block-file\"><a id=\"wp-block-file--media-537e5375-01c9-4027-b343-e4f3793b3c48\" href=\"https:\/\/wordpress.nibis.de\/gy-her\/files\/2026\/04\/Schulbuchlisten-2627-8.pdf\" target=\"_blank\" rel=\"noreferrer noopener\">Schulbuchlisten-2627-8<\/a><a href=\"https:\/\/wordpress.nibis.de\/gy-her\/files\/2026\/04\/Schulbuchlisten-2627-8.pdf\" class=\"wp-block-file__button wp-element-button\" download aria-describedby=\"wp-block-file--media-537e5375-01c9-4027-b343-e4f3793b3c48\">Herunterladen<\/a><\/div>\n\n\n\n<div class=\"wp-block-file\"><a id=\"wp-block-file--media-c76d3304-5e69-4604-ac29-cdf471de38e7\" href=\"https:\/\/wordpress.nibis.de\/gy-her\/files\/2026\/04\/Schulbuchlisten-2627-9.pdf\" target=\"_blank\" rel=\"noreferrer noopener\">Schulbuchlisten-2627-9<\/a><a href=\"https:\/\/wordpress.nibis.de\/gy-her\/files\/2026\/04\/Schulbuchlisten-2627-9.pdf\" class=\"wp-block-file__button wp-element-button\" download aria-describedby=\"wp-block-file--media-c76d3304-5e69-4604-ac29-cdf471de38e7\">Herunterladen<\/a><\/div>\n\n\n\n<div class=\"wp-block-file\"><a id=\"wp-block-file--media-96616041-229c-4b4e-ac72-bb6246f1292f\" href=\"https:\/\/wordpress.nibis.de\/gy-her\/files\/2026\/04\/Schulbuchlisten-2627-10.pdf\" target=\"_blank\" rel=\"noreferrer noopener\">Schulbuchlisten-2627-10<\/a><a href=\"https:\/\/wordpress.nibis.de\/gy-her\/files\/2026\/04\/Schulbuchlisten-2627-10.pdf\" class=\"wp-block-file__button wp-element-button\" download aria-describedby=\"wp-block-file--media-96616041-229c-4b4e-ac72-bb6246f1292f\">Herunterladen<\/a><\/div>\n\n\n\n<div class=\"wp-block-file\"><a id=\"wp-block-file--media-3b27da0d-8714-4d37-a12f-f43406653178\" href=\"https:\/\/wordpress.nibis.de\/gy-her\/files\/2026\/04\/Schulbuchlisten-2627-11.pdf\" target=\"_blank\" rel=\"noreferrer noopener\">Schulbuchlisten-2627-11<\/a><a href=\"https:\/\/wordpress.nibis.de\/gy-her\/files\/2026\/04\/Schulbuchlisten-2627-11.pdf\" class=\"wp-block-file__button wp-element-button\" download aria-describedby=\"wp-block-file--media-3b27da0d-8714-4d37-a12f-f43406653178\">Herunterladen<\/a><\/div>\n\n\n\n<div class=\"wp-block-file\"><a id=\"wp-block-file--media-bc341e68-036b-4c85-ba4e-7a379a57fdd4\" href=\"https:\/\/wordpress.nibis.de\/gy-her\/files\/2026\/04\/Schulbuchlisten-2627-12.pdf\" target=\"_blank\" rel=\"noreferrer noopener\">Schulbuchlisten-2627-12<\/a><a href=\"https:\/\/wordpress.nibis.de\/gy-her\/files\/2026\/04\/Schulbuchlisten-2627-12.pdf\" class=\"wp-block-file__button wp-element-button\" download aria-describedby=\"wp-block-file--media-bc341e68-036b-4c85-ba4e-7a379a57fdd4\">Herunterladen<\/a><\/div>\n\n\n\n<div class=\"wp-block-file\"><a id=\"wp-block-file--media-e53f07b6-0cff-45bd-9eaa-7c43a132183f\" href=\"https:\/\/wordpress.nibis.de\/gy-her\/files\/2026\/04\/Schulbuchlisten-2627-13.pdf\" target=\"_blank\" rel=\"noreferrer noopener\">Schulbuchlisten-2627-13<\/a><a href=\"https:\/\/wordpress.nibis.de\/gy-her\/files\/2026\/04\/Schulbuchlisten-2627-13.pdf\" class=\"wp-block-file__button wp-element-button\" download aria-describedby=\"wp-block-file--media-e53f07b6-0cff-45bd-9eaa-7c43a132183f\">Herunterladen<\/a><\/div>\n\n\n","protected":false},"excerpt":{"rendered":"<p>Wenn Sie nicht an der entgeltlichen Schulbuchausleihe teilnehmen, k\u00f6nnen Sie sich hier \u00fcber anzuschaffende B\u00fccher und Arbeitsmaterialien informieren. Bitte beachten Sie eventuelle Aktualisierungen, sofern diese auf der Liste angek\u00fcndigt sind. <span class=\"excerpt-dots\">&hellip;<\/span> <a class=\"more-link\" href=\"https:\/\/wordpress.nibis.de\/gy-her\/schulbuchlisten-sj-26-27\/\"><span class=\"more-msg\">Weiterlesen &rarr;<\/span><\/a><\/p>\n","protected":false},"author":9192510,"featured_media":0,"parent":0,"menu_order":0,"comment_status":"closed","ping_status":"closed","template":"","meta":{"footnotes":""},"class_list":["post-9642","page","type-page","status-publish","hentry"],"_links":{"self":[{"href":"https:\/\/wordpress.nibis.de\/gy-her\/wp-json\/wp\/v2\/pages\/9642","targetHints":{"allow":["GET"]}}],"collection":[{"href":"https:\/\/wordpress.nibis.de\/gy-her\/wp-json\/wp\/v2\/pages"}],"about":[{"href":"https:\/\/wordpress.nibis.de\/gy-her\/wp-json\/wp\/v2\/types\/page"}],"author":[{"embeddable":true,"href":"https:\/\/wordpress.nibis.de\/gy-her\/wp-json\/wp\/v2\/users\/9192510"}],"replies":[{"embeddable":true,"href":"https:\/\/wordpress.nibis.de\/gy-her\/wp-json\/wp\/v2\/comments?post=9642"}],"version-history":[{"count":2,"href":"https:\/\/wordpress.nibis.de\/gy-her\/wp-json\/wp\/v2\/pages\/9642\/revisions"}],"predecessor-version":[{"id":9664,"href":"https:\/\/wordpress.nibis.de\/gy-her\/wp-json\/wp\/v2\/pages\/9642\/revisions\/9664"}],"wp:attachment":[{"href":"https:\/\/wordpress.nibis.de\/gy-her\/wp-json\/wp\/v2\/media?parent=9642"}],"curies":[{"name":"wp","href":"https:\/\/api.w.org\/{rel}","templated":true}]}}