{"id":32,"date":"2019-03-13T12:09:37","date_gmt":"2019-03-13T11:09:37","guid":{"rendered":"https:\/\/wordpress.nibis.de\/gymdamme\/?page_id=32"},"modified":"2019-06-07T17:24:07","modified_gmt":"2019-06-07T15:24:07","slug":"ankommen-am-gymnasium","status":"publish","type":"page","link":"https:\/\/wordpress.nibis.de\/gymdamme\/ankommen-am-gymnasium\/","title":{"rendered":"Ankommen am Gymnasium"},"content":{"rendered":"\n<p><strong>Ein Podcast des WPU Deutsch in Zusammenarbeit mit der Klasse 5f (2018\/19)<\/strong><\/p>\n<p>Gro\u00df fragt Klein: Die WPU-Kursteilnehmer (Jahrgang 8) wollten es ganz genau wissen und haben ein Jahr lang die Klasse 5f mit dem Mikrofon begleitet:<\/p>\n<blockquote>\n<p>&#8222;Wie gef\u00e4llt es euch an der neuen Schule? Wer oder was hilft beim Eingew\u00f6hnen? Was sind eure Sorgen und was macht euch Spa\u00df?&#8220;<\/p>\n<\/blockquote>\n<p>In <strong><span style=\"color: #000000\">Folge 1<\/span><\/strong> werden die F\u00fcnftkl\u00e4ssler nach ihren ersten Eindr\u00fccken befragt.<\/p>\n<p><iframe loading=\"lazy\" title=\"1 erste Eindr\u00fccke\" width=\"640\" height=\"360\" src=\"https:\/\/www.youtube.com\/embed\/u6N0nUdgkg8?feature=oembed\" frameborder=\"0\" allow=\"accelerometer; autoplay; clipboard-write; encrypted-media; gyroscope; picture-in-picture; web-share\" referrerpolicy=\"strict-origin-when-cross-origin\" allowfullscreen><\/iframe><\/p>\n<p>Die Aufregung der ersten Tage ist vorbei. Die Klasse 5f lebt sich langsam ein. Eine erste Klassenfahrt wurde auch schon gemacht. <strong>Folge 2<\/strong> fasst die ersten Wochen an der neuen Schule zusammen.<br \/><div class=\"epyt-video-wrapper\"><iframe loading=\"lazy\"  id=\"_ytid_10245\"  width=\"640\" height=\"360\"  data-origwidth=\"640\" data-origheight=\"360\" src=\"https:\/\/www.youtube.com\/embed\/WB6tSWNiNLw?enablejsapi=1&autoplay=0&cc_load_policy=0&cc_lang_pref=&iv_load_policy=1&loop=0&rel=0&fs=1&playsinline=0&autohide=2&theme=dark&color=red&controls=1&disablekb=0&\" class=\"__youtube_prefs__  no-lazyload\" title=\"YouTube player\"  allow=\"fullscreen; accelerometer; autoplay; clipboard-write; encrypted-media; gyroscope; picture-in-picture; web-share\" referrerpolicy=\"strict-origin-when-cross-origin\" allowfullscreen data-no-lazy=\"1\" data-skipgform_ajax_framebjll=\"\"><\/iframe><\/div><\/p>\n<p>In F<strong>olge 3<\/strong> h\u00f6rt Ihr die Ergebnisse einer Umfrage zum Thema &#8222;Was gef\u00e4llt euch am Gymnasium Damme?&#8220;, die in der Klasse 5f durchgef\u00fchrt wurde.<br \/><div class=\"epyt-video-wrapper\"><iframe loading=\"lazy\"  id=\"_ytid_20028\"  width=\"640\" height=\"360\"  data-origwidth=\"640\" data-origheight=\"360\" src=\"https:\/\/www.youtube.com\/embed\/yCXZrtJJcks?enablejsapi=1&autoplay=0&cc_load_policy=0&cc_lang_pref=&iv_load_policy=1&loop=0&rel=0&fs=1&playsinline=0&autohide=2&theme=dark&color=red&controls=1&disablekb=0&\" class=\"__youtube_prefs__  no-lazyload\" title=\"YouTube player\"  allow=\"fullscreen; accelerometer; autoplay; clipboard-write; encrypted-media; gyroscope; picture-in-picture; web-share\" referrerpolicy=\"strict-origin-when-cross-origin\" allowfullscreen data-no-lazy=\"1\" data-skipgform_ajax_framebjll=\"\"><\/iframe><\/div><\/p>\n<p>Unterst\u00fctzung f\u00fcr die Kleinen: Der Audiobeitrag in <strong>Folge 4<\/strong> berichtet \u00fcber die Paten am Gymnasium Damme.<br \/><div class=\"epyt-video-wrapper\"><iframe loading=\"lazy\"  id=\"_ytid_90056\"  width=\"640\" height=\"360\"  data-origwidth=\"640\" data-origheight=\"360\" src=\"https:\/\/www.youtube.com\/embed\/JcaKjf3UCoA?enablejsapi=1&autoplay=0&cc_load_policy=0&cc_lang_pref=&iv_load_policy=1&loop=0&rel=0&fs=1&playsinline=0&autohide=2&theme=dark&color=red&controls=1&disablekb=0&\" class=\"__youtube_prefs__  no-lazyload\" title=\"YouTube player\"  allow=\"fullscreen; accelerometer; autoplay; clipboard-write; encrypted-media; gyroscope; picture-in-picture; web-share\" referrerpolicy=\"strict-origin-when-cross-origin\" allowfullscreen data-no-lazy=\"1\" data-skipgform_ajax_framebjll=\"\"><\/iframe><\/div><\/p>\n<p>Im Interview mit dem WPU Journalismus (<strong>Folge 5<\/strong>) erz\u00e4hlt die Klassenlehrerin der 5f, Frau Suerkamp, von ihren Eindr\u00fccken.<br \/><div class=\"epyt-video-wrapper\"><iframe loading=\"lazy\"  id=\"_ytid_66411\"  width=\"640\" height=\"360\"  data-origwidth=\"640\" data-origheight=\"360\" src=\"https:\/\/www.youtube.com\/embed\/lUlcKhHv-BE?enablejsapi=1&autoplay=0&cc_load_policy=0&cc_lang_pref=&iv_load_policy=1&loop=0&rel=0&fs=1&playsinline=0&autohide=2&theme=dark&color=red&controls=1&disablekb=0&\" class=\"__youtube_prefs__  no-lazyload\" title=\"YouTube player\"  allow=\"fullscreen; accelerometer; autoplay; clipboard-write; encrypted-media; gyroscope; picture-in-picture; web-share\" referrerpolicy=\"strict-origin-when-cross-origin\" allowfullscreen data-no-lazy=\"1\" data-skipgform_ajax_framebjll=\"\"><\/iframe><\/div><br \/><br \/>Die Klasse 5f hat ihre ersten Erfahrungen am Gymnasium gesammelt. <strong>Folge 6<\/strong> fasst ihre Tipps f\u00fcr Grundsch\u00fcler, die demn\u00e4chst aufs Gymnasium wechseln, zusammen.<br \/><div class=\"epyt-video-wrapper\"><iframe loading=\"lazy\"  id=\"_ytid_53884\"  width=\"640\" height=\"360\"  data-origwidth=\"640\" data-origheight=\"360\" src=\"https:\/\/www.youtube.com\/embed\/dIFWM9RblJo?enablejsapi=1&autoplay=0&cc_load_policy=0&cc_lang_pref=&iv_load_policy=1&loop=0&rel=0&fs=1&playsinline=0&autohide=2&theme=dark&color=red&controls=1&disablekb=0&\" class=\"__youtube_prefs__  no-lazyload\" title=\"YouTube player\"  allow=\"fullscreen; accelerometer; autoplay; clipboard-write; encrypted-media; gyroscope; picture-in-picture; web-share\" referrerpolicy=\"strict-origin-when-cross-origin\" allowfullscreen data-no-lazy=\"1\" data-skipgform_ajax_framebjll=\"\"><\/iframe><\/div><\/p>\n<p><br \/>Die F\u00fcnftkl\u00e4ssler schauen in <strong>Folge 7<\/strong> zur\u00fcck. Sie reflektieren ihr erstes Jahr am Gymnasium und bewerten das Podcast-Projekt.<br \/><div class=\"epyt-video-wrapper\"><iframe loading=\"lazy\"  id=\"_ytid_49241\"  width=\"640\" height=\"360\"  data-origwidth=\"640\" data-origheight=\"360\" src=\"https:\/\/www.youtube.com\/embed\/nyU2OFi0Y6Y?enablejsapi=1&autoplay=0&cc_load_policy=0&cc_lang_pref=&iv_load_policy=1&loop=0&rel=0&fs=1&playsinline=0&autohide=2&theme=dark&color=red&controls=1&disablekb=0&\" class=\"__youtube_prefs__  no-lazyload\" title=\"YouTube player\"  allow=\"fullscreen; accelerometer; autoplay; clipboard-write; encrypted-media; gyroscope; picture-in-picture; web-share\" referrerpolicy=\"strict-origin-when-cross-origin\" allowfullscreen data-no-lazy=\"1\" data-skipgform_ajax_framebjll=\"\"><\/iframe><\/div><\/p>\n<p><br \/>Und was haben WIR bei dem Projekt gelernt? In der letzten <strong>Folge 8 <\/strong>berichten wir WPU-Kursteilnehmer von unseren Erfahrungen.<br \/><div class=\"epyt-video-wrapper\"><iframe loading=\"lazy\"  id=\"_ytid_46543\"  width=\"640\" height=\"360\"  data-origwidth=\"640\" data-origheight=\"360\" src=\"https:\/\/www.youtube.com\/embed\/SLi3zAVpUNg?enablejsapi=1&autoplay=0&cc_load_policy=0&cc_lang_pref=&iv_load_policy=1&loop=0&rel=0&fs=1&playsinline=0&autohide=2&theme=dark&color=red&controls=1&disablekb=0&\" class=\"__youtube_prefs__  no-lazyload\" title=\"YouTube player\"  allow=\"fullscreen; accelerometer; autoplay; clipboard-write; encrypted-media; gyroscope; picture-in-picture; web-share\" referrerpolicy=\"strict-origin-when-cross-origin\" allowfullscreen data-no-lazy=\"1\" data-skipgform_ajax_framebjll=\"\"><\/iframe><\/div><\/p>\n<p>\u00a0<\/p>\n","protected":false},"excerpt":{"rendered":"<p>Ein Podcast des WPU Deutsch in Zusammenarbeit mit der Klasse 5f (2018\/19) Gro\u00df fragt Klein: Die WPU-Kursteilnehmer (Jahrgang 8) wollten es ganz genau wissen und haben ein Jahr lang die Klasse 5f mit dem Mikrofon begleitet: &#8222;Wie gef\u00e4llt es euch &hellip; <a href=\"https:\/\/wordpress.nibis.de\/gymdamme\/ankommen-am-gymnasium\/\">Weiterlesen <span class=\"meta-nav\">&rarr;<\/span><\/a><\/p>\n","protected":false},"author":9192822,"featured_media":0,"parent":0,"menu_order":0,"comment_status":"closed","ping_status":"closed","template":"","meta":{"footnotes":""},"class_list":["post-32","page","type-page","status-publish","hentry"],"_links":{"self":[{"href":"https:\/\/wordpress.nibis.de\/gymdamme\/wp-json\/wp\/v2\/pages\/32","targetHints":{"allow":["GET"]}}],"collection":[{"href":"https:\/\/wordpress.nibis.de\/gymdamme\/wp-json\/wp\/v2\/pages"}],"about":[{"href":"https:\/\/wordpress.nibis.de\/gymdamme\/wp-json\/wp\/v2\/types\/page"}],"author":[{"embeddable":true,"href":"https:\/\/wordpress.nibis.de\/gymdamme\/wp-json\/wp\/v2\/users\/9192822"}],"replies":[{"embeddable":true,"href":"https:\/\/wordpress.nibis.de\/gymdamme\/wp-json\/wp\/v2\/comments?post=32"}],"version-history":[{"count":17,"href":"https:\/\/wordpress.nibis.de\/gymdamme\/wp-json\/wp\/v2\/pages\/32\/revisions"}],"predecessor-version":[{"id":145,"href":"https:\/\/wordpress.nibis.de\/gymdamme\/wp-json\/wp\/v2\/pages\/32\/revisions\/145"}],"wp:attachment":[{"href":"https:\/\/wordpress.nibis.de\/gymdamme\/wp-json\/wp\/v2\/media?parent=32"}],"curies":[{"name":"wp","href":"https:\/\/api.w.org\/{rel}","templated":true}]}}