{"id":870,"date":"2023-04-16T08:18:36","date_gmt":"2023-04-16T06:18:36","guid":{"rendered":"https:\/\/wordpress.nibis.de\/gymdamme\/?page_id=870"},"modified":"2023-04-16T08:18:36","modified_gmt":"2023-04-16T06:18:36","slug":"interview-mit-anne-rinklake-buchhandlung-im-alten-rathaus","status":"publish","type":"page","link":"https:\/\/wordpress.nibis.de\/gymdamme\/interview-mit-anne-rinklake-buchhandlung-im-alten-rathaus\/","title":{"rendered":"Interview mit Anne Rinklake, Buchhandlung im Alten Rathaus"},"content":{"rendered":"<p><em>Mist, vergessen, die Lekt\u00fcre f\u00fcr Deutsch zu besorgen!<\/em> Eine allt\u00e4gliche Situation bei uns Sch\u00fclern im Gymnasium Damme, die nicht selten zu einem schnellen Klick bei Amazon f\u00fchrt. Dabei kosten die B\u00fccher wegen der Buchpreisbindung in Deutschland \u00fcberall gleich viel. Sollten wir da nicht lieber den H\u00e4ndler im Ort unterst\u00fctzen? Am 9. M\u00e4rz 2023 hatten wir die Gelegenheit, mit der Buchh\u00e4ndlerin Anne Rinklake aus Damme dar\u00fcber zu sprechen.<\/p>\n<p><strong>WPU Jg.9:<\/strong> Sie haben als Buchh\u00e4ndlerin in Bremen einen interessanten Versuch gestartet\u2026<\/p>\n<p><strong>Anne Rinklake: <\/strong>Genau, ich bin nach Bremen gefahren und habe mich als Kundin ausgegeben, die sich erst beraten l\u00e4sst und dann behauptet, dass sie das Buch online bestellt. Der erste Buchh\u00e4ndler sagte: \u201eAch das ist mir doch egal, wo sie bestellen.\u201c Der zweite sagte: \u201eSie sind aber ganz sch\u00f6n frech.\u201c Und die dritte Verk\u00e4uferin meinte, ich k\u00f6nne ja machen was ich wollte. Das war in einer Filiale einer gro\u00dfen Buchhandelskette. Da arbeiten Menschen, denen das eigentlich egal ist, weil es kein familiengef\u00fchrtes Unternehmen ist. Ich war auch noch in sechs kleinen inhabergef\u00fchrten Buchhandlungen und bin dort ins Gespr\u00e4ch gekommen. Das Problem kennen die anderen Buchhandlungen n\u00e4mlich auch.<\/p>\n<p><strong>WPU Jg.9:<\/strong> Wie reagieren Sie in ihrer Buchhandlung, wenn Sie mitbekommen, dass ein Kunde nur Beratung abgreift und dann online dieses Buch kauft?<\/p>\n<p><strong>Anne Rinklake: <\/strong>Immer bekommen wir das nat\u00fcrlich nicht mit. Aber ich kann das grunds\u00e4tzlich nicht gut haben, wenn ich einfach so benutzt werde.<\/p>\n<p><strong>WPU Jg.9:<\/strong> Was ist das Besondere an ihrer Buchhandlung &#8211; so im Gegensatz zu anderen Buchhandlungen?<\/p>\n<p><strong>Anne Rinklake:<\/strong> Ja\u2026also ich hab zum Beispiel im Laden ein Eichh\u00f6rnchen! Das ist eine Handpuppe, die wird von mir mit Leben gef\u00fcllt und nimmt so mit Kindern Kontakt auf, z.B.: \u201eHallo, wollen wir mal kurz gucken ob das Eichh\u00f6rnchen wach ist?\u201c \u2013 Wir \u00f6ffnen beispielsweise auch schon um 6:30 Uhr \u2013 so kann man noch vor der Schule oder vor der Arbeit ein Buch besorgen. Und wenn man ein Buch bei uns bestellt, ist es am n\u00e4chsten Tag da.<\/p>\n<p><strong>WPU Jg.9:<\/strong> Was lieben sie so an ihrem Beruf?<\/p>\n<p><strong>Anne Rinklake:<\/strong> Der Umgang mit Menschen. Wenn die Menschen l\u00e4chelnd aus der Buchhandlunge rausgehen, das macht mich einfach gl\u00fccklich.<\/p>\n<p><strong>WPU Jg.9:<\/strong> \u00a0Haben sie Ideen, wie man verhindern kann, dass der lokale Buchhandel ausstirbt?<\/p>\n<p><strong>Anne Rinklake:<\/strong> Also ich w\u00fcrde mal fast sagen, wir m\u00fcssen einfach zusehen, dass wir das, was wir vor Ort noch kaufen k\u00f6nnen, auch vor Ort kaufen. Dieser Kreislauf von Angebot und Nachfrage &#8211; wir m\u00fcssen einfach aufpassen, dass wir das, was wir haben, dass das nicht kaputt geht.<\/p>\n<p><strong>WPU Jg.9:<\/strong> Wie wird ihre Buchhandlunge in 20 Jahren aussehen?<\/p>\n<p><strong>Anne Rinklake<\/strong>: Vor 24 Jahren meinte ein Freund von uns, dass sich eine Buchhandlung nicht lohnen wird. Aber wir stehen jetzt hier. Deshalb glaube ich mal, in 20 Jahren wird es unsere Buchhandlung genau so noch geben.<br \/>\n<strong>WPU Jg.9: <\/strong>Vielen Dank f\u00fcr das Gespr\u00e4ch!<\/p>\n","protected":false},"excerpt":{"rendered":"<p>Mist, vergessen, die Lekt\u00fcre f\u00fcr Deutsch zu besorgen! Eine allt\u00e4gliche Situation bei uns Sch\u00fclern im Gymnasium Damme, die nicht selten zu einem schnellen Klick bei Amazon f\u00fchrt. Dabei kosten die B\u00fccher wegen der Buchpreisbindung in Deutschland \u00fcberall gleich viel. Sollten &hellip; <a href=\"https:\/\/wordpress.nibis.de\/gymdamme\/interview-mit-anne-rinklake-buchhandlung-im-alten-rathaus\/\">Weiterlesen <span class=\"meta-nav\">&rarr;<\/span><\/a><\/p>\n","protected":false},"author":9192822,"featured_media":0,"parent":0,"menu_order":0,"comment_status":"closed","ping_status":"closed","template":"","meta":{"footnotes":""},"class_list":["post-870","page","type-page","status-publish","hentry"],"_links":{"self":[{"href":"https:\/\/wordpress.nibis.de\/gymdamme\/wp-json\/wp\/v2\/pages\/870","targetHints":{"allow":["GET"]}}],"collection":[{"href":"https:\/\/wordpress.nibis.de\/gymdamme\/wp-json\/wp\/v2\/pages"}],"about":[{"href":"https:\/\/wordpress.nibis.de\/gymdamme\/wp-json\/wp\/v2\/types\/page"}],"author":[{"embeddable":true,"href":"https:\/\/wordpress.nibis.de\/gymdamme\/wp-json\/wp\/v2\/users\/9192822"}],"replies":[{"embeddable":true,"href":"https:\/\/wordpress.nibis.de\/gymdamme\/wp-json\/wp\/v2\/comments?post=870"}],"version-history":[{"count":1,"href":"https:\/\/wordpress.nibis.de\/gymdamme\/wp-json\/wp\/v2\/pages\/870\/revisions"}],"predecessor-version":[{"id":871,"href":"https:\/\/wordpress.nibis.de\/gymdamme\/wp-json\/wp\/v2\/pages\/870\/revisions\/871"}],"wp:attachment":[{"href":"https:\/\/wordpress.nibis.de\/gymdamme\/wp-json\/wp\/v2\/media?parent=870"}],"curies":[{"name":"wp","href":"https:\/\/api.w.org\/{rel}","templated":true}]}}