{"id":1047,"date":"2018-11-30T08:48:13","date_gmt":"2018-11-30T07:48:13","guid":{"rendered":"http:\/\/wordpress.nibis.de\/gymharen\/?page_id=1047"},"modified":"2022-02-16T14:13:38","modified_gmt":"2022-02-16T13:13:38","slug":"entscheidungshilfen","status":"publish","type":"page","link":"https:\/\/wordpress.nibis.de\/gymharen\/eltern\/grundschuleltern\/entscheidungshilfen\/","title":{"rendered":"[:de]Entscheidungshilfen[:]"},"content":{"rendered":"<p>[:de]<\/p>\n<p class=\"Stil41\" style=\"text-align: justify\" align=\"center\"><span style=\"font-size: 14pt\"><strong>f\u00fcr den \u00dcbergang von der Grundschule zur weiterf\u00fchrenden Schule, <\/strong><strong>speziell zum Gymnasium Haren <\/strong><\/span><\/p>\n<p align=\"left\">An die Eltern der Grundsch\u00fclerinnen und Grundsch\u00fcler der vierten Grundschulklasse<\/p>\n<p><em> \u00a0<\/em><\/p>\n<p>Liebe Eltern, liebe Erziehungsberechtigte!<\/p>\n<p style=\"text-align: justify\">Es ist schon ein gewaltiger Schritt f\u00fcr Ihr Kind, aber auch f\u00fcr Sie als Eltern, wenn der \u00dcbergang von der Grundschule zur weiterf\u00fchrenden Schule ansteht.<\/p>\n<p style=\"text-align: justify\">Bei der <strong>Entscheidungsfindung<\/strong> gilt es, m\u00f6glichst die richtige Entscheidung zu treffen, und dabei m\u00f6chten wir Ihnen gerne helfen!<br \/>\nUnser Anliegen ist es, Ihre Kinder da abzuholen, wo sie vor dem \u00dcbergang von der Grundschule zum Gymnasium stehen. Aus diesem Grunde arbeiten die Grundschulen von Haren und Umgebung schon seit vielen Jahren auf der Grundlage eines <strong>Kooperationsvertrages mit dem Gymnasium Haren <\/strong>sehr eng zusammen. Nach Aussage der Schulinspektion ist \u201edie Kooperation des Gymnasiums Haren mit den Grundschulen vorbildlich\u201c.<br \/>\nDie Grundschullehrer stehen mit den Lehrern des Gymnasiums Haren auch \u00fcber die Grundschulzeit Ihres Kindes hinaus im engen kollegialen Kontakt. Auch dann, wenn Ihr Kind schon am Gymnasium Haren \u201eangekommen\u201c ist, bleibt dieser Kontakt erhalten und das ist insbesondere dann wichtig, wenn mal nicht alles so rund l\u00e4uft, wie man sich das als Eltern und als Lehrer im Idealfall von dem eigenen Kind so w\u00fcnscht.<\/p>\n<p style=\"text-align: justify\">Ihre Kinder besuchen zur Zeit noch eine recht \u00fcbersichtliche Schule; auch wenn das Gymnasium Haren gr\u00f6\u00dfer ist als die einzelnen Grundschulen, so wei\u00df die Schulgemeinschaft die Vorteile unseres relativ \u00fcberschaubaren und geradezu famili\u00e4ren Gymnasiums Haren (mit seinen etwa 700 Sch\u00fclerinnen und Sch\u00fclern) sehr zu sch\u00e4tzen (\u201eEs gibt vielf\u00e4ltige Angebote f\u00fcr ein anregendes Schulleben, die f\u00fcr eine kleine, l\u00e4ndliche Schule beeindruckend sind.\u201c \u201eDie Unterst\u00fctzung der Sch\u00fclerinnen und Sch\u00fcler im Unterrichtsgeschehen sowie die Beratung und Betreuung sind vorbildlich. Das Gymnasium Haren bereitet die Sch\u00fclerinnen und Sch\u00fcler fundiert auf deren weitere Bildungs- und Berufswege vor\u201c (aus dem Schulinspektionsbericht). Als <strong>Humanit\u00e4re Schule<\/strong> verstehen wir uns als einen Ort des Lernens, der eine christlich-humanistische Ausrichtung beinhaltet. Besonderen Wert legen wir auf die <strong>sozialen Kompetenzen<\/strong> unserer Sch\u00fcler, d.h. die Durchf\u00fchrung von <strong>Kennenlerntagen, Klassenfahrten, Sch\u00fcleraustauschfahrten, Berufsberatungen, Musik-, Theater- und Sportveranstaltungen sowie sonstigen Arbeitsgemeinschaften (z.B. F\u00f6rderunterricht<\/strong>) wird auch in Zukunft einen hohen Stellenwert am Gymnasium Haren haben.<\/p>\n<p style=\"text-align: justify\">Ihre Kinder haben vor dem Hintergrund, dass die <strong>Gymnasialzeit wieder 9 Jahre<\/strong> betr\u00e4gt (statt 8), wieder ganz neue M\u00f6glichkeiten, in der gebotenen Ruhe zum Abitur zu gelangen. Wir hier am Gymnasium Haren begr\u00fc\u00dfen es ausdr\u00fccklich, dass den Gymnasialsch\u00fcler\/innen hier vor Ort endlich wieder mehr und damit eine <strong>stressfreiere Zeit f\u00fcr das gemeinsame Lernen<\/strong> zur Verf\u00fcgung steht. So bleibt in Zukunft noch mehr Raum f\u00fcr die <strong>individuelle F\u00f6rderung<\/strong>, wenn Ihre Tochter\/Ihr Sohn in bestimmten F\u00e4chern Schwierigkeiten hat. Es geht auch darum, die <strong>Talente und besondere F\u00e4higkeiten Ihres Kindes<\/strong> zu entdecken und weiterzuentwickeln.<\/p>\n<p style=\"text-align: justify\">Um Ihnen, liebe Eltern und Erziehungsberechtigte einige in der Vergangenheit an uns gerichtete Fragen zu beantworten, verweise ich auf unsere <strong>Homepage: \u201eInfos f\u00fcr Grundschuleltern\u201c.<\/strong> Hier k\u00f6nnen Sie wichtige \u2013 unser Gymnasium und damit auch Ihr Kind betreffende \u2013 Informationen entnehmen.<\/p>\n<p style=\"text-align: justify\">Zudem stehen wir zusammen mit unseren Kolleginnen\/Kollegen im Rahmen einer\u00a0<strong>Sprechstunde f\u00fcr pers\u00f6nliche Gespr\u00e4che<\/strong>\u00a0sehr gerne zur Verf\u00fcgung. Diese Gespr\u00e4che sollen \u00fcber den Rahmen eines allgemeinen Infoabends und der Schnuppertage hinausgehen, d.h. hier sollen Sie (und wenn Sie m\u00f6chten auch Ihre Kinder) die Gelegenheit haben, in einem vertraulichen \u201eVieraugengespr\u00e4ch\u201c alle Punkte anzusprechen, die Sie im Zusammenhang mit dem Schulwechsel Ihres Kindes bewegen. Vereinbaren Sie dazu einfach einen Beratungstermin mit uns!<\/p>\n<div style=\"text-align: justify\" align=\"left\">Dar\u00fcber hinaus gibt es im Rahmen der <strong>Anmeldungen<\/strong> einige Wochen vor dem Schuljahresende Gelegenheit f\u00fcr weitere pers\u00f6nliche Gespr\u00e4che \u2013 sprechen Sie uns an!<\/div>\n<p>In diesem Sinne \u2013 herzliche Gr\u00fc\u00dfe!<\/p>\n<p>Dunja Gerdes (Schulleiterin)\u00a0\u00a0\u00a0\u00a0\u00a0\u00a0\u00a0 Kerstin Hamm (Koordination der Jg. 5 und 6)[:]<\/p>\n","protected":false},"excerpt":{"rendered":"<p>[:de] f\u00fcr den \u00dcbergang von der Grundschule zur weiterf\u00fchrenden Schule, speziell zum Gymnasium Haren An die Eltern der Grundsch\u00fclerinnen und Grundsch\u00fcler der vierten Grundschulklasse \u00a0 Liebe Eltern, liebe Erziehungsberechtigte! Es ist schon ein gewaltiger Schritt f\u00fcr Ihr Kind, aber auch<\/p>\n","protected":false},"author":1256,"featured_media":0,"parent":1045,"menu_order":66,"comment_status":"closed","ping_status":"closed","template":"","meta":{"footnotes":""},"class_list":["post-1047","page","type-page","status-publish","hentry"],"_links":{"self":[{"href":"https:\/\/wordpress.nibis.de\/gymharen\/wp-json\/wp\/v2\/pages\/1047","targetHints":{"allow":["GET"]}}],"collection":[{"href":"https:\/\/wordpress.nibis.de\/gymharen\/wp-json\/wp\/v2\/pages"}],"about":[{"href":"https:\/\/wordpress.nibis.de\/gymharen\/wp-json\/wp\/v2\/types\/page"}],"author":[{"embeddable":true,"href":"https:\/\/wordpress.nibis.de\/gymharen\/wp-json\/wp\/v2\/users\/1256"}],"replies":[{"embeddable":true,"href":"https:\/\/wordpress.nibis.de\/gymharen\/wp-json\/wp\/v2\/comments?post=1047"}],"version-history":[{"count":7,"href":"https:\/\/wordpress.nibis.de\/gymharen\/wp-json\/wp\/v2\/pages\/1047\/revisions"}],"predecessor-version":[{"id":4568,"href":"https:\/\/wordpress.nibis.de\/gymharen\/wp-json\/wp\/v2\/pages\/1047\/revisions\/4568"}],"up":[{"embeddable":true,"href":"https:\/\/wordpress.nibis.de\/gymharen\/wp-json\/wp\/v2\/pages\/1045"}],"wp:attachment":[{"href":"https:\/\/wordpress.nibis.de\/gymharen\/wp-json\/wp\/v2\/media?parent=1047"}],"curies":[{"name":"wp","href":"https:\/\/api.w.org\/{rel}","templated":true}]}}