{"id":1185,"date":"2018-12-06T14:32:52","date_gmt":"2018-12-06T13:32:52","guid":{"rendered":"http:\/\/wordpress.nibis.de\/gymharen\/?page_id=1185"},"modified":"2025-03-10T14:29:05","modified_gmt":"2025-03-10T13:29:05","slug":"schulbuchlisten","status":"publish","type":"page","link":"https:\/\/wordpress.nibis.de\/gymharen\/service\/schulbuchlisten\/","title":{"rendered":"Schulbuchausleihe\/-listen"},"content":{"rendered":"\n<p class=\"has-medium-font-size\">Die Schulbuchausleihe am Gymnasium Haren erfolgt \u00fcber IServ . Eine bebilderte Anleitung finden Sie [<a href=\"https:\/\/plaene.gymnasium-haren.de\/schulbuecher\/Anleitung%20Ausleihe.pdf\">hier<\/a>].<\/p>\n\n\n\n<hr class=\"wp-block-separator\" \/>\n\n\n\n<p>Sollten Sie nicht am Ausleihverfahren teilnehmen wollen oder wegen der selbst anzuschaffenden B\u00fccher die B\u00fccherlisten ben\u00f6tigen &#8230;<\/p>\n\n\n\n<h4 class=\"wp-block-heading\">ALTE B\u00fccherlisten Schuljahr 24\/25<\/h4>\n\n\n\n<p class=\"has-text-color\" style=\"color:#ff0000\">DIE LISTEN WERDEN DEMN\u00c4CHST AKTUALISIERT!<\/p>\n\n\n\n<ul class=\"wp-block-list\"><li><a href=\"https:\/\/ausleihe-api.gymharen.de\/schoolyears\/2024%2F2025\/booklists\/13\/pdf\">Jahrgang 5<\/a><\/li><li><a href=\"https:\/\/ausleihe-api.gymharen.de\/schoolyears\/2024%2F2025\/booklists\/14\/pdf\">Jahrgang 6<\/a><\/li><li><a href=\"https:\/\/ausleihe-api.gymharen.de\/schoolyears\/2024%2F2025\/booklists\/15\/pdf\">Jahrgang 7<\/a><\/li><li><a href=\"https:\/\/ausleihe-api.gymharen.de\/schoolyears\/2024%2F2025\/booklists\/16\/pdf\">Jahrgang 8<\/a><\/li><li><a href=\"https:\/\/ausleihe-api.gymharen.de\/schoolyears\/2024%2F2025\/booklists\/17\/pdf\">Jahrgang 9<\/a><\/li><li><a href=\"https:\/\/ausleihe-api.gymharen.de\/schoolyears\/2024%2F2025\/booklists\/18\/pdf\">Jahrgang 10<\/a><\/li><li><a href=\"https:\/\/ausleihe-api.gymharen.de\/schoolyears\/2024%2F2025\/booklists\/19\/pdf\">Jahrgang 11<\/a><\/li><li><a href=\"https:\/\/ausleihe-api.gymharen.de\/schoolyears\/2024%2F2025\/booklists\/20\/pdf\">Jahrgang 12<\/a><\/li><li><a href=\"https:\/\/ausleihe-api.gymharen.de\/schoolyears\/2024%2F2025\/booklists\/21\/pdf\">Jahrgang 13<\/a><\/li><\/ul>\n\n\n\n<p><\/p>\n","protected":false},"excerpt":{"rendered":"<p>Die Schulbuchausleihe am Gymnasium Haren erfolgt \u00fcber IServ . Eine bebilderte Anleitung finden Sie [hier]. Sollten Sie nicht am Ausleihverfahren teilnehmen wollen oder wegen der selbst anzuschaffenden B\u00fccher die B\u00fccherlisten ben\u00f6tigen &#8230; ALTE B\u00fccherlisten Schuljahr 24\/25 DIE LISTEN WERDEN DEMN\u00c4CHST<\/p>\n","protected":false},"author":1256,"featured_media":0,"parent":941,"menu_order":52,"comment_status":"closed","ping_status":"closed","template":"","meta":{"footnotes":""},"class_list":["post-1185","page","type-page","status-publish","hentry"],"_links":{"self":[{"href":"https:\/\/wordpress.nibis.de\/gymharen\/wp-json\/wp\/v2\/pages\/1185","targetHints":{"allow":["GET"]}}],"collection":[{"href":"https:\/\/wordpress.nibis.de\/gymharen\/wp-json\/wp\/v2\/pages"}],"about":[{"href":"https:\/\/wordpress.nibis.de\/gymharen\/wp-json\/wp\/v2\/types\/page"}],"author":[{"embeddable":true,"href":"https:\/\/wordpress.nibis.de\/gymharen\/wp-json\/wp\/v2\/users\/1256"}],"replies":[{"embeddable":true,"href":"https:\/\/wordpress.nibis.de\/gymharen\/wp-json\/wp\/v2\/comments?post=1185"}],"version-history":[{"count":20,"href":"https:\/\/wordpress.nibis.de\/gymharen\/wp-json\/wp\/v2\/pages\/1185\/revisions"}],"predecessor-version":[{"id":8454,"href":"https:\/\/wordpress.nibis.de\/gymharen\/wp-json\/wp\/v2\/pages\/1185\/revisions\/8454"}],"up":[{"embeddable":true,"href":"https:\/\/wordpress.nibis.de\/gymharen\/wp-json\/wp\/v2\/pages\/941"}],"wp:attachment":[{"href":"https:\/\/wordpress.nibis.de\/gymharen\/wp-json\/wp\/v2\/media?parent=1185"}],"curies":[{"name":"wp","href":"https:\/\/api.w.org\/{rel}","templated":true}]}}