{"id":1222,"date":"2018-12-12T14:50:24","date_gmt":"2018-12-12T13:50:24","guid":{"rendered":"http:\/\/wordpress.nibis.de\/gymharen\/?page_id=1222"},"modified":"2025-02-06T17:02:01","modified_gmt":"2025-02-06T16:02:01","slug":"oberstufe","status":"publish","type":"page","link":"https:\/\/wordpress.nibis.de\/gymharen\/unterricht\/oberstufe\/","title":{"rendered":"Oberstufe"},"content":{"rendered":"\n<figure class=\"wp-block-image size-gambit-thumbnail-large\"><img loading=\"lazy\" decoding=\"async\" width=\"420\" height=\"280\" src=\"https:\/\/wordpress.nibis.de\/gymharen\/files\/2021\/02\/IMG_9344-420x280.jpg\" alt=\"\" class=\"wp-image-3981\" srcset=\"https:\/\/wordpress.nibis.de\/gymharen\/files\/2021\/02\/IMG_9344-420x280.jpg 420w, https:\/\/wordpress.nibis.de\/gymharen\/files\/2021\/02\/IMG_9344-300x200.jpg 300w\" sizes=\"auto, (max-width: 420px) 100vw, 420px\" \/><\/figure>\n\n\n\n<p><strong>Flyer des Nieders\u00e4chsischen Kultusminsteriums<\/strong> (externe Links)<\/p>\n\n\n\n<ul class=\"wp-block-list\"><li><a rel=\"noopener noreferrer\" href=\"https:\/\/www.mk.niedersachsen.de\/download\/5741\/Die_gymnasiale_Oberstufe_und_die_Abiturpruefung._Fuer_Schuelerinnen_und_Schueler_die_ab_2021_ihre_Abiturpruefung_ablegen..pdf\" target=\"_blank\">Die gymnasiale Oberstufe und die Abiturpr\u00fcfung. F\u00fcr Sch\u00fclerinnen und Sch\u00fcler, die ab 2021 ihre Abiturpr\u00fcfung ablegen.<\/a><br>(PDF, 0,79 MB)<\/li><li><a href=\"https:\/\/bildungsportal-niedersachsen.de\/allgemeinbildung\/zentrale-arbeiten\/zentralabitur\/zentralabitur\/2023\">Termine und Materialien 2023<\/a><\/li><li><a href=\"https:\/\/bildungsportal-niedersachsen.de\/allgemeinbildung\/zentrale-arbeiten\/zentralabitur\/zentralabitur\/2024\">Termine und Materialien 2024<\/a><\/li><li><a href=\"https:\/\/bildungsportal-niedersachsen.de\/allgemeinbildung\/zentrale-arbeiten\/zentralabitur\/zentralabitur\/2025\">Termine und Materialien 2025<\/a><\/li><\/ul>\n","protected":false},"excerpt":{"rendered":"<p>Flyer des Nieders\u00e4chsischen Kultusminsteriums (externe Links) Die gymnasiale Oberstufe und die Abiturpr\u00fcfung. F\u00fcr Sch\u00fclerinnen und Sch\u00fcler, die ab 2021 ihre Abiturpr\u00fcfung ablegen.(PDF, 0,79 MB) Termine und Materialien 2023 Termine und Materialien 2024 Termine und Materialien 2025<\/p>\n","protected":false},"author":1256,"featured_media":0,"parent":1022,"menu_order":51,"comment_status":"closed","ping_status":"closed","template":"","meta":{"footnotes":""},"class_list":["post-1222","page","type-page","status-publish","hentry"],"_links":{"self":[{"href":"https:\/\/wordpress.nibis.de\/gymharen\/wp-json\/wp\/v2\/pages\/1222","targetHints":{"allow":["GET"]}}],"collection":[{"href":"https:\/\/wordpress.nibis.de\/gymharen\/wp-json\/wp\/v2\/pages"}],"about":[{"href":"https:\/\/wordpress.nibis.de\/gymharen\/wp-json\/wp\/v2\/types\/page"}],"author":[{"embeddable":true,"href":"https:\/\/wordpress.nibis.de\/gymharen\/wp-json\/wp\/v2\/users\/1256"}],"replies":[{"embeddable":true,"href":"https:\/\/wordpress.nibis.de\/gymharen\/wp-json\/wp\/v2\/comments?post=1222"}],"version-history":[{"count":24,"href":"https:\/\/wordpress.nibis.de\/gymharen\/wp-json\/wp\/v2\/pages\/1222\/revisions"}],"predecessor-version":[{"id":8348,"href":"https:\/\/wordpress.nibis.de\/gymharen\/wp-json\/wp\/v2\/pages\/1222\/revisions\/8348"}],"up":[{"embeddable":true,"href":"https:\/\/wordpress.nibis.de\/gymharen\/wp-json\/wp\/v2\/pages\/1022"}],"wp:attachment":[{"href":"https:\/\/wordpress.nibis.de\/gymharen\/wp-json\/wp\/v2\/media?parent=1222"}],"curies":[{"name":"wp","href":"https:\/\/api.w.org\/{rel}","templated":true}]}}