{"id":1512,"date":"2019-01-19T16:09:56","date_gmt":"2019-01-19T15:09:56","guid":{"rendered":"http:\/\/wordpress.nibis.de\/gymharen\/?page_id=1512"},"modified":"2023-08-28T11:58:32","modified_gmt":"2023-08-28T09:58:32","slug":"daten-des-ehemaligen-und-foerdervereins","status":"publish","type":"page","link":"https:\/\/wordpress.nibis.de\/gymharen\/ueber-uns\/foerderverein\/daten-des-ehemaligen-und-foerdervereins\/","title":{"rendered":"Daten des Ehemaligen- und F\u00f6rdervereins"},"content":{"rendered":"<ul>\n<li><strong>Postanschrift<\/strong><br \/>\nKirchstra\u00dfe 28<br \/>\n49733 Haren (Ems)<\/li>\n<li><strong>E-Mail<\/strong><br \/>\n<a href=\"&#x6d;&#x61;&#x69;&#x6c;&#x74;&#x6f;&#x3a;&#x65;&#117;&#102;&#118;&#64;&#103;&#121;&#109;hare&#x6e;&#x2e;&#x64;&#x65;\">&#x65;u&#x66;&#118;&#x40;&#x67;y&#x6d;&#104;&#x61;&#x72;e&#x6e;&#46;&#x64;&#x65;<\/a><\/li>\n<li><strong>Vereinsregister<\/strong><br \/>\nVR 12 02 36 beim Amtsgericht Osnabr\u00fcck<\/li>\n<li><strong>Gemeinn\u00fctzigkeit<\/strong><br \/>\nDer Verein ist wegen F\u00f6rderung der Erziehung, Volks- und Berufsbildung durch Bescheinigung des Finanzamtes Lingen (Ems), StNr 61\/270\/02595 Vz. 404 als gemeinn\u00fctzig anerkannt.<br \/>\nAufgrund der Anerkennung k\u00f6nnen Spenden und Mitgliedsbeitr\u00e4ge nach \u00a710b Abs. 1 Satz 1 EStG als Sonderausgaben von der Steuer abgesetzt werden.<\/li>\n<li><strong>Bankverbindungen<\/strong><br \/>\nIBAN: DE 47 2665 0001 0002 0204 44<br \/>\nBIC: NOLADE21EMS<br \/>\nInstitut: Sparkasse Emsland<\/p>\n<hr \/>\n<p>IBAN: DE 29 2666 1494 0702 5122 10<br \/>\nBIC: GENODEF1MEP<br \/>\nInstitut: Emsl\u00e4ndische Volksbank<\/p>\n<hr \/>\n<p>IBAN: DE 69 2859 0075 1034 6953 00<br \/>\nBIC: GENODEF1LER<br \/>\nInstitut: Volksbank Haren (Ems)<\/li>\n<\/ul>\n","protected":false},"excerpt":{"rendered":"<p>Postanschrift Kirchstra\u00dfe 28 49733 Haren (Ems) E-Mail &#101;u&#x66;v&#x40;&#103;&#x79;&#109;&#x68;&#97;r&#x65;n&#x2e;&#100;&#x65; Vereinsregister VR 12 02 36 beim Amtsgericht Osnabr\u00fcck Gemeinn\u00fctzigkeit Der Verein ist wegen F\u00f6rderung der Erziehung, Volks- und Berufsbildung durch Bescheinigung des Finanzamtes Lingen (Ems), StNr 61\/270\/02595 Vz. 404 als gemeinn\u00fctzig anerkannt.<\/p>\n","protected":false},"author":1256,"featured_media":0,"parent":1178,"menu_order":42,"comment_status":"closed","ping_status":"closed","template":"","meta":{"footnotes":""},"class_list":["post-1512","page","type-page","status-publish","hentry"],"_links":{"self":[{"href":"https:\/\/wordpress.nibis.de\/gymharen\/wp-json\/wp\/v2\/pages\/1512","targetHints":{"allow":["GET"]}}],"collection":[{"href":"https:\/\/wordpress.nibis.de\/gymharen\/wp-json\/wp\/v2\/pages"}],"about":[{"href":"https:\/\/wordpress.nibis.de\/gymharen\/wp-json\/wp\/v2\/types\/page"}],"author":[{"embeddable":true,"href":"https:\/\/wordpress.nibis.de\/gymharen\/wp-json\/wp\/v2\/users\/1256"}],"replies":[{"embeddable":true,"href":"https:\/\/wordpress.nibis.de\/gymharen\/wp-json\/wp\/v2\/comments?post=1512"}],"version-history":[{"count":5,"href":"https:\/\/wordpress.nibis.de\/gymharen\/wp-json\/wp\/v2\/pages\/1512\/revisions"}],"predecessor-version":[{"id":6404,"href":"https:\/\/wordpress.nibis.de\/gymharen\/wp-json\/wp\/v2\/pages\/1512\/revisions\/6404"}],"up":[{"embeddable":true,"href":"https:\/\/wordpress.nibis.de\/gymharen\/wp-json\/wp\/v2\/pages\/1178"}],"wp:attachment":[{"href":"https:\/\/wordpress.nibis.de\/gymharen\/wp-json\/wp\/v2\/media?parent=1512"}],"curies":[{"name":"wp","href":"https:\/\/api.w.org\/{rel}","templated":true}]}}