{"id":3034,"date":"2019-11-25T09:40:10","date_gmt":"2019-11-25T08:40:10","guid":{"rendered":"https:\/\/wordpress.nibis.de\/gymharen\/?page_id=3034"},"modified":"2022-10-14T08:15:59","modified_gmt":"2022-10-14T06:15:59","slug":"forscher-ag","status":"publish","type":"page","link":"https:\/\/wordpress.nibis.de\/gymharen\/eltern\/grundschuleltern\/forscher-ag\/","title":{"rendered":"Forscher-AG"},"content":{"rendered":"\n<figure class=\"wp-block-image\"><img loading=\"lazy\" decoding=\"async\" width=\"850\" height=\"508\" src=\"https:\/\/wordpress.nibis.de\/gymharen\/files\/2019\/11\/forscher.jpg\" alt=\"\" class=\"wp-image-3033\" srcset=\"https:\/\/wordpress.nibis.de\/gymharen\/files\/2019\/11\/forscher.jpg 850w, https:\/\/wordpress.nibis.de\/gymharen\/files\/2019\/11\/forscher-236x141.jpg 236w, https:\/\/wordpress.nibis.de\/gymharen\/files\/2019\/11\/forscher-768x459.jpg 768w\" sizes=\"auto, (max-width: 850px) 100vw, 850px\" \/><\/figure>\n\n\n\n<p>Immer im Januar finden f\u00fcr die Viertkl\u00e4ssler unsere &#8222;Jungforschertage&#8220; statt. Verschiedene naturwissenschaftliche Ph\u00e4nomene werden n\u00e4her betrachtet und f\u00fchren zu spannenden Momenten, die die wissenschaftliche Neugier wecken bzw. verst\u00e4rken.<\/p>\n\n\n\n<p> <br>[<a href=\"https:\/\/plaene.gymnasium-haren.de\/forscher\/Flyer%20Schnupperkurs.pdf\">Flyer<\/a>] [<a href=\"https:\/\/plaene.gymnasium-haren.de\/forscher\/Anmeldung%20Schnupperkurs.pdf\">Anmeldung<\/a>] [<a href=\"https:\/\/wordpress.nibis.de\/gymharen\/category\/arbeitsgemeinschaften\/forscher-ag\/\">Artikel\/Beitr\u00e4ge<\/a>]<br><\/p>\n","protected":false},"excerpt":{"rendered":"<p>Immer im Januar finden f\u00fcr die Viertkl\u00e4ssler unsere &#8222;Jungforschertage&#8220; statt. Verschiedene naturwissenschaftliche Ph\u00e4nomene werden n\u00e4her betrachtet und f\u00fchren zu spannenden Momenten, die die wissenschaftliche Neugier wecken bzw. verst\u00e4rken. [Flyer] [Anmeldung] [Artikel\/Beitr\u00e4ge]<\/p>\n","protected":false},"author":1256,"featured_media":0,"parent":1045,"menu_order":27,"comment_status":"closed","ping_status":"closed","template":"","meta":{"footnotes":""},"class_list":["post-3034","page","type-page","status-publish","hentry"],"_links":{"self":[{"href":"https:\/\/wordpress.nibis.de\/gymharen\/wp-json\/wp\/v2\/pages\/3034","targetHints":{"allow":["GET"]}}],"collection":[{"href":"https:\/\/wordpress.nibis.de\/gymharen\/wp-json\/wp\/v2\/pages"}],"about":[{"href":"https:\/\/wordpress.nibis.de\/gymharen\/wp-json\/wp\/v2\/types\/page"}],"author":[{"embeddable":true,"href":"https:\/\/wordpress.nibis.de\/gymharen\/wp-json\/wp\/v2\/users\/1256"}],"replies":[{"embeddable":true,"href":"https:\/\/wordpress.nibis.de\/gymharen\/wp-json\/wp\/v2\/comments?post=3034"}],"version-history":[{"count":10,"href":"https:\/\/wordpress.nibis.de\/gymharen\/wp-json\/wp\/v2\/pages\/3034\/revisions"}],"predecessor-version":[{"id":5183,"href":"https:\/\/wordpress.nibis.de\/gymharen\/wp-json\/wp\/v2\/pages\/3034\/revisions\/5183"}],"up":[{"embeddable":true,"href":"https:\/\/wordpress.nibis.de\/gymharen\/wp-json\/wp\/v2\/pages\/1045"}],"wp:attachment":[{"href":"https:\/\/wordpress.nibis.de\/gymharen\/wp-json\/wp\/v2\/media?parent=3034"}],"curies":[{"name":"wp","href":"https:\/\/api.w.org\/{rel}","templated":true}]}}