{"id":4497,"date":"2021-12-22T15:36:34","date_gmt":"2021-12-22T14:36:34","guid":{"rendered":"https:\/\/wordpress.nibis.de\/gymharen\/?page_id=4497"},"modified":"2021-12-22T16:16:17","modified_gmt":"2021-12-22T15:16:17","slug":"das-grosse-weihnachtsbacken","status":"publish","type":"page","link":"https:\/\/wordpress.nibis.de\/gymharen\/das-grosse-weihnachtsbacken\/","title":{"rendered":"Das gro\u00dfe Weihnachtsbacken"},"content":{"rendered":"\n<h4 class=\"wp-block-heading\">WEIHNACHTSGESCHICHTE DER KLASSEN 5-8<\/h4>\n\n\n\n<div class=\"wp-block-image\"><figure class=\"alignright size-full\"><img loading=\"lazy\" decoding=\"async\" width=\"144\" height=\"138\" src=\"https:\/\/wordpress.nibis.de\/gymharen\/files\/2021\/12\/Bild1-1.png\" alt=\"\" class=\"wp-image-4498\" \/><\/figure><\/div>\n\n\n\n<p>\u201eOh nein, Santa! Wach auf! Es ist schon der 24.12. und es wird h\u00f6chste Zeit!\u201c, der Weihnachtself Freddolin r\u00fcttelte an Santas Schulter, der verschlafen murmelte: \u201eOh Mann, durch Corona bin ich ziemlich faul geworden und habe angefangen zu zocken.&nbsp;Ich habe heute einfach&nbsp;keine Lust&nbsp;darauf, Weihnachtsgeschenke zu&nbsp;verteilen!!!&#8220;&nbsp;Erbost rief&nbsp;Freddolin: \u201eDann m\u00fcssen wir&nbsp;Elfen&nbsp;es eben machen, Santa. Die Kinder glauben&nbsp;doch sowieso&nbsp;nicht mehr an dich.&#8220;<\/p>\n\n\n\n<p>Freddolin flog mit seinem Porsche zum Weihnachtsgew\u00e4chshaus und holte seine Gang, die aus Weihnachtskartoffel&nbsp;und Banani&nbsp;bestand. Als sie beim ersten Haus waren, bemerkten sie, dass die f\u00fcnf Auspuffe des&nbsp;Porsches&nbsp;zu laut und zu hei\u00df waren. Dadurch&nbsp;waren&nbsp;die Geschenke verbrannt. Um neue Geschenke zu holen, flogen sie blitzschnell zur\u00fcck. Fast w\u00e4ren sie mit dem Berliner Fernsehturm kollidiert, aber Weihnachtskartoffel&nbsp;konnte&nbsp;gerade noch den Lenker herumrei\u00dfen. Dabei rutschte&nbsp;der Hilfself&nbsp;Banani&nbsp;aus und holte sich einen&nbsp;blauen&nbsp;Fleck am Hintern.<\/p>\n\n\n\n<p>Endlich war die Gang wieder zur\u00fcck und Freddolin rief motiviert: \u201eLos Elfen, macht die Spielzeugmaschine und den Schlitten bereit! Und achja&#8230; k\u00f6nnt ihr den Porsche reparieren und euch um&nbsp;Banani&nbsp;k\u00fcmmern? Der&nbsp;sieht ziemlich \u00fcbel aus.&#8220; Die Elfen hatten&nbsp;gerade den Schlitten bereitgestellt, als das Unm\u00f6gliche passierte. Ein Elf rief geschockt: \u201eAch du saure Zuckerstange, die Spielzeugmaschine ist kaputt&nbsp;gegangen!&#8220;&nbsp;Rudolf merkte&nbsp;an: \u201eLass den&nbsp;Porsche&nbsp;stehen, die alte cringe Schrottkiste! Nimm lieber den Bugatti! Der ist papatastisch!&#8220;&nbsp;&nbsp;&nbsp;&nbsp;<\/p>\n\n\n\n<p>In der Zwischenzeit riefen die Elfen einen Mechaniker f\u00fcr die Spielzeugmaschine an, von dem sie leider nicht wussten, dass dies Santas&nbsp;Erzfeind, der Osterhase, war. Santa kletterte aus seinem Bett, rutschte auf seinen weihnachtlichen Socken am Mechaniker vorbei, sah dessen Ohren und kollabierte. Der Weihnachtsmann berappelte sich, brodelte innerlich und schrie: \u201eAch du heilige Weihnachtskugel!&#8220; Sein Gegen\u00fcber erstarrte wie bei einem K\u00e4lteschock und hoppelte davon.<\/p>\n\n\n\n<p>Der Osterhase, der gezwungenerma\u00dfen dem&nbsp;Nebenjob als Mechaniker nachging, hoppelte zur T\u00fcr, der Weihnachtsmann rannte ihm hinterher und&nbsp;kreischte&nbsp;w\u00fctend: \u201eWegen dir verliere ich jedes&nbsp;Videospiel. Du bist ein&nbsp;Schummler&nbsp;und Fair Play ist ein Fremdwort f\u00fcr dich. Stell dich einem&nbsp;Match&nbsp;und zeige deine wahren&nbsp;Skills, du Geringverdiener. Wenn du mich besiegst, hilfst du mir, Weihnachten zu retten, du Hasenfu\u00df. Beweg deinen Puschel!&#8220; Der Osterhase antwortete aggressiv: \u201eWarum sollte ich das tun?&#8220;, h\u00fcpfte in den Bugatti&nbsp;und brauste davon. Der Weihnachtsmann sprang auf einen&nbsp;Ersatzschlitten, um ihn zu verfolgen. Aber auf dem glitschigen Glatteis rutschte der Osterhase mit seinem Bugatti aus. Sofort sprang der Weihnachtsmann vom&nbsp;Ersatzschlitten&nbsp;und kam ihm herzlich zu Hilfe.&nbsp;Im Schneckentempo h\u00fcpfte der&nbsp;Osterhase&nbsp;aus seinem Bugatti und&nbsp;murmelte versch\u00e4mt: \u201eNa gut, ich bin ein schrecklicher&nbsp;Schummler. Ich wollte endlich auch einmal Fame haben und so cool sein wie du. Niemand glaubt mehr an mich, selbst die Kinder haben mich aufgegeben.&#8220; Der Weihnachtsmann versuchte, den Osterhasen zu&nbsp;ermutigen, und sagte: \u201eZum Zwecke&nbsp;des Gemeinwohls sollten wir zusammenhalten. Zusammen k\u00f6nnen wir es schaffen, dass die Kinder an uns glauben. Wir sind ab jetzt Freunde und ich zeige dir hinterher, wie man fair&nbsp;zockt!&#8220;. \u201eOkay&#8220;,&nbsp;lachte der Osterhase, \u201eaber erst retten wir Weihnachten.&#8220;&nbsp;&nbsp;&nbsp;&nbsp;&nbsp;&nbsp;&nbsp;&nbsp;&nbsp;&nbsp;<\/p>\n\n\n\n<p>Der Osterhase schlug Santa vor:&nbsp;\u201eVergiss die alten Geschenke! Von Schokolade muss man eh ins Krankenhaus! Wir schenken allen eine&nbsp;gro\u00dfe T\u00fcte&nbsp;vegane, zuckerfreie&nbsp;Weihnachtpl\u00e4tzchen und&nbsp;unser&nbsp;Lieblingsvideospiel.&nbsp;Ich bef\u00fcrchte aber, dass&nbsp;das Backen&nbsp;zu lange dauern wird. Fragen wir doch jemanden&nbsp;um Hilfe.&#8220; Sie&nbsp;beschlossen, die Zahnfee anzurufen. Diese kam sofort auf ihrer magischen Zahnb\u00fcrste herangeflogen. Die Zeit war jedoch viel zu knapp &#8211; auch wenn sie zusammenarbeiten w\u00fcrden! Deshalb schlug der Weihnachtsmann vor, den Sandmann auch noch um Hilfe zu bitten. Der Sandmann flog schnell voraus und verteilte Schlaf in den Augen aller Kinder, sodass diese noch eine Nacht l\u00e4nger schliefen. Gemeinsam teilten sie nun geschwind unter sich die&nbsp;Weihnachtspl\u00e4tzchent\u00fcten&nbsp;auf und flogen&nbsp;auf den Rentieren&nbsp;zu allen H\u00e4usern.&nbsp;So konnte&nbsp;Weihnachten zum Gl\u00fcck noch gerettet werden!&nbsp;Als die Kinder am n\u00e4chsten Morgen aufwachten, waren sie erstaunt \u00fcber die fabelhaften Backk\u00fcnste des Weihnachtsmannes.&nbsp;So hatten&nbsp;der Osterhase und der Weihnachtsmann&nbsp;ein neues, weniger nervenaufreibendes Hobby gefunden,&nbsp;das&nbsp;Backen.&nbsp;Und wenn sie nicht gestorben sind, dann&nbsp;backen&nbsp;sie noch heute&nbsp;zusammen.<\/p>\n\n\n\n<p><a href=\"https:\/\/wordpress.nibis.de\/gymharen\/kreatives-schreiben-in-der-weihnachtszeit-gemeinschaftsprojekt-der-klassen-5-8-und-9-12\/\">[zur\u00fcck zum Beitrag]<\/a><\/p>\n\n\n","protected":false},"excerpt":{"rendered":"<p>WEIHNACHTSGESCHICHTE DER KLASSEN 5-8 \u201eOh nein, Santa! Wach auf! Es ist schon der 24.12. und es wird h\u00f6chste Zeit!\u201c, der Weihnachtself Freddolin r\u00fcttelte an Santas Schulter, der verschlafen murmelte: \u201eOh Mann, durch Corona bin ich ziemlich faul geworden und habe<\/p>\n","protected":false},"author":1256,"featured_media":0,"parent":0,"menu_order":11,"comment_status":"closed","ping_status":"closed","template":"","meta":{"footnotes":""},"class_list":["post-4497","page","type-page","status-publish","hentry"],"_links":{"self":[{"href":"https:\/\/wordpress.nibis.de\/gymharen\/wp-json\/wp\/v2\/pages\/4497","targetHints":{"allow":["GET"]}}],"collection":[{"href":"https:\/\/wordpress.nibis.de\/gymharen\/wp-json\/wp\/v2\/pages"}],"about":[{"href":"https:\/\/wordpress.nibis.de\/gymharen\/wp-json\/wp\/v2\/types\/page"}],"author":[{"embeddable":true,"href":"https:\/\/wordpress.nibis.de\/gymharen\/wp-json\/wp\/v2\/users\/1256"}],"replies":[{"embeddable":true,"href":"https:\/\/wordpress.nibis.de\/gymharen\/wp-json\/wp\/v2\/comments?post=4497"}],"version-history":[{"count":3,"href":"https:\/\/wordpress.nibis.de\/gymharen\/wp-json\/wp\/v2\/pages\/4497\/revisions"}],"predecessor-version":[{"id":4507,"href":"https:\/\/wordpress.nibis.de\/gymharen\/wp-json\/wp\/v2\/pages\/4497\/revisions\/4507"}],"wp:attachment":[{"href":"https:\/\/wordpress.nibis.de\/gymharen\/wp-json\/wp\/v2\/media?parent=4497"}],"curies":[{"name":"wp","href":"https:\/\/api.w.org\/{rel}","templated":true}]}}