{"id":566,"date":"2018-09-24T11:16:36","date_gmt":"2018-09-24T09:16:36","guid":{"rendered":"http:\/\/wordpress.nibis.de\/gymharen\/?page_id=566"},"modified":"2025-01-14T11:47:57","modified_gmt":"2025-01-14T10:47:57","slug":"schuelervertretung","status":"publish","type":"page","link":"https:\/\/wordpress.nibis.de\/gymharen\/schuelervertretung\/","title":{"rendered":"Sch\u00fclervertretung"},"content":{"rendered":"\n<figure class=\"wp-block-image size-large\"><img decoding=\"async\" src=\"https:\/\/plaene.gymnasium-haren.de\/fotos\/sv24-25.jpg\" alt=\"\" \/><figcaption>Die stellv Sch\u00fclersprecherin Sina Gebbeken (11a) und der Sch\u00fclersprecher Tom Stam (Jg. 12). <\/figcaption><\/figure>\n\n\n\n<p>Hallo zusammen!<\/p>\n\n\n\n<p>Wir sind Tom und Sina, der hauptamtliche und die stellvertretende Sch\u00fclersprecher:in<br>unseres sch\u00f6nen Gymnasiums.<br>Unsere Aufgabe und die der SV ist es, euch Sch\u00fcler:innen bei der Schulleitung zu<br>vertreten und gemeinsam gute Kompromisse zu erarbeiten, die unser aller Schulleben<br>verbessern. <\/p>\n\n\n\n<p>Falls ihr Fragen oder Anregungen habt, k\u00f6nnt ihr uns jederzeit gerne \u00fcber<br>IServ erreichen:<br>&#116;&#111;&#x6d;&#46;&#100;&#x6f;&#x6d;i&#110;&#x69;&#x6b;&#46;&#115;&#x74;a&#109;&#x40;&#x67;y&#109;&#x68;&#x61;r&#101;&#x6e;&#46;&#100;&#x65; und &#x73;&#x69;&#110;&#97;&#46;&#x67;&#x65;&#x62;&#98;ek&#x65;&#x6e;&#64;&#103;y&#x6d;&#x68;&#x61;&#114;en&#x2e;&#x64;&#101;<\/p>\n\n\n\n<p>Au\u00dferdem k\u00f6nnt ihr gerne jederzeit durch den Postkasten der SV (beim SV-Raum) eure<br>W\u00fcnsche und Ideen mitteilen<\/p>\n\n\n\n<ul class=\"wp-block-list\"><li><a href=\"https:\/\/wordpress.nibis.de\/gymharen\/category\/sv\/durchgefuehrte-projekte\/\">Berichte \u00fcber durchgef\u00fchrte Aktionen<\/a><\/li><li><a href=\"https:\/\/wordpress.nibis.de\/gymharen\/category\/sv\/geplante-projekte\/\">geplante Aktionen<\/a><\/li><\/ul>\n\n\n\n<hr class=\"wp-block-separator\" \/>\n\n\n\n<p class=\"has-medium-font-size\"><span style=\"font-size: 14pt\"><strong>Zus\u00e4tzliche Gesamtkonferenzvertreter<\/strong>:<\/span><\/p>\n\n\n\n<p>Helene Schwarte (5A)<br>Jana B\u00e4uerlein (5C)<br>Meike Conen (5D)<br>Jakub Muratovic (6B)<br>Bente Hagen (6C)<br>Lauritz Herding (6D)<br>Sina W\u00f6sten (7B)<br>Maresa Schnieders (7C)<br>Leonie Gerdes (7D)<br>Roman Kvasov (8A)<br>Linus Herding (9B)<br>Jette Brand (9B)<br>Florian Schulte (12)<br>Lykka Herding (12)<\/p>\n\n\n\n<p class=\"has-medium-font-size\"><strong>Schulvorstand:<\/strong><\/p>\n\n\n\n<div class=\"wp-block-columns has-2-columns is-layout-flex wp-container-core-columns-is-layout-abceabcf wp-block-columns-is-layout-flex\">\n<div class=\"wp-block-column is-layout-flow wp-block-column-is-layout-flow\">\n<p>Sina Gebbeken (11a)<br>Tom Stam (12)<br>Jan W\u00f6sten (13) <\/p>\n<\/div>\n\n\n\n<div class=\"wp-block-column is-layout-flow wp-block-column-is-layout-flow\">\n<p><strong>Vertreter:<\/strong><br>n. n.<\/p>\n<\/div>\n<\/div>\n\n\n\n<p class=\"has-medium-font-size\"><strong>Konferenzvertreter<\/strong><\/p>\n\n\n\n<div class=\"wp-block-columns has-3-columns is-layout-flex wp-container-core-columns-is-layout-abceabcf wp-block-columns-is-layout-flex\">\n<div class=\"wp-block-column is-layout-flow wp-block-column-is-layout-flow\">\n<p><strong>Deutsch<\/strong>:<br>Katharina Gertzen (10B)<br>Paula Koopmann (9A)<\/p>\n\n\n\n<p><strong>Englisch<\/strong>:<br>Elian Yigit (8B)<br>Emily Engraf (10C)<\/p>\n\n\n\n<p><strong>Franz\u00f6sisch<\/strong>:<br>Zina-Sofiya Beghdadi (7C)<br>Carola Engelken (7A)<\/p>\n\n\n\n<p><strong>Latein<\/strong>:<br>Lukas Kr\u00fcssel (12)<br>Daniel Dyer (13)<\/p>\n\n\n\n<p><strong>Musik<\/strong>:<br>Charlotte Steffens (6B)<br>Lina Marie Schwab (5B)<\/p>\n\n\n\n<p><strong>Kunst<\/strong>:<br>Merle H\u00fcsers (13)<br>Malte L\u00fcbbers (9C)<\/p>\n<\/div>\n\n\n\n<div class=\"wp-block-column is-layout-flow wp-block-column-is-layout-flow\">\n<p><strong>Geschichte<\/strong>:<br>Jette M\u00fcller (10B)<br>Luke Robin (5C)<\/p>\n\n\n\n<p><strong>Erdkunde<\/strong>:<br>Henri W\u00f6sten (13)<br>Pia Klahsen (13)<\/p>\n\n\n\n<p><strong>Politik-Wirtschaft<\/strong>:<br>Marie Krull (8D)<br>Hanna Holterhaus (8D)<\/p>\n\n\n\n<p><strong>Religion<\/strong>:<br>Jan Kohnen (8C)<br>Mona Dickmann (8C)<\/p>\n\n\n\n<p><strong>Werte und Normen<\/strong>:<br>Fynn-Aaron Beening (11A)<br>Ida Niemeyer (9A)<\/p>\n\n\n<\/div>\n\n\n\n<div class=\"wp-block-column is-layout-flow wp-block-column-is-layout-flow\">\n<p><strong>Mathematik<\/strong>:<br>Jule J\u00e4nen (11A)<br>Lisa Flach (5B)<\/p>\n\n\n\n<p><strong>Biologie<br><\/strong>Niels Sch\u00fctte (12)<br>Felix Greve (10A)<\/p>\n\n\n\n<p><strong>Physik<\/strong>:<br>Jan Swinkels (12)<br>Jannis Litmeyer (12)<\/p>\n\n\n\n<p><strong>Chemie<\/strong>:<br>Paul Janzen (7B)<br>Justin Menschikow (7A)<\/p>\n\n\n\n<p><strong>Informatik:<\/strong><br>Fanny Andrees (10A)<br>Dominik Zauer (10C)<\/p>\n\n\n\n<p><strong>Sport<\/strong>:<br>Mariam El-Khechen (13)<br>Katharina Vortherms (9C)<\/p>\n<\/div>\n<\/div>\n\n\n\n<p class=\"has-text-align-right\"><em>Stand: Oktober 2024<\/em><\/p>\n\n\n","protected":false},"excerpt":{"rendered":"<p>Hallo zusammen! Wir sind Tom und Sina, der hauptamtliche und die stellvertretende Sch\u00fclersprecher:inunseres sch\u00f6nen Gymnasiums.Unsere Aufgabe und die der SV ist es, euch Sch\u00fcler:innen bei der Schulleitung zuvertreten und gemeinsam gute Kompromisse zu erarbeiten, die unser aller Schullebenverbessern. Falls ihr<\/p>\n","protected":false},"author":1256,"featured_media":0,"parent":0,"menu_order":95,"comment_status":"closed","ping_status":"closed","template":"","meta":{"footnotes":""},"class_list":["post-566","page","type-page","status-publish","hentry"],"_links":{"self":[{"href":"https:\/\/wordpress.nibis.de\/gymharen\/wp-json\/wp\/v2\/pages\/566","targetHints":{"allow":["GET"]}}],"collection":[{"href":"https:\/\/wordpress.nibis.de\/gymharen\/wp-json\/wp\/v2\/pages"}],"about":[{"href":"https:\/\/wordpress.nibis.de\/gymharen\/wp-json\/wp\/v2\/types\/page"}],"author":[{"embeddable":true,"href":"https:\/\/wordpress.nibis.de\/gymharen\/wp-json\/wp\/v2\/users\/1256"}],"replies":[{"embeddable":true,"href":"https:\/\/wordpress.nibis.de\/gymharen\/wp-json\/wp\/v2\/comments?post=566"}],"version-history":[{"count":40,"href":"https:\/\/wordpress.nibis.de\/gymharen\/wp-json\/wp\/v2\/pages\/566\/revisions"}],"predecessor-version":[{"id":8266,"href":"https:\/\/wordpress.nibis.de\/gymharen\/wp-json\/wp\/v2\/pages\/566\/revisions\/8266"}],"wp:attachment":[{"href":"https:\/\/wordpress.nibis.de\/gymharen\/wp-json\/wp\/v2\/media?parent=566"}],"curies":[{"name":"wp","href":"https:\/\/api.w.org\/{rel}","templated":true}]}}