{"id":6443,"date":"2023-09-12T12:22:21","date_gmt":"2023-09-12T10:22:21","guid":{"rendered":"https:\/\/wordpress.nibis.de\/gymharen\/?page_id=6443"},"modified":"2024-01-12T11:18:09","modified_gmt":"2024-01-12T10:18:09","slug":"auslandsaufenthalte-kurzinfo","status":"publish","type":"page","link":"https:\/\/wordpress.nibis.de\/gymharen\/auslandsaufenthalte-kurzinfo\/","title":{"rendered":"Auslandsaufenthalte &#8211; Kurzinfo"},"content":{"rendered":"\n<div class=\"wp-block-image\"><figure class=\"alignleft size-full is-resized\"><img loading=\"lazy\" decoding=\"async\" src=\"https:\/\/wordpress.nibis.de\/gymharen\/files\/2023\/09\/Auslandsaufenthalte.jpg\" alt=\"\" class=\"wp-image-6440\" width=\"447\" height=\"268\" srcset=\"https:\/\/wordpress.nibis.de\/gymharen\/files\/2023\/09\/Auslandsaufenthalte.jpg 750w, https:\/\/wordpress.nibis.de\/gymharen\/files\/2023\/09\/Auslandsaufenthalte-235x141.jpg 235w\" sizes=\"auto, (max-width: 447px) 100vw, 447px\" \/><\/figure><\/div>\n\n\n\n<h4 class=\"wp-block-heading\"><u><b>M\u00f6glichkeiten<\/b><\/u><\/h4>\n\n\n\n<ul class=\"wp-block-list\"><li>Sprachreisen<\/li><li>Au Pair<\/li><li>Work &amp; travel<\/li><li>Rotary Youth Exchange<\/li><li>Auslandsstudium<\/li><li>High School Aufenthalt<\/li><\/ul>\n\n\n\n<h4 class=\"wp-block-heading\"><u><b>Finanzierung &#8211; Stipendien<\/b><\/u><\/h4>\n\n\n\n<ul class=\"wp-block-list\"><li><b>Firmenstipendien<\/b><\/li><li><b>Parlamentarisches Patenschafts-Programm (Bewerbungsfrist: 08. September 2023)<\/b> <ul><li><a href=\"https:\/\/www.bundestag.de\/ppp\">Deutscher Bundestag &#8211; Parlamentarisches Patenschafts-Programm (PPP)<\/a> <\/li><\/ul><\/li><li><b>Stipendien der Veranstalter<\/b> <ul><li><i>u.a. WELTB\u00dcRGER \u2013 Stipendien (Thomas Terbeck, Handbuch Fernweh. Der Ratgeber zum Sch\u00fcleraustausch.)<\/i><\/li><li><a href=\"https:\/\/aja-org.de\/wp-content\/uploads\/2022\/07\/220623_aja_flyer_stipendien_din_lang_v03.pdf\">Arbeitskreis gemein\u00fctziger Jugendaustausch &#8211; Flyer<\/a> <\/li><\/ul><\/li><li><b>Rotary Club<\/b> <ul><li><a href=\"https:\/\/www.rotary-austausch.de\/austauschprogramme-von-rotary\/\">Austauschprogramme | Rotary Youth Exchange Deutschland (rotary-austausch.de)<\/a><\/li><li><a href=\"https:\/\/haren-ems.rotary.de\/\">Rotary Club Haren\/Ems<\/a> <\/li><\/ul><\/li><li><b>B\u00fcrgerstiftungen<\/b> <ul><li>Dt. Stiftung f\u00fcr V\u00f6lkerverst\u00e4ndigung<\/li><li><a href=\"https:\/\/www.austauschjahr.de\/dein-stipendium-fuer-den-schueleraustausch-so-finanzierst-du-dein-auslandsjahr\">Sch\u00fcleraustausch Stipendien f\u00fcr dein Auslandsjahr | austauschjahr.de<\/a> <\/li><\/ul><\/li><li><b>Stipendien der Bundesl\u00e4nder<\/b><\/li><li><b>AuslandsBAf\u00f6g<br><mark class=\"has-inline-color has-accent-color\">mind. 6 Monate vor Abreise beantragen!<\/mark><\/b><\/li><\/ul>\n\n\n\n<h4 class=\"wp-block-heading\"><u><b>Rechtliche Vorgaben<\/b><\/u><\/h4>\n\n\n\n<p>Quelle:&nbsp;<a href=\"https:\/\/plaene.gymnasium-haren.de\/Auslandsaufenthalt\/171102_Merkblatt_Auslandsschulbesuch_G9_Original.pdf\">Merkblatt vom Nieders\u00e4chsischen Kultusministerium zum Auslandsschulbesuch <\/a><\/p>\n\n\n\n<ul class=\"wp-block-list\"><li>Jg. 10\/11 m\u00f6glich, Jg. 11 \u00fcblich<ul><li>&#8222;\u00dcberspringen&#8220; nur bei Erf\u00fcllung von diversen Kriterien m\u00f6glich<\/li><li>Rechtzeitige Information der Schule (Ende des vorherigen Schuljahres)<\/li><li>Auf Antrag kann die Verweildauer in Jg. 11 verk\u00fcrzt werden.<\/li><\/ul><\/li><\/ul>\n\n\n\n<h4 class=\"wp-block-heading\"><u><b>Infos, Infos, Infos \u2026<\/b><\/u><\/h4>\n\n\n\n<ul class=\"wp-block-list\"><li><a href=\"https:\/\/www.schueleraustausch.de\/\">Schueleraustausch.de &#8211; Finde heraus, wie es wirklich ist!<\/a><\/li><li><a href=\"https:\/\/weltweiser.de\/\">weltweiser: Unabh\u00e4ngige Informationen und Messen | Auslandsaufenhalte<\/a><ul><li>Veranstalter JugendBildungsmessen<\/li><\/ul><\/li><li><b>Unsere B\u00fccherei:<\/b><ul><li>Thomas Terbeck, Handbuch Fernweh. Der Ratgeber zum Sch\u00fcleraustausch<br>(Fokus auf den Organisationen, auch Stipendien)<\/li><\/ul><ul><li>Jack Harte, Abenteuer High School<br>(Fokus auf Erfahrungsberichte &amp; das Drumherum)<\/li><\/ul><\/li><\/ul>\n\n\n\n<h4 class=\"wp-block-heading\"><u><b>Ansprechpartner<\/b><\/u><\/h4>\n\n\n\n<ul class=\"wp-block-list\"><li><b>Herr Frank<\/b> in der Schulleitung des Gymnasiums Haren (Ems)<\/li><li><b>Frau Jansen \/ Frau T\u00f6bben <\/b>f\u00fcr die Fachschaft Englisch am Gymnasium Haren (Ems)<br><a href=\"&#109;&#x61;&#x69;l&#116;&#x6f;:&#97;&#x75;&#x73;&#108;&#x61;&#x6e;d&#115;&#x61;u&#102;&#x65;&#x6e;&#116;&#x68;&#x61;l&#116;&#x40;g&#121;&#x6d;&#x68;&#97;&#x72;&#x65;n&#46;&#x64;e\">&#x61;u&#x73;&#108;&#x61;&#110;&#x64;&#x73;a&#x75;&#102;&#x65;&#110;&#x74;&#104;a&#x6c;&#116;&#x40;&#103;&#x79;&#109;h&#x61;&#114;&#x65;&#110;&#x2e;&#100;e<\/a><\/li><li><b>Hanna Janssen <\/b>f\u00fcr das Parlamentarische Austauschprogramm (PPP) <br>(ehemalige Sch\u00fclerin und Teilnehmerin im Schuljahr 2021\/22)<\/li><\/ul>\n","protected":false},"excerpt":{"rendered":"<p>M\u00f6glichkeiten Sprachreisen Au Pair Work &amp; travel Rotary Youth Exchange Auslandsstudium High School Aufenthalt Finanzierung &#8211; Stipendien Firmenstipendien Parlamentarisches Patenschafts-Programm (Bewerbungsfrist: 08. September 2023) Deutscher Bundestag &#8211; Parlamentarisches Patenschafts-Programm (PPP) Stipendien der Veranstalter u.a. WELTB\u00dcRGER \u2013 Stipendien (Thomas Terbeck, Handbuch<\/p>\n","protected":false},"author":1256,"featured_media":0,"parent":0,"menu_order":4,"comment_status":"closed","ping_status":"closed","template":"","meta":{"footnotes":""},"class_list":["post-6443","page","type-page","status-publish","hentry"],"_links":{"self":[{"href":"https:\/\/wordpress.nibis.de\/gymharen\/wp-json\/wp\/v2\/pages\/6443","targetHints":{"allow":["GET"]}}],"collection":[{"href":"https:\/\/wordpress.nibis.de\/gymharen\/wp-json\/wp\/v2\/pages"}],"about":[{"href":"https:\/\/wordpress.nibis.de\/gymharen\/wp-json\/wp\/v2\/types\/page"}],"author":[{"embeddable":true,"href":"https:\/\/wordpress.nibis.de\/gymharen\/wp-json\/wp\/v2\/users\/1256"}],"replies":[{"embeddable":true,"href":"https:\/\/wordpress.nibis.de\/gymharen\/wp-json\/wp\/v2\/comments?post=6443"}],"version-history":[{"count":6,"href":"https:\/\/wordpress.nibis.de\/gymharen\/wp-json\/wp\/v2\/pages\/6443\/revisions"}],"predecessor-version":[{"id":6915,"href":"https:\/\/wordpress.nibis.de\/gymharen\/wp-json\/wp\/v2\/pages\/6443\/revisions\/6915"}],"wp:attachment":[{"href":"https:\/\/wordpress.nibis.de\/gymharen\/wp-json\/wp\/v2\/media?parent=6443"}],"curies":[{"name":"wp","href":"https:\/\/api.w.org\/{rel}","templated":true}]}}