{"id":971,"date":"2018-11-29T15:37:10","date_gmt":"2018-11-29T14:37:10","guid":{"rendered":"http:\/\/wordpress.nibis.de\/gymharen\/?page_id=971"},"modified":"2019-10-18T13:39:36","modified_gmt":"2019-10-18T11:39:36","slug":"bso-jahrgang-7","status":"publish","type":"page","link":"https:\/\/wordpress.nibis.de\/gymharen\/berufs-und-studienorientierung\/bso-jahrgaenge\/bso-jahrgang-7\/","title":{"rendered":"[:de]Berufs- und Studienorientierung Jahrgang 7[:]"},"content":{"rendered":"<p>[:de]<strong>Inhaltliche Ausgestaltung<\/strong><\/p>\n<p align=\"center\"><img decoding=\"async\" src=\"https:\/\/plaene.gymnasium-haren.de\/sonstiges\/jg7.jpg\" alt=\"\" \/><\/p>\n<p style=\"text-align: justify\" align=\"center\"><strong> Angebot \u201eStudien- und Berufsorientierung\u201c<\/strong><\/p>\n<p style=\"text-align: justify\" align=\"center\"><em>verbindlich<\/em>:<\/p>\n<ul>\n<li style=\"list-style-type: none\">\n<ul>\n<li style=\"text-align: justify\">Zukunftstag f\u00fcr M\u00e4dchen und Jungen<\/li>\n<\/ul>\n<\/li>\n<\/ul>\n<p><em>fakultativ<\/em>:<\/p>\n<ul>\n<li style=\"list-style-type: none\">\n<ul>\n<li>Emsl\u00e4ndische Mathematik-Olympiade (Fach Mathematik)<\/li>\n<li>Wettbewerb \u201eDiercke Wissen\u201c (Fach Erdkunde)<\/li>\n<li>Wettbewerb \u201eThe Big Challenge\u201c (Fach Englisch)<\/li>\n<li>AG Schulchor<\/li>\n<li>AG Band<\/li>\n<li>AG Querfl\u00f6tenensemble<\/li>\n<li>AG Sch\u00fclerzeitung<\/li>\n<li>Theater-AG<\/li>\n<li>AG Bibliothek<\/li>\n<li>Fu\u00dfball-AG<\/li>\n<\/ul>\n<\/li>\n<\/ul>\n<hr \/>\n<p style=\"text-align: center\">|<a href=\"http:\/\/wordpress.nibis.de\/gymharen\/bso-jahrgang-5\/\">Jg 5<\/a>|<a href=\"http:\/\/wordpress.nibis.de\/gymharen\/bso-jahrgang-6\">Jg 6<\/a>|<a href=\"http:\/\/wordpress.nibis.de\/gymharen\/bso-jahrgang-7\/\">Jg 7<\/a>|<a href=\"http:\/\/wordpress.nibis.de\/gymharen\/bso-jahrgang-8\/\">Jg 8<\/a>|<a href=\"http:\/\/wordpress.nibis.de\/gymharen\/bso-jahrgang-9\/\">Jg 9<\/a>|<a href=\"http:\/\/wordpress.nibis.de\/gymharen\/bso-jahrgang-10\/\">Jg 10<\/a>|<a href=\"http:\/\/wordpress.nibis.de\/gymharen\/bso-jahrgang-11\/\">Jg 11<\/a>|<a href=\"http:\/\/wordpress.nibis.de\/gymharen\/bso-jahrgang-12\/\">Jg 12<\/a>|<a href=\"http:\/\/wordpress.nibis.de\/gymharen\/berufs-und-studienorientierung\/bso-jahrgaenge\/berufs-und-studienorientierung-jahrgang-13\/\">Jg 13<\/a>|<\/p>\n<p>[:]<\/p>\n\n\n<p><\/p>\n","protected":false},"excerpt":{"rendered":"<p>[:de]Inhaltliche Ausgestaltung Angebot \u201eStudien- und Berufsorientierung\u201c verbindlich: Zukunftstag f\u00fcr M\u00e4dchen und Jungen fakultativ: Emsl\u00e4ndische Mathematik-Olympiade (Fach Mathematik) Wettbewerb \u201eDiercke Wissen\u201c (Fach Erdkunde) Wettbewerb \u201eThe Big Challenge\u201c (Fach Englisch) AG Schulchor AG Band AG Querfl\u00f6tenensemble AG Sch\u00fclerzeitung Theater-AG AG Bibliothek Fu\u00dfball-AG<\/p>\n","protected":false},"author":1256,"featured_media":0,"parent":989,"menu_order":77,"comment_status":"closed","ping_status":"closed","template":"","meta":{"footnotes":""},"class_list":["post-971","page","type-page","status-publish","hentry"],"_links":{"self":[{"href":"https:\/\/wordpress.nibis.de\/gymharen\/wp-json\/wp\/v2\/pages\/971","targetHints":{"allow":["GET"]}}],"collection":[{"href":"https:\/\/wordpress.nibis.de\/gymharen\/wp-json\/wp\/v2\/pages"}],"about":[{"href":"https:\/\/wordpress.nibis.de\/gymharen\/wp-json\/wp\/v2\/types\/page"}],"author":[{"embeddable":true,"href":"https:\/\/wordpress.nibis.de\/gymharen\/wp-json\/wp\/v2\/users\/1256"}],"replies":[{"embeddable":true,"href":"https:\/\/wordpress.nibis.de\/gymharen\/wp-json\/wp\/v2\/comments?post=971"}],"version-history":[{"count":7,"href":"https:\/\/wordpress.nibis.de\/gymharen\/wp-json\/wp\/v2\/pages\/971\/revisions"}],"predecessor-version":[{"id":2778,"href":"https:\/\/wordpress.nibis.de\/gymharen\/wp-json\/wp\/v2\/pages\/971\/revisions\/2778"}],"up":[{"embeddable":true,"href":"https:\/\/wordpress.nibis.de\/gymharen\/wp-json\/wp\/v2\/pages\/989"}],"wp:attachment":[{"href":"https:\/\/wordpress.nibis.de\/gymharen\/wp-json\/wp\/v2\/media?parent=971"}],"curies":[{"name":"wp","href":"https:\/\/api.w.org\/{rel}","templated":true}]}}