{"id":981,"date":"2018-11-29T15:38:24","date_gmt":"2018-11-29T14:38:24","guid":{"rendered":"http:\/\/wordpress.nibis.de\/gymharen\/?page_id=981"},"modified":"2023-08-22T18:00:51","modified_gmt":"2023-08-22T16:00:51","slug":"bso-jahrgang-12","status":"publish","type":"page","link":"https:\/\/wordpress.nibis.de\/gymharen\/berufs-und-studienorientierung\/bso-jahrgaenge\/bso-jahrgang-12\/","title":{"rendered":"Berufs- und Studienorientierung Jahrgang 12"},"content":{"rendered":"<p><strong>Inhaltliche Ausgestaltung<\/strong><\/p>\n<p align=\"center\"><img decoding=\"async\" src=\"https:\/\/plaene.gymnasium-haren.de\/sonstiges\/jg12.jpg\" alt=\"\" \/><\/p>\n<p style=\"text-align: justify\" align=\"center\"><strong> Angebot \u201eStudien- und Berufsorientierung\u201c<\/strong><\/p>\n<p style=\"text-align: justify\" align=\"center\"><em>verbindlich:<\/em><\/p>\n<ul>\n<li style=\"list-style-type: none\">\n<ul>\n<li>Facharbeit (Seminarfach)<\/li>\n<li>Besuch der Universit\u00e4tsbibliothek Oldenburg (Seminarfach)<\/li>\n<li>Agentur f\u00fcr Arbeit: Basisinformation f\u00fcr Ausbildung und Studium<\/li>\n<li>Hochschulinformationstag<\/li>\n<li>Teilnahme am \u201eHELP\u201c-Planspiel (humanit\u00e4res Projekt), Politik-Wirtschaft (eA)<\/li>\n<li>Betriebserkundung Firma R\u00f6chling Engineering Plastics (Fach Chemie)<\/li>\n<\/ul>\n<\/li>\n<\/ul>\n<p style=\"text-align: justify\" align=\"center\"><em>fakultativ:<\/em><\/p>\n<ul>\n<li style=\"list-style-type: none\">\n<ul>\n<li>Besuch der Abi-Zukunft-Messe Emsland<\/li>\n<li>Sch\u00fclerseminar an der TU Clausthal (Fach Chemie, eA)<\/li>\n<li>Einzelberatung durch den Berufsberater der <strong>Bundesagentur f\u00fcr Arbeit<\/strong><br \/>\n[<a href=\"https:\/\/plaene.gymnasium-haren.de\/sonstiges\/vorstellung_berufs_studienberater.pdf\" rel=\"noopener noreferrer\">Vorstellung der Berufsberaterin<\/a>]<br \/>\n[<a href=\"https:\/\/plaene.gymnasium-haren.de\/sonstiges\/221014_Anmeldebogen.pdf\">Anmeldebogen f\u00fcr eine Beratung<\/a>]<br \/>\n[<a href=\"https:\/\/plaene.gymnasium-haren.de\/sonstiges\/Linkliste.pdf\" rel=\"noopener noreferrer\">Informationsquellen zur Berufs- und Studienwahl (Linkliste)<\/a>]<\/li>\n<li>Angebote zur Berufsorientierung von der <strong>Jobb\u00f6rse<\/strong>\n<ul>\n<li>Ausbildung finden:\u00a0<a href=\"https:\/\/www.jobb\u00f6rse-stellenangebote.de\/ausbildung\/\">https:\/\/www.jobb\u00f6rse-stellenangebote.de\/ausbildung\/<\/a><\/li>\n<li>Praktikum finden: <a href=\"https:\/\/www.jobb\u00f6rse-stellenangebote.de\/praktikum\/\">https:\/\/www.jobb\u00f6rse-stellenangebote.de\/praktikum\/<\/a><\/li>\n<li>Berufsorientierung: <a href=\"https:\/\/www.jobb\u00f6rse-stellenangebote.de\/berufsbereich\/\">https:\/\/www.jobb\u00f6rse-stellenangebote.de\/berufsbereich\/<\/a><\/li>\n<li>Stellenangebote: <a href=\"https:\/\/www.jobb\u00f6rse.de\/\">https:\/\/www.jobb\u00f6rse.de\/<\/a><\/li>\n<\/ul>\n<\/li>\n<li>Informationsveranstaltung \u201eStudieren in den Niederlanden\u201c<\/li>\n<li>AG Schulchor<\/li>\n<li>AG Band<\/li>\n<li>AG Querfl\u00f6tenensemble<\/li>\n<li>AG Schulsanit\u00e4tsdienst<\/li>\n<li>Theater-AG<\/li>\n<li>AG Basketball<\/li>\n<li>AG Bibliothek<\/li>\n<\/ul>\n<\/li>\n<\/ul>\n<hr \/>\n<p style=\"text-align: center\">|<a href=\"http:\/\/wordpress.nibis.de\/gymharen\/bso-jahrgang-5\/\">Jg 5<\/a>|<a href=\"http:\/\/wordpress.nibis.de\/gymharen\/bso-jahrgang-6\">Jg 6<\/a>|<a href=\"http:\/\/wordpress.nibis.de\/gymharen\/bso-jahrgang-7\/\">Jg 7<\/a>|<a href=\"http:\/\/wordpress.nibis.de\/gymharen\/bso-jahrgang-8\/\">Jg 8<\/a>|<a href=\"http:\/\/wordpress.nibis.de\/gymharen\/bso-jahrgang-9\/\">Jg 9<\/a>|<a href=\"http:\/\/wordpress.nibis.de\/gymharen\/bso-jahrgang-10\/\">Jg 10<\/a>|<a href=\"http:\/\/wordpress.nibis.de\/gymharen\/bso-jahrgang-11\/\">Jg 11<\/a>|<a href=\"http:\/\/wordpress.nibis.de\/gymharen\/bso-jahrgang-12\/\">Jg 12<\/a>|<a href=\"http:\/\/wordpress.nibis.de\/gymharen\/berufs-und-studienorientierung\/bso-jahrgaenge\/berufs-und-studienorientierung-jahrgang-13\/\">Jg 13<\/a>|<\/p>\n","protected":false},"excerpt":{"rendered":"<p>Inhaltliche Ausgestaltung Angebot \u201eStudien- und Berufsorientierung\u201c verbindlich: Facharbeit (Seminarfach) Besuch der Universit\u00e4tsbibliothek Oldenburg (Seminarfach) Agentur f\u00fcr Arbeit: Basisinformation f\u00fcr Ausbildung und Studium Hochschulinformationstag Teilnahme am \u201eHELP\u201c-Planspiel (humanit\u00e4res Projekt), Politik-Wirtschaft (eA) Betriebserkundung Firma R\u00f6chling Engineering Plastics (Fach Chemie) fakultativ: Besuch der<\/p>\n","protected":false},"author":1256,"featured_media":0,"parent":989,"menu_order":72,"comment_status":"closed","ping_status":"closed","template":"","meta":{"footnotes":""},"class_list":["post-981","page","type-page","status-publish","hentry"],"_links":{"self":[{"href":"https:\/\/wordpress.nibis.de\/gymharen\/wp-json\/wp\/v2\/pages\/981","targetHints":{"allow":["GET"]}}],"collection":[{"href":"https:\/\/wordpress.nibis.de\/gymharen\/wp-json\/wp\/v2\/pages"}],"about":[{"href":"https:\/\/wordpress.nibis.de\/gymharen\/wp-json\/wp\/v2\/types\/page"}],"author":[{"embeddable":true,"href":"https:\/\/wordpress.nibis.de\/gymharen\/wp-json\/wp\/v2\/users\/1256"}],"replies":[{"embeddable":true,"href":"https:\/\/wordpress.nibis.de\/gymharen\/wp-json\/wp\/v2\/comments?post=981"}],"version-history":[{"count":14,"href":"https:\/\/wordpress.nibis.de\/gymharen\/wp-json\/wp\/v2\/pages\/981\/revisions"}],"predecessor-version":[{"id":6369,"href":"https:\/\/wordpress.nibis.de\/gymharen\/wp-json\/wp\/v2\/pages\/981\/revisions\/6369"}],"up":[{"embeddable":true,"href":"https:\/\/wordpress.nibis.de\/gymharen\/wp-json\/wp\/v2\/pages\/989"}],"wp:attachment":[{"href":"https:\/\/wordpress.nibis.de\/gymharen\/wp-json\/wp\/v2\/media?parent=981"}],"curies":[{"name":"wp","href":"https:\/\/api.w.org\/{rel}","templated":true}]}}