{"id":104,"date":"2019-01-28T09:54:32","date_gmt":"2019-01-28T08:54:32","guid":{"rendered":"http:\/\/wordpress.nibis.de\/gymlox\/?page_id=104"},"modified":"2019-11-11T16:53:03","modified_gmt":"2019-11-11T15:53:03","slug":"mensa","status":"publish","type":"page","link":"https:\/\/wordpress.nibis.de\/gymlox\/mensa\/","title":{"rendered":"Mensa"},"content":{"rendered":"<p>Im Dezember 2009 wurden die R\u00e4umlichkeiten der Mensa er\u00f6ffnet. Der helle und sch\u00f6n eingerichtete Raum, der liebevoll von unseren Mensafrauen, Frau Wilcks und Frau Kramer, gepflegt und passend zur Saison geschm\u00fcckt wird, l\u00e4dt zum Verweilen ein. Es sind oftmals Sch\u00fcler der neunten und zehnten Klassen, die ihre Mittagspause dort verbringen. Seit Herbst 2011 wird unsere Mensa jedoch nicht nur von Sch\u00fclern der Haupt- und Realschule und des Gymnasiums besucht, sondern auch von den Hortkindern der Ev.-luth. Kindertagest\u00e4tte St. Marien in Loxstedt. Unsere Mensa wird seit Februar 2012 vom <a href=\"https:\/\/ti-menue-service.de\/\" target=\"_blank\" rel=\"noopener noreferrer\">ti-Men\u00fc-Service Tiltscher GmbH &amp; Co. KG<\/a> beliefert und erfreut sich seitdem zunehmender Beliebtheit.<\/p>\n\n\n<div class=\"wp-block-image\"><figure class=\"aligncenter is-resized\"><img loading=\"lazy\" decoding=\"async\" src=\"https:\/\/wordpress.nibis.de\/gymlox\/files\/2019\/01\/Men_520.jpg\" alt=\"\" class=\"wp-image-292\" width=\"646\" height=\"485\" \/><figcaption>Im Dezember 2009 wurden die R\u00e4umlichkeiten der Mensa er\u00f6ffnet. <\/figcaption><\/figure><\/div>\n\n\n\n<p>Im Schnitt essen ca. 50 Sch\u00fcler und Sch\u00fclerinnen sowie Lehrer und Lehrerinnen montags bis donnerstags in den R\u00e4umlichkeiten; am Freitag werden nur die Hortkindern dort verpflegt. Wir legen viel Wert auf gesunde Kost und bieten den Sch\u00fclern t\u00e4glich neben einem fleischhaltigen Men\u00fc zus\u00e4tzlich ein Vegetarisches an. Einmal pro Woche gibt es auch einen rein vegetarischen Tag. Zu jedem Essen bekommen die Kinder Wasser zu trinken und einen kleinen Salat oder ein Dessert als Beilage.<\/p>\n\n\n\n<p>Seit Dienstag, den 20.06.2012 k\u00f6nnen schnellentschlossene Mensabesucher direkt an dem Tag, an dem sie essen wollen, ein Essen bei den Mensafrauen bestellen. Diese M\u00f6glichkeit besteht in den ersten Minuten der 20er Pause.<\/p>\n\n\n\n<figure class=\"wp-block-image\"><img decoding=\"async\" src=\"https:\/\/wordpress.nibis.de\/gymlox\/files\/2019\/08\/DSC_0663v-640x675.jpg\" alt=\"\" class=\"wp-image-590\" \/><figcaption>Michaela Kramer<br> Mitarbeiterin Mensa<\/figcaption><\/figure>\n\n\n\n<figure class=\"wp-block-image\"><img decoding=\"async\" src=\"https:\/\/wordpress.nibis.de\/gymlox\/files\/2019\/08\/DSC_0666v-640x675.jpg\" alt=\"\" class=\"wp-image-591\" \/><figcaption>Jurin Wilcks<br> Mitarbeiterin Mensa<\/figcaption><\/figure>\n","protected":false},"excerpt":{"rendered":"<p>Im Dezember 2009 wurden die R\u00e4umlichkeiten der Mensa er\u00f6ffnet. Der helle und sch\u00f6n eingerichtete Raum, der liebevoll von unseren Mensafrauen, Frau Wilcks und Frau Kramer, gepflegt und passend zur Saison geschm\u00fcckt wird, l\u00e4dt zum Verweilen ein. Es sind oftmals Sch\u00fcler &hellip; <a href=\"https:\/\/wordpress.nibis.de\/gymlox\/mensa\/\">Weiterlesen <span class=\"meta-nav\">&rarr;<\/span><\/a><\/p>\n","protected":false},"author":1356,"featured_media":0,"parent":0,"menu_order":0,"comment_status":"closed","ping_status":"closed","template":"","meta":{"footnotes":""},"class_list":["post-104","page","type-page","status-publish","hentry"],"_links":{"self":[{"href":"https:\/\/wordpress.nibis.de\/gymlox\/wp-json\/wp\/v2\/pages\/104","targetHints":{"allow":["GET"]}}],"collection":[{"href":"https:\/\/wordpress.nibis.de\/gymlox\/wp-json\/wp\/v2\/pages"}],"about":[{"href":"https:\/\/wordpress.nibis.de\/gymlox\/wp-json\/wp\/v2\/types\/page"}],"author":[{"embeddable":true,"href":"https:\/\/wordpress.nibis.de\/gymlox\/wp-json\/wp\/v2\/users\/1356"}],"replies":[{"embeddable":true,"href":"https:\/\/wordpress.nibis.de\/gymlox\/wp-json\/wp\/v2\/comments?post=104"}],"version-history":[{"count":8,"href":"https:\/\/wordpress.nibis.de\/gymlox\/wp-json\/wp\/v2\/pages\/104\/revisions"}],"predecessor-version":[{"id":921,"href":"https:\/\/wordpress.nibis.de\/gymlox\/wp-json\/wp\/v2\/pages\/104\/revisions\/921"}],"wp:attachment":[{"href":"https:\/\/wordpress.nibis.de\/gymlox\/wp-json\/wp\/v2\/media?parent=104"}],"curies":[{"name":"wp","href":"https:\/\/api.w.org\/{rel}","templated":true}]}}