{"id":110,"date":"2019-01-28T09:56:46","date_gmt":"2019-01-28T08:56:46","guid":{"rendered":"http:\/\/wordpress.nibis.de\/gymlox\/?page_id=110"},"modified":"2019-11-10T19:19:31","modified_gmt":"2019-11-10T18:19:31","slug":"lehrmittel-materialien","status":"publish","type":"page","link":"https:\/\/wordpress.nibis.de\/gymlox\/lehrmittel-materialien\/","title":{"rendered":"Lehrmittel \/ Materialien"},"content":{"rendered":"\n<p>Wie an allen nieders\u00e4chsischen Schulen besteht an unserer Schule die M\u00f6glichkeit, Lernmittel gegen Zahlung eines Entgelts auszuleihen. Es k\u00f6nnen alle ausleihf\u00e4higen Schulb\u00fccher als Paket ausgeliehen werden, eine Einzelausleihe von B\u00fcchern ist nicht m\u00f6glich. <\/p>\n\n\n\n<p>Welche B\u00fccher ausgeliehen werden k\u00f6nnen und welche B\u00fccher und Arbeitshefte wir nicht verleihen und die Sie deshalb kaufen m\u00fcssen, finden Sie mit den Bestellnummern und den Preisen in der <a href=\"https:\/\/wordpress.nibis.de\/gymlox\/downloads\/\">Lernmittelliste auf der Seite &#8222;Downloads&#8220;<\/a>. <\/p>\n\n\n\n<p>Ebenfalls unter &#8222;Downloads&#8220; finden Sie die <a href=\"https:\/\/wordpress.nibis.de\/gymlox\/downloads\/\">Materialliste f\u00fcr den Jahrgang 5<\/a> sowie die <a href=\"https:\/\/wordpress.nibis.de\/gymlox\/downloads\/\">Materialliste f\u00fcr den Kunstunterricht<\/a>.<\/p>\n","protected":false},"excerpt":{"rendered":"<p>Wie an allen nieders\u00e4chsischen Schulen besteht an unserer Schule die M\u00f6glichkeit, Lernmittel gegen Zahlung eines Entgelts auszuleihen. Es k\u00f6nnen alle ausleihf\u00e4higen Schulb\u00fccher als Paket ausgeliehen werden, eine Einzelausleihe von B\u00fcchern ist nicht m\u00f6glich. Welche B\u00fccher ausgeliehen werden k\u00f6nnen und welche &hellip; <a href=\"https:\/\/wordpress.nibis.de\/gymlox\/lehrmittel-materialien\/\">Weiterlesen <span class=\"meta-nav\">&rarr;<\/span><\/a><\/p>\n","protected":false},"author":1356,"featured_media":0,"parent":0,"menu_order":0,"comment_status":"closed","ping_status":"closed","template":"","meta":{"footnotes":""},"class_list":["post-110","page","type-page","status-publish","hentry"],"_links":{"self":[{"href":"https:\/\/wordpress.nibis.de\/gymlox\/wp-json\/wp\/v2\/pages\/110","targetHints":{"allow":["GET"]}}],"collection":[{"href":"https:\/\/wordpress.nibis.de\/gymlox\/wp-json\/wp\/v2\/pages"}],"about":[{"href":"https:\/\/wordpress.nibis.de\/gymlox\/wp-json\/wp\/v2\/types\/page"}],"author":[{"embeddable":true,"href":"https:\/\/wordpress.nibis.de\/gymlox\/wp-json\/wp\/v2\/users\/1356"}],"replies":[{"embeddable":true,"href":"https:\/\/wordpress.nibis.de\/gymlox\/wp-json\/wp\/v2\/comments?post=110"}],"version-history":[{"count":7,"href":"https:\/\/wordpress.nibis.de\/gymlox\/wp-json\/wp\/v2\/pages\/110\/revisions"}],"predecessor-version":[{"id":893,"href":"https:\/\/wordpress.nibis.de\/gymlox\/wp-json\/wp\/v2\/pages\/110\/revisions\/893"}],"wp:attachment":[{"href":"https:\/\/wordpress.nibis.de\/gymlox\/wp-json\/wp\/v2\/media?parent=110"}],"curies":[{"name":"wp","href":"https:\/\/api.w.org\/{rel}","templated":true}]}}