{"id":114,"date":"2019-01-28T09:58:57","date_gmt":"2019-01-28T08:58:57","guid":{"rendered":"http:\/\/wordpress.nibis.de\/gymlox\/?page_id=114"},"modified":"2023-03-07T21:02:34","modified_gmt":"2023-03-07T20:02:34","slug":"anmeldung-jahrgang-5","status":"publish","type":"page","link":"https:\/\/wordpress.nibis.de\/gymlox\/anmeldung-jahrgang-5\/","title":{"rendered":"Anmeldung Jahrgang 5"},"content":{"rendered":"\n<p>Im Mai findet jeweils die Anmeldung der Kinder aus den vierten Klassen an den weiterf\u00fchrenden Schulen statt. Die Unterlagen daf\u00fcr werden Sie rechtzeitig \u00fcber die Grundschulen erhalten. <\/p>\n\n\n\n<p>(Bitte nutzen Sie nicht das Schreiben aus dem Vorjahr.) <\/p>\n","protected":false},"excerpt":{"rendered":"<p>Im Mai findet jeweils die Anmeldung der Kinder aus den vierten Klassen an den weiterf\u00fchrenden Schulen statt. Die Unterlagen daf\u00fcr werden Sie rechtzeitig \u00fcber die Grundschulen erhalten. (Bitte nutzen Sie nicht das Schreiben aus dem Vorjahr.)<\/p>\n","protected":false},"author":1356,"featured_media":0,"parent":0,"menu_order":0,"comment_status":"closed","ping_status":"closed","template":"","meta":{"footnotes":""},"class_list":["post-114","page","type-page","status-publish","hentry"],"_links":{"self":[{"href":"https:\/\/wordpress.nibis.de\/gymlox\/wp-json\/wp\/v2\/pages\/114","targetHints":{"allow":["GET"]}}],"collection":[{"href":"https:\/\/wordpress.nibis.de\/gymlox\/wp-json\/wp\/v2\/pages"}],"about":[{"href":"https:\/\/wordpress.nibis.de\/gymlox\/wp-json\/wp\/v2\/types\/page"}],"author":[{"embeddable":true,"href":"https:\/\/wordpress.nibis.de\/gymlox\/wp-json\/wp\/v2\/users\/1356"}],"replies":[{"embeddable":true,"href":"https:\/\/wordpress.nibis.de\/gymlox\/wp-json\/wp\/v2\/comments?post=114"}],"version-history":[{"count":10,"href":"https:\/\/wordpress.nibis.de\/gymlox\/wp-json\/wp\/v2\/pages\/114\/revisions"}],"predecessor-version":[{"id":1817,"href":"https:\/\/wordpress.nibis.de\/gymlox\/wp-json\/wp\/v2\/pages\/114\/revisions\/1817"}],"wp:attachment":[{"href":"https:\/\/wordpress.nibis.de\/gymlox\/wp-json\/wp\/v2\/media?parent=114"}],"curies":[{"name":"wp","href":"https:\/\/api.w.org\/{rel}","templated":true}]}}