{"id":116,"date":"2019-01-28T09:59:50","date_gmt":"2019-01-28T08:59:50","guid":{"rendered":"http:\/\/wordpress.nibis.de\/gymlox\/?page_id=116"},"modified":"2026-04-08T21:53:26","modified_gmt":"2026-04-08T19:53:26","slug":"downloads","status":"publish","type":"page","link":"https:\/\/wordpress.nibis.de\/gymlox\/downloads\/","title":{"rendered":"Downloads"},"content":{"rendered":"\n<h3 class=\"wp-block-heading\">Lernmittel \/ Materialien<\/h3>\n\n\n\n<div class=\"wp-block-file\"><a id=\"wp-block-file--media-39b0dfb9-c785-4e17-80b7-05f4a2452c87\" href=\"https:\/\/wordpress.nibis.de\/gymlox\/files\/2025\/05\/Schulbuecherverzeichnis-2025-2026-Stand-2025-05-04.pdf\">Schulb\u00fccherverzeichnis 2025\/2026<\/a><a href=\"https:\/\/wordpress.nibis.de\/gymlox\/files\/2025\/05\/Schulbuecherverzeichnis-2025-2026-Stand-2025-05-04.pdf\" class=\"wp-block-file__button wp-element-button\" download aria-describedby=\"wp-block-file--media-39b0dfb9-c785-4e17-80b7-05f4a2452c87\">Herunterladen<\/a><\/div>\n\n\n\n<div class=\"wp-block-file\"><a id=\"wp-block-file--media-83918fac-7daf-495b-93f0-07077580cc4e\" href=\"https:\/\/wordpress.nibis.de\/gymlox\/files\/2025\/04\/gymlox-Materialliste-Jg5.pdf\">Materialliste Jahrgang 5<\/a><a href=\"https:\/\/wordpress.nibis.de\/gymlox\/files\/2025\/04\/gymlox-Materialliste-Jg5.pdf\" class=\"wp-block-file__button wp-element-button\" download aria-describedby=\"wp-block-file--media-83918fac-7daf-495b-93f0-07077580cc4e\">Herunterladen<\/a><\/div>\n\n\n\n<div class=\"wp-block-file\"><a id=\"wp-block-file--media-f22f40db-e3f0-4c6a-9d07-49d9f233bc09\" href=\"https:\/\/wordpress.nibis.de\/gymlox\/files\/2025\/04\/gymlox-Materialliste-Fach-Kunst.pdf\">Materialliste Fach Kunst<\/a><a href=\"https:\/\/wordpress.nibis.de\/gymlox\/files\/2025\/04\/gymlox-Materialliste-Fach-Kunst.pdf\" class=\"wp-block-file__button wp-element-button\" download aria-describedby=\"wp-block-file--media-f22f40db-e3f0-4c6a-9d07-49d9f233bc09\">Herunterladen<\/a><\/div>\n\n\n\n<h3 class=\"wp-block-heading\" id=\"dokumente\">Weitere Dokumente<\/h3>\n\n\n\n<div class=\"wp-block-file\"><a id=\"wp-block-file--media-9076fdf0-51ac-4fb9-966f-60b170c705b1\" href=\"https:\/\/wordpress.nibis.de\/gymlox\/files\/2026\/02\/Schulordnung-Stand-2026-02.pdf\">Schulordnung<\/a><a href=\"https:\/\/wordpress.nibis.de\/gymlox\/files\/2026\/02\/Schulordnung-Stand-2026-02.pdf\" class=\"wp-block-file__button wp-element-button\" download aria-describedby=\"wp-block-file--media-9076fdf0-51ac-4fb9-966f-60b170c705b1\">Herunterladen<\/a><\/div>\n\n\n\n<div class=\"wp-block-file\"><a id=\"wp-block-file--media-19eac6d2-5e21-4063-bb65-5caea72bb823\" href=\"https:\/\/wordpress.nibis.de\/gymlox\/files\/2019\/11\/gymlox-Waffenerlass.pdf\">Waffenerlass<\/a><a href=\"https:\/\/wordpress.nibis.de\/gymlox\/files\/2019\/11\/gymlox-Waffenerlass.pdf\" class=\"wp-block-file__button wp-element-button\" download aria-describedby=\"wp-block-file--media-19eac6d2-5e21-4063-bb65-5caea72bb823\">Herunterladen<\/a><\/div>\n\n\n\n<div class=\"wp-block-file\"><a id=\"wp-block-file--media-11be86be-3c94-45b2-858b-7be2321ac6d1\" href=\"https:\/\/wordpress.nibis.de\/gymlox\/files\/2026\/04\/gymlox-Merkblatt-2026.pdf\">Merkblatt f\u00fcr Erziehungsberechtigte und Sch\u00fclerinnen und Sch\u00fcler<\/a><a href=\"https:\/\/wordpress.nibis.de\/gymlox\/files\/2026\/04\/gymlox-Merkblatt-2026.pdf\" class=\"wp-block-file__button wp-element-button\" download aria-describedby=\"wp-block-file--media-11be86be-3c94-45b2-858b-7be2321ac6d1\">Herunterladen<\/a><\/div>\n\n\n\n<p><\/p>\n\n\n\n\n","protected":false},"excerpt":{"rendered":"<p>Lernmittel \/ Materialien Weitere Dokumente<\/p>\n","protected":false},"author":1356,"featured_media":0,"parent":0,"menu_order":0,"comment_status":"closed","ping_status":"closed","template":"","meta":{"footnotes":""},"class_list":["post-116","page","type-page","status-publish","hentry"],"_links":{"self":[{"href":"https:\/\/wordpress.nibis.de\/gymlox\/wp-json\/wp\/v2\/pages\/116","targetHints":{"allow":["GET"]}}],"collection":[{"href":"https:\/\/wordpress.nibis.de\/gymlox\/wp-json\/wp\/v2\/pages"}],"about":[{"href":"https:\/\/wordpress.nibis.de\/gymlox\/wp-json\/wp\/v2\/types\/page"}],"author":[{"embeddable":true,"href":"https:\/\/wordpress.nibis.de\/gymlox\/wp-json\/wp\/v2\/users\/1356"}],"replies":[{"embeddable":true,"href":"https:\/\/wordpress.nibis.de\/gymlox\/wp-json\/wp\/v2\/comments?post=116"}],"version-history":[{"count":34,"href":"https:\/\/wordpress.nibis.de\/gymlox\/wp-json\/wp\/v2\/pages\/116\/revisions"}],"predecessor-version":[{"id":2753,"href":"https:\/\/wordpress.nibis.de\/gymlox\/wp-json\/wp\/v2\/pages\/116\/revisions\/2753"}],"wp:attachment":[{"href":"https:\/\/wordpress.nibis.de\/gymlox\/wp-json\/wp\/v2\/media?parent=116"}],"curies":[{"name":"wp","href":"https:\/\/api.w.org\/{rel}","templated":true}]}}