{"id":118,"date":"2019-01-28T10:00:17","date_gmt":"2019-01-28T09:00:17","guid":{"rendered":"http:\/\/wordpress.nibis.de\/gymlox\/?page_id=118"},"modified":"2019-08-12T20:06:00","modified_gmt":"2019-08-12T18:06:00","slug":"schulkleidung","status":"publish","type":"page","link":"https:\/\/wordpress.nibis.de\/gymlox\/schulkleidung\/","title":{"rendered":"Schulkleidung"},"content":{"rendered":"\n<p><\/p>\n\n\n\n<p class=\"has-medium-font-size\">Schulkleidung oder Schulshirts am Gymnasium Loxstedt?<\/p>\n\n\n\n<p><\/p>\n\n\n\n<p>Die Diskussion, Schulkleidung an deutschen Schulen\neinzuf\u00fchren, ist in Deutschland nicht neu. Auch am Gymnasium Loxstedt wurde\ndar\u00fcber in der Vergangenheit immer wieder in den verschiedenen Gremien beraten.\nDie wichtigsten Argumente sind Gleichheit (bezogen auf auf die monet\u00e4ren\nM\u00f6glichkeiten der Eltern) unter den Sch\u00fclerinnen und Sch\u00fclern und der\nIdentit\u00e4tsgedanke mit der Schule sowie eine positive Au\u00dfenwirkung. Am Gymnasium\nLoxstedt konnte sich eine Einf\u00fchrung einer einheitlichen, verpflichtenden&nbsp; Schulkleidung bisher allerdings nicht\ndurchsetzen. Der Gedanke, ein Schulshirt zu kreieren, welches freiwillig\ngetragen werden kann, ist jedoch seit der Gr\u00fcndung unserer Schule im Jahr 1977\nmehrmals aufgenommen und (soweit bekannt) dreimal in verschiedenen Varianten\n(siehe Bilder) in die Tat umgesetzt worden. Das letzte und immer noch aktuelle\nModell wurde vor ein paar Jahren auf Anregung der Gesamtkonferenz durch die SV\ngestaltet und organisatorisch verwaltet. Das Logo wurde durch einen\nSchulwettbewerb ermittelt. Da es auf freiwilliger Basis gekauft und getragen\nwerden kann, besitzen nicht alle Sch\u00fclerinnen und Sch\u00fcler, Lehrerinnen und\nLehrer dieses Schulshirt, aber viele tragen das T-Shirt, den Pullover oder den\nHoodie vor allem aus Identit\u00e4tsgr\u00fcnden. Vielleicht wird die n\u00e4chste SV das\nmomentane Modell aktualisieren (bezogen auf das Logo und die Modelle).<\/p>\n\n\n\n<figure class=\"wp-block-image\"><img loading=\"lazy\" decoding=\"async\" width=\"1200\" height=\"1600\" src=\"https:\/\/wordpress.nibis.de\/gymlox\/files\/2019\/08\/4d06c0da-3c1b-46c3-9ab6-820801c59bcd.jpg\" alt=\"\" class=\"wp-image-581\" srcset=\"https:\/\/wordpress.nibis.de\/gymlox\/files\/2019\/08\/4d06c0da-3c1b-46c3-9ab6-820801c59bcd.jpg 1200w, https:\/\/wordpress.nibis.de\/gymlox\/files\/2019\/08\/4d06c0da-3c1b-46c3-9ab6-820801c59bcd-768x1024.jpg 768w\" sizes=\"auto, (max-width: 1200px) 100vw, 1200px\" \/><\/figure>\n\n\n\n<figure class=\"wp-block-image\"><img loading=\"lazy\" decoding=\"async\" width=\"1200\" height=\"1600\" src=\"https:\/\/wordpress.nibis.de\/gymlox\/files\/2019\/08\/489245c3-98e6-4846-93a3-e0bf603c3cea.jpg\" alt=\"\" class=\"wp-image-582\" srcset=\"https:\/\/wordpress.nibis.de\/gymlox\/files\/2019\/08\/489245c3-98e6-4846-93a3-e0bf603c3cea.jpg 1200w, https:\/\/wordpress.nibis.de\/gymlox\/files\/2019\/08\/489245c3-98e6-4846-93a3-e0bf603c3cea-768x1024.jpg 768w\" sizes=\"auto, (max-width: 1200px) 100vw, 1200px\" \/><\/figure>\n\n\n\n<figure class=\"wp-block-image\"><img loading=\"lazy\" decoding=\"async\" width=\"1200\" height=\"1600\" src=\"https:\/\/wordpress.nibis.de\/gymlox\/files\/2019\/08\/7959caac-181c-4ce0-ae9a-6dd709ee11c6.jpg\" alt=\"\" class=\"wp-image-583\" srcset=\"https:\/\/wordpress.nibis.de\/gymlox\/files\/2019\/08\/7959caac-181c-4ce0-ae9a-6dd709ee11c6.jpg 1200w, https:\/\/wordpress.nibis.de\/gymlox\/files\/2019\/08\/7959caac-181c-4ce0-ae9a-6dd709ee11c6-768x1024.jpg 768w\" sizes=\"auto, (max-width: 1200px) 100vw, 1200px\" \/><\/figure>\n\n\n\n<p>Es existiert auch ein Sondermodell in Form eines schwarzen\nT-Shirts anl\u00e4sslich des 40j\u00e4hrigen Bestehens unseres Gymnasiums. Das Logo wurde\nim Rahmen des Kunstunterrichts im 9. Jahrgang von einer Sch\u00fclerin entworfen.<\/p>\n\n\n\n<p>&nbsp;&nbsp;&nbsp;&nbsp;&nbsp;&nbsp;&nbsp;&nbsp;&nbsp;&nbsp;&nbsp;&nbsp;&nbsp;&nbsp;&nbsp;&nbsp;&nbsp;&nbsp;&nbsp;&nbsp;&nbsp;&nbsp;&nbsp;&nbsp;&nbsp;&nbsp;&nbsp;&nbsp;&nbsp;&nbsp;&nbsp;&nbsp;&nbsp;&nbsp;&nbsp;&nbsp;&nbsp;&nbsp;&nbsp;&nbsp;&nbsp;&nbsp;&nbsp;&nbsp;&nbsp;&nbsp;&nbsp;&nbsp;&nbsp;&nbsp;&nbsp;&nbsp;&nbsp;&nbsp;&nbsp;&nbsp;&nbsp;&nbsp;&nbsp;&nbsp;&nbsp;&nbsp;&nbsp;&nbsp;&nbsp;&nbsp;&nbsp;&nbsp;&nbsp;&nbsp;&nbsp;&nbsp;&nbsp;&nbsp;&nbsp;&nbsp;&nbsp;&nbsp;&nbsp;&nbsp;&nbsp;&nbsp;&nbsp;&nbsp;&nbsp;&nbsp;&nbsp;&nbsp;&nbsp;&nbsp;&nbsp;&nbsp;&nbsp;&nbsp;&nbsp;&nbsp;&nbsp;&nbsp;&nbsp;&nbsp;&nbsp;&nbsp;&nbsp;&nbsp;&nbsp;&nbsp;&nbsp;&nbsp;&nbsp;&nbsp;&nbsp;&nbsp;&nbsp;&nbsp;&nbsp;&nbsp;&nbsp; Torsten\nMeyer <\/p>\n","protected":false},"excerpt":{"rendered":"<p>Schulkleidung oder Schulshirts am Gymnasium Loxstedt? Die Diskussion, Schulkleidung an deutschen Schulen einzuf\u00fchren, ist in Deutschland nicht neu. Auch am Gymnasium Loxstedt wurde dar\u00fcber in der Vergangenheit immer wieder in den verschiedenen Gremien beraten. Die wichtigsten Argumente sind Gleichheit (bezogen &hellip; <a href=\"https:\/\/wordpress.nibis.de\/gymlox\/schulkleidung\/\">Weiterlesen <span class=\"meta-nav\">&rarr;<\/span><\/a><\/p>\n","protected":false},"author":1356,"featured_media":0,"parent":0,"menu_order":0,"comment_status":"closed","ping_status":"closed","template":"","meta":{"footnotes":""},"class_list":["post-118","page","type-page","status-publish","hentry"],"_links":{"self":[{"href":"https:\/\/wordpress.nibis.de\/gymlox\/wp-json\/wp\/v2\/pages\/118","targetHints":{"allow":["GET"]}}],"collection":[{"href":"https:\/\/wordpress.nibis.de\/gymlox\/wp-json\/wp\/v2\/pages"}],"about":[{"href":"https:\/\/wordpress.nibis.de\/gymlox\/wp-json\/wp\/v2\/types\/page"}],"author":[{"embeddable":true,"href":"https:\/\/wordpress.nibis.de\/gymlox\/wp-json\/wp\/v2\/users\/1356"}],"replies":[{"embeddable":true,"href":"https:\/\/wordpress.nibis.de\/gymlox\/wp-json\/wp\/v2\/comments?post=118"}],"version-history":[{"count":4,"href":"https:\/\/wordpress.nibis.de\/gymlox\/wp-json\/wp\/v2\/pages\/118\/revisions"}],"predecessor-version":[{"id":584,"href":"https:\/\/wordpress.nibis.de\/gymlox\/wp-json\/wp\/v2\/pages\/118\/revisions\/584"}],"wp:attachment":[{"href":"https:\/\/wordpress.nibis.de\/gymlox\/wp-json\/wp\/v2\/media?parent=118"}],"curies":[{"name":"wp","href":"https:\/\/api.w.org\/{rel}","templated":true}]}}