{"id":12,"date":"2018-05-31T22:39:57","date_gmt":"2018-05-31T20:39:57","guid":{"rendered":"http:\/\/wordpress.nibis.de\/gymlox\/?page_id=12"},"modified":"2026-03-11T10:32:02","modified_gmt":"2026-03-11T09:32:02","slug":"impressum","status":"publish","type":"page","link":"https:\/\/wordpress.nibis.de\/gymlox\/impressum\/","title":{"rendered":"Impressum"},"content":{"rendered":"<div class=\"entry-content\">\n<h2>Gymnasium Loxstedt<\/h2>\n<h3>Diensteanbieter im Sinne des DDG:<\/h3>\n<p>Land Niedersachsen<\/p>\n<p>vertreten durch<\/p>\n<h3>Schulleitung:<\/h3>\n<p>Uwe Stockmeier, StD, Schulleiter<br \/>\nJens Domasch, StD, Kommissarischer Schulleiter<\/p>\n<p>Gymnasium Loxstedt<br \/>\nGorch-Fock-Stra\u00dfe 4<br \/>\n27612 Loxstedt<br \/>\nTel.: 04744 92500<br \/>\nFax: 04744 925050<br \/>\nE-Mail: &#x73;&#99;h&#x75;&#108;l&#x65;&#105;t&#x75;&#110;g&#x40;&#103;y&#x6d;&#x6e;a&#x73;&#x69;&#117;&#x6d;&#x2d;&#108;&#x6f;&#x78;&#115;t&#x65;&#100;t&#x2e;&#100;e<\/p>\n<\/div>\n<div class=\"wp-block-group alignwide has-global-padding is-layout-constrained wp-block-group-is-layout-constrained\">\n<h3 class=\"wp-block-heading alignwide has-text-align-left custom-subtitle is-style-default has-contrast-color has-text-color has-link-color has-body-font-family wp-elements-a4097799b75647fc7df78001ba701eb3\">Haftung f\u00fcr Inhalte:<\/h3>\n<div class=\"wp-block-group alignwide is-vertical is-layout-flex wp-container-core-group-is-layout-bdb189f8 wp-block-group-is-layout-flex\">\n<p class=\"has-contrast-color has-text-color has-link-color wp-elements-489d43695dc4982edf88a63e14b35888\">Die Inhalte unserer Seiten wurden mit gr\u00f6\u00dfter Sorgfalt erstellt. F\u00fcr die Richtigkeit, Vollst\u00e4ndigkeit und Aktualit\u00e4t der Inhalte k\u00f6nnen wir jedoch keine Gew\u00e4hr \u00fcbernehmen. Als Diensteanbieter sind wir gem\u00e4\u00df \u00a7 7 DDG f\u00fcr eigene Inhalte auf diesen Seiten nach den allgemeinen Gesetzen verantwortlich. Als Diensteanbieter sind wir jedoch nicht verpflichtet, \u00fcbermittelte oder gespeicherte fremde Informationen zu \u00fcberwachen oder nach Umst\u00e4nden zu forschen, die auf eine rechtswidrige T\u00e4tigkeit hinweisen. Verpflichtungen zur Entfernung oder Sperrung der Nutzung von Informationen nach den allgemeinen Gesetzen bleiben hiervon unber\u00fchrt. Eine diesbez\u00fcgliche Haftung ist jedoch erst ab dem Zeitpunkt der Kenntnis einer konkreten Rechtsverletzung m\u00f6glich. Bei Bekanntwerden von entsprechenden Rechtsverletzungen werden wir diese Inhalte umgehend entfernen.<\/p>\n<\/div>\n<\/div>\n<div class=\"wp-block-group alignwide has-global-padding is-layout-constrained wp-block-group-is-layout-constrained\">\n<h3 class=\"wp-block-heading alignwide has-text-align-left custom-subtitle is-style-default has-contrast-color has-text-color has-link-color has-body-font-family wp-elements-221c73edb560814b8ee4329773923599\">Haftung f\u00fcr Links:<\/h3>\n<div class=\"wp-block-group alignwide is-vertical is-layout-flex wp-container-core-group-is-layout-bdb189f8 wp-block-group-is-layout-flex\">\n<p class=\"has-contrast-color has-text-color has-link-color wp-elements-fe1ad83f8d3463fb06bbd62100488390\">Unser Angebot enth\u00e4lt auch Links zu externen Webseiten Dritter, auf deren Inhalte wir keinen Einfluss haben. Deshalb k\u00f6nnen wir f\u00fcr diese fremden Inhalte auch keine Gew\u00e4hr \u00fcbernehmen. F\u00fcr die Inhalte der verlinkten Seiten sind die jeweiligen Anbieter oder Betreiber der Seiten verantwortlich. Die verlinkten Seiten wurden zum Zeitpunkt der Verlinkung nach bestem Wissen und Gewissen auf eventuelle Rechtsverst\u00f6\u00dfe \u00fcberpr\u00fcft. Eine st\u00e4ndige inhaltliche \u00dcberpr\u00fcfung der verlinkten Seiten ist jedoch ohne konkrete Anhaltspunkte einer Rechtsverletzung nicht zumutbar. Bei Bekanntwerden von Rechtsverletzungen werden wir derartige Links umgehend entfernen.<\/p>\n<\/div>\n<\/div>\n<div class=\"wp-block-group alignwide has-global-padding is-layout-constrained wp-block-group-is-layout-constrained\">\n<h3 class=\"wp-block-heading alignwide has-text-align-left custom-subtitle is-style-default has-contrast-color has-text-color has-link-color has-body-font-family wp-elements-a767aebe1b833da86cda4146af6101c2\">Urheberrecht:<\/h3>\n<div class=\"wp-block-group alignwide is-vertical is-layout-flex wp-container-core-group-is-layout-bdb189f8 wp-block-group-is-layout-flex\">\n<p class=\"has-contrast-color has-text-color has-link-color wp-elements-7b811875853a2eeeff5bb62148a54579\">Die durch die Seitenbetreiber erstellten Inhalte und Werke auf diesen Seiten unterliegen dem deutschen Urheberrecht. Die Vervielf\u00e4ltigung, Bearbeitung, Verbreitung und jede Art der Verwertung au\u00dferhalb der Grenzen des Urheberrechtes bed\u00fcrfen der schriftlichen Zustimmung des jeweiligen Autors bzw. Erstellers. Downloads und Kopien dieser Seite sind nur f\u00fcr den privaten, nicht kommerziellen Gebrauch gestattet. Soweit die Inhalte auf dieser Seite nicht vom Betreiber erstellt wurden, werden die Urheberrechte Dritter beachtet. Insbesondere werden Inhalte Dritter als solche gekennzeichnet. Sollten Sie trotzdem auf eine Urheberrechtsverletzung aufmerksam werden, bitten wir um einen entsprechenden Hinweis. Bei Bekanntwerden von Rechtsverletzungen werden wir derartige Inhalte umgehend entfernen.<\/p>\n<\/div>\n<\/div>\n","protected":false},"excerpt":{"rendered":"<p>Gymnasium Loxstedt Diensteanbieter im Sinne des DDG: Land Niedersachsen vertreten durch Schulleitung: Uwe Stockmeier, StD, Schulleiter Jens Domasch, StD, Kommissarischer Schulleiter Gymnasium Loxstedt Gorch-Fock-Stra\u00dfe 4 27612 Loxstedt Tel.: 04744 92500 Fax: 04744 925050 E-Mail: &#115;&#99;&#x68;u&#108;&#x6c;&#x65;i&#116;&#x75;&#x6e;g&#64;&#x67;&#x79;m&#110;&#x61;&#x73;i&#117;&#x6d;&#x2d;l&#111;&#x78;s&#116;&#101;&#x64;t&#46;&#x64;&#x65; Haftung f\u00fcr Inhalte: Die Inhalte &hellip; <a href=\"https:\/\/wordpress.nibis.de\/gymlox\/impressum\/\">Weiterlesen <span class=\"meta-nav\">&rarr;<\/span><\/a><\/p>\n","protected":false},"author":1356,"featured_media":0,"parent":0,"menu_order":0,"comment_status":"closed","ping_status":"closed","template":"","meta":{"footnotes":""},"class_list":["post-12","page","type-page","status-publish","hentry"],"_links":{"self":[{"href":"https:\/\/wordpress.nibis.de\/gymlox\/wp-json\/wp\/v2\/pages\/12","targetHints":{"allow":["GET"]}}],"collection":[{"href":"https:\/\/wordpress.nibis.de\/gymlox\/wp-json\/wp\/v2\/pages"}],"about":[{"href":"https:\/\/wordpress.nibis.de\/gymlox\/wp-json\/wp\/v2\/types\/page"}],"author":[{"embeddable":true,"href":"https:\/\/wordpress.nibis.de\/gymlox\/wp-json\/wp\/v2\/users\/1356"}],"replies":[{"embeddable":true,"href":"https:\/\/wordpress.nibis.de\/gymlox\/wp-json\/wp\/v2\/comments?post=12"}],"version-history":[{"count":10,"href":"https:\/\/wordpress.nibis.de\/gymlox\/wp-json\/wp\/v2\/pages\/12\/revisions"}],"predecessor-version":[{"id":2740,"href":"https:\/\/wordpress.nibis.de\/gymlox\/wp-json\/wp\/v2\/pages\/12\/revisions\/2740"}],"wp:attachment":[{"href":"https:\/\/wordpress.nibis.de\/gymlox\/wp-json\/wp\/v2\/media?parent=12"}],"curies":[{"name":"wp","href":"https:\/\/api.w.org\/{rel}","templated":true}]}}