{"id":1234,"date":"2020-08-27T17:04:12","date_gmt":"2020-08-27T15:04:12","guid":{"rendered":"https:\/\/wordpress.nibis.de\/gymlox\/?page_id=1234"},"modified":"2025-10-05T18:34:50","modified_gmt":"2025-10-05T16:34:50","slug":"beratung","status":"publish","type":"page","link":"https:\/\/wordpress.nibis.de\/gymlox\/beratung\/","title":{"rendered":"Beratung"},"content":{"rendered":"\n<p>Liebe Sch\u00fcler, liebe Eltern des Gymnasiums Loxstedt,<\/p>\n\n\n\n<p>an dieser Stelle m\u00f6chte ich mich gerne in meiner Funktion als Beratungslehrerin vorstellen.<\/p>\n\n\n\n<p>Mein Name ist <strong>Anna Kaczmarczyk.<\/strong><\/p>\n\n\n\n<p>Ich habe in meiner Funktion als Beratungslehrerin ein offenes Ohr f\u00fcr Sch\u00fcler und Sch\u00fclerinnen, Eltern, wie auch Kollegen und Kolleginnen.<\/p>\n\n\n\n<p>Sollten Sie sich oder Ihr euch mit Fragen, Sorgen und \u00c4ngsten herumschlagen mit deren Bew\u00e4ltigung Sie\/Ihr allein nicht zurechtkommt, so kann ich beratend zur Seite stehen, helfen oder zumindest an die richtige Stelle vermitteln.<\/p>\n\n\n\n<p>Die Gespr\u00e4che sind immer vertraulich und freiwillig. Die Termine werden nach Absprache vergeben, also sprecht oder schreibt mich an.<\/p>\n\n\n\n<p>Zu finden bin ich bei den Aufsichten, am Mittwoch in der ersten Pause bei der Mensa und am Donnerstag in der zweiten Pause drau\u00dfen.  <\/p>\n\n\n\n<p>Au\u00dferdem bin ich per E-Mail zu erreichen: <a href=\"&#x6d;&#x61;&#x69;&#x6c;&#x74;&#x6f;&#x3a;&#x62;&#x65;&#x72;&#x61;&#x74;&#x75;&#x6e;&#103;&#64;&#103;&#121;&#109;&#108;&#111;&#120;&#46;&#100;&#101;\">&#x62;e&#x72;a&#x74;&#117;&#x6e;&#103;&#64;&#x67;y&#x6d;&#108;&#x6f;&#120;&#x2e;&#100;e<\/a> <\/p>\n\n\n\n<p>Ich freue mich auf Sie\/Euch.<\/p>\n\n\n\n<p>Anna Kaczmarczyk<\/p>\n","protected":false},"excerpt":{"rendered":"<p>Liebe Sch\u00fcler, liebe Eltern des Gymnasiums Loxstedt, an dieser Stelle m\u00f6chte ich mich gerne in meiner Funktion als Beratungslehrerin vorstellen. Mein Name ist Anna Kaczmarczyk. Ich habe in meiner Funktion als Beratungslehrerin ein offenes Ohr f\u00fcr Sch\u00fcler und Sch\u00fclerinnen, Eltern, &hellip; <a href=\"https:\/\/wordpress.nibis.de\/gymlox\/beratung\/\">Weiterlesen <span class=\"meta-nav\">&rarr;<\/span><\/a><\/p>\n","protected":false},"author":1356,"featured_media":0,"parent":0,"menu_order":0,"comment_status":"closed","ping_status":"closed","template":"","meta":{"footnotes":""},"class_list":["post-1234","page","type-page","status-publish","hentry"],"_links":{"self":[{"href":"https:\/\/wordpress.nibis.de\/gymlox\/wp-json\/wp\/v2\/pages\/1234","targetHints":{"allow":["GET"]}}],"collection":[{"href":"https:\/\/wordpress.nibis.de\/gymlox\/wp-json\/wp\/v2\/pages"}],"about":[{"href":"https:\/\/wordpress.nibis.de\/gymlox\/wp-json\/wp\/v2\/types\/page"}],"author":[{"embeddable":true,"href":"https:\/\/wordpress.nibis.de\/gymlox\/wp-json\/wp\/v2\/users\/1356"}],"replies":[{"embeddable":true,"href":"https:\/\/wordpress.nibis.de\/gymlox\/wp-json\/wp\/v2\/comments?post=1234"}],"version-history":[{"count":10,"href":"https:\/\/wordpress.nibis.de\/gymlox\/wp-json\/wp\/v2\/pages\/1234\/revisions"}],"predecessor-version":[{"id":2375,"href":"https:\/\/wordpress.nibis.de\/gymlox\/wp-json\/wp\/v2\/pages\/1234\/revisions\/2375"}],"wp:attachment":[{"href":"https:\/\/wordpress.nibis.de\/gymlox\/wp-json\/wp\/v2\/media?parent=1234"}],"curies":[{"name":"wp","href":"https:\/\/api.w.org\/{rel}","templated":true}]}}