{"id":142,"date":"2019-01-28T10:58:08","date_gmt":"2019-01-28T09:58:08","guid":{"rendered":"http:\/\/wordpress.nibis.de\/gymlox\/?page_id=142"},"modified":"2024-02-27T09:11:49","modified_gmt":"2024-02-27T08:11:49","slug":"englisch","status":"publish","type":"page","link":"https:\/\/wordpress.nibis.de\/gymlox\/englisch\/","title":{"rendered":"Englisch"},"content":{"rendered":"\n<p>Der Englischunterricht ist in den Klassenstufen f\u00fcnf bis acht jeweils vierst\u00fcndig und in den Klassenstufen 9 und 10 dreist\u00fcndig. In den Klassen f\u00fcnf bis sieben arbeiten wir mit dem neueingef\u00fchrten Lehrwerk\u00a0<em>Access\u00a0<\/em>von Cornelsen und in den Klassenstufen acht bis zehn nutzen wir aktuell noch das Lehrwerk\u00a0<em>Greenline<\/em>\u00a0von Klett. Im Englischunterricht lernen die Sch\u00fclerinnen und Sch\u00fcler verschieden F\u00e4higkeiten, um sich sicher auf Englisch verst\u00e4ndigen zu k\u00f6nnen. Neben dem normalen Unterricht gibt es viele M\u00f6glichkeiten, sein K\u00f6nnen anzuwenden. So gibt es j\u00e4hrlich f\u00fcr verschiedene Klassenstufen ein englisches Theater, bei dem die Sch\u00fclerinnen und Sch\u00fcler meist \u00fcberrascht sind, wie gut sie einem Theaterst\u00fcck folgen k\u00f6nnen, obwohl es in einer Fremdsprache ist. In der f\u00fcnften, siebten und neunten Klasse m\u00fcssen die Kinder ihr K\u00f6nnen im Sprechen beweisen und k\u00f6nnen bei guter Vorbereitung mit Erfolg ihre Sprechpr\u00fcfungen ablegen. Diese Sprechpr\u00fcfungen ersetzen in den Jahrg\u00e4ngen jeweils eine Klassenarbeit und bereiten die Sch\u00fclerinnen und Sch\u00fcler sehr gut auf zuk\u00fcnftige m\u00fcndliche Pr\u00fcfungen vor. In der achten Klasse findet j\u00e4hrlich der englische Vorlesewettbewerb statt. Im klasseninternen Vorentscheidung werden die beiden besten Leser der Klasse gew\u00e4hlt, welche dann im Halbfinale gegen die zwei besten Leser der anderen achten Klassen antreten. Im Finale stehen dann drei Sch\u00fcler, welche ihr K\u00f6nnen an einem unge\u00fcbten Text unter Beweis stellen m\u00fcssen. \u00a0<\/p>\n\n\n\n<p><em>Maria Nighbert<\/em><\/p>\n\n\n\n<figure class=\"wp-block-image\"><img decoding=\"async\" src=\"https:\/\/wordpress.nibis.de\/gymlox\/files\/2019\/08\/England-2018-1200x675.jpg\" alt=\"\" class=\"wp-image-380\" \/><\/figure>\n\n\n\n<p><em>Die curricularen Vorgaben im Fach Englisch sind auf dem Nieders\u00e4chsischen Bildungsserver zu finden: <a href=\"https:\/\/db2.nibis.de\/1db\/cuvo\/datei\/en_gym_si_kc_online.pdf\" target=\"_blank\" rel=\"noreferrer noopener\" aria-label=\" (\u00f6ffnet in neuem Tab)\">Kerncurriculum Englisch<\/a><\/em><\/p>\n","protected":false},"excerpt":{"rendered":"<p>Der Englischunterricht ist in den Klassenstufen f\u00fcnf bis acht jeweils vierst\u00fcndig und in den Klassenstufen 9 und 10 dreist\u00fcndig. In den Klassen f\u00fcnf bis sieben arbeiten wir mit dem neueingef\u00fchrten Lehrwerk\u00a0Access\u00a0von Cornelsen und in den Klassenstufen acht bis zehn nutzen &hellip; <a href=\"https:\/\/wordpress.nibis.de\/gymlox\/englisch\/\">Weiterlesen <span class=\"meta-nav\">&rarr;<\/span><\/a><\/p>\n","protected":false},"author":1356,"featured_media":0,"parent":0,"menu_order":0,"comment_status":"closed","ping_status":"closed","template":"","meta":{"footnotes":""},"class_list":["post-142","page","type-page","status-publish","hentry"],"_links":{"self":[{"href":"https:\/\/wordpress.nibis.de\/gymlox\/wp-json\/wp\/v2\/pages\/142","targetHints":{"allow":["GET"]}}],"collection":[{"href":"https:\/\/wordpress.nibis.de\/gymlox\/wp-json\/wp\/v2\/pages"}],"about":[{"href":"https:\/\/wordpress.nibis.de\/gymlox\/wp-json\/wp\/v2\/types\/page"}],"author":[{"embeddable":true,"href":"https:\/\/wordpress.nibis.de\/gymlox\/wp-json\/wp\/v2\/users\/1356"}],"replies":[{"embeddable":true,"href":"https:\/\/wordpress.nibis.de\/gymlox\/wp-json\/wp\/v2\/comments?post=142"}],"version-history":[{"count":5,"href":"https:\/\/wordpress.nibis.de\/gymlox\/wp-json\/wp\/v2\/pages\/142\/revisions"}],"predecessor-version":[{"id":1975,"href":"https:\/\/wordpress.nibis.de\/gymlox\/wp-json\/wp\/v2\/pages\/142\/revisions\/1975"}],"wp:attachment":[{"href":"https:\/\/wordpress.nibis.de\/gymlox\/wp-json\/wp\/v2\/media?parent=142"}],"curies":[{"name":"wp","href":"https:\/\/api.w.org\/{rel}","templated":true}]}}