{"id":144,"date":"2019-01-28T10:58:19","date_gmt":"2019-01-28T09:58:19","guid":{"rendered":"http:\/\/wordpress.nibis.de\/gymlox\/?page_id=144"},"modified":"2024-02-27T09:27:50","modified_gmt":"2024-02-27T08:27:50","slug":"franzoesisch","status":"publish","type":"page","link":"https:\/\/wordpress.nibis.de\/gymlox\/franzoesisch\/","title":{"rendered":"Franz\u00f6sisch"},"content":{"rendered":"\n<p style=\"font-weight: 400\">Informationen \u00fcber das Fach Franz\u00f6sisch<\/p>\n<p style=\"font-weight: 400\">Das Fach Franz\u00f6sisch wird am Gymnasium Loxstedt derzeit von zwei Kolleginnen und einem Kollegen unterrichtet. Sch\u00fclerinnen und Sch\u00fcler, die sich f\u00fcr Franz\u00f6sisch entschieden haben, beginnen im 6. Schuljahr mit dem Erlernen dieser zweiten Fremdsprache. In den Jahrg\u00e4ngen 6-9 werden vier Wochenstunden, im Jahrgang 10 zurzeit drei Stunden pro Woche unterrichtet.<\/p>\n<p style=\"font-weight: 400\">Im Unterricht wird das Lehrwerk \u201eD\u00e9couvertes \u2013 S\u00e9rie jaune\u201c vom Klett-Verlag verwendet. Neben dem Franz\u00f6sischbuch, das im Gymnasium Loxstedt \u201egemietet\u201c werden kann, ist ein Cahier d\u2019activit\u00e9 (=Arbeitsheft) und eine Grammatik erforderlich. Cahier und Grammatik m\u00fcssen j\u00e4hrlich von den Eltern selbst beschafft werden.<\/p>\n<p style=\"font-weight: 400\">Um erfolgreich die Fremdsprache erlernen zu k\u00f6nnen, sollten die Sch\u00fclerinnen und Sch\u00fcler sich konsequent mit dem Erlernen der Vokabeln befassen. W\u00f6chentlich wird der Erwerb des Wortschatzes durch Vokabeltests \u00fcberpr\u00fcft. Pro Halbjahr werden zudem zwei Klassenarbeiten geschrieben. In den Jahrg\u00e4ngen 7 und 9 ersetzt eine Sprechpr\u00fcfung eine schriftliche Klassenarbeit. Im Fach Franz\u00f6sisch wird die m\u00fcndliche und die schriftliche Leistung unterschiedlich gewichtet: f\u00fcr die Ermittlung der Gesamtnote z\u00e4hlt die m\u00fcndliche Leistung 60 Prozent und die schriftliche 40 Prozent. Die Noten der Vokabeltests flie\u00dfen in die m\u00fcndliche Note ein.<\/p>\n<p style=\"font-weight: 400\">Bei der Vermittlung der franz\u00f6sischen Sprache im Unterricht liegt neben dem Erlernen der Grammatik und landeskundlicher Elemente ein Schwerpunkt im kommunikativen Bereich. Das Sprechen und das H\u00f6rverstehen werden dabei besonders ber\u00fccksichtigt. Die Sch\u00fclerinnen und Sch\u00fcler lernen, sich in Alltagssituationen (wie z. B. beim Einkaufen, bei Begegnungen im Urlaub oder im Restaurant) in der Fremdsprache zu verst\u00e4ndigen. In den weiterf\u00fchrenden Klassen werden zunehmend l\u00e4ngere Texte, aber auch Filmausschnitte in der Fremdsprache analysiert und besprochen.<\/p>\n<p style=\"font-weight: 400\"><em>Die curricularen Vorgaben im Fach Franz\u00f6sisch sind auf dem Nieders\u00e4chsischen Bildungsserver zu finden:\u00a0<\/em><a href=\"https:\/\/db2.nibis.de\/1db\/cuvo\/datei\/fr_gym_si_kc_druck_2017.pdf\"><em>Kerncurriculum Franz\u00f6sisch<\/em><\/a><\/p>\n<p style=\"font-weight: 400\">\u00a0<\/p>\n","protected":false},"excerpt":{"rendered":"<p>Informationen \u00fcber das Fach Franz\u00f6sisch Das Fach Franz\u00f6sisch wird am Gymnasium Loxstedt derzeit von zwei Kolleginnen und einem Kollegen unterrichtet. Sch\u00fclerinnen und Sch\u00fcler, die sich f\u00fcr Franz\u00f6sisch entschieden haben, beginnen im 6. Schuljahr mit dem Erlernen dieser zweiten Fremdsprache. In &hellip; <a href=\"https:\/\/wordpress.nibis.de\/gymlox\/franzoesisch\/\">Weiterlesen <span class=\"meta-nav\">&rarr;<\/span><\/a><\/p>\n","protected":false},"author":1356,"featured_media":0,"parent":0,"menu_order":0,"comment_status":"closed","ping_status":"closed","template":"","meta":{"footnotes":""},"class_list":["post-144","page","type-page","status-publish","hentry"],"_links":{"self":[{"href":"https:\/\/wordpress.nibis.de\/gymlox\/wp-json\/wp\/v2\/pages\/144","targetHints":{"allow":["GET"]}}],"collection":[{"href":"https:\/\/wordpress.nibis.de\/gymlox\/wp-json\/wp\/v2\/pages"}],"about":[{"href":"https:\/\/wordpress.nibis.de\/gymlox\/wp-json\/wp\/v2\/types\/page"}],"author":[{"embeddable":true,"href":"https:\/\/wordpress.nibis.de\/gymlox\/wp-json\/wp\/v2\/users\/1356"}],"replies":[{"embeddable":true,"href":"https:\/\/wordpress.nibis.de\/gymlox\/wp-json\/wp\/v2\/comments?post=144"}],"version-history":[{"count":6,"href":"https:\/\/wordpress.nibis.de\/gymlox\/wp-json\/wp\/v2\/pages\/144\/revisions"}],"predecessor-version":[{"id":1981,"href":"https:\/\/wordpress.nibis.de\/gymlox\/wp-json\/wp\/v2\/pages\/144\/revisions\/1981"}],"wp:attachment":[{"href":"https:\/\/wordpress.nibis.de\/gymlox\/wp-json\/wp\/v2\/media?parent=144"}],"curies":[{"name":"wp","href":"https:\/\/api.w.org\/{rel}","templated":true}]}}