{"id":152,"date":"2019-01-28T10:58:57","date_gmt":"2019-01-28T09:58:57","guid":{"rendered":"http:\/\/wordpress.nibis.de\/gymlox\/?page_id=152"},"modified":"2019-11-15T17:05:31","modified_gmt":"2019-11-15T16:05:31","slug":"latein","status":"publish","type":"page","link":"https:\/\/wordpress.nibis.de\/gymlox\/latein\/","title":{"rendered":"Latein"},"content":{"rendered":"\n<p><strong>Schulinterner Lehrplan f\u00fcr\ndas Fach Latein<\/strong><\/p>\n\n\n\n<p>Die\nSch\u00fclerinnen und Sch\u00fcler erlernen die lateinische Sprache ab der 6. Klasse und\nbesch\u00e4ftigen sich dabei mit lateinischen Texten und mit der antiken Kultur. <\/p>\n\n\n\n<p>In\nden Klassen 6-9 und dann in der Lekt\u00fcrephase ab Klasse 10 erwerben die\nSch\u00fclerinnen und Sch\u00fcler vielf\u00e4ltige verschiedene Kompetenzen in den Bereichen\nSprache, Texterschlie\u00dfung, Kultur und Methodik. <\/p>\n\n\n\n<p>Kompetenzen\numfassen Kenntnisse, F\u00e4higkeiten und Fertigkeiten, aber auch die\nBereitschaften, Haltungen und Einstellungen.<\/p>\n\n\n\n<p>Leistungsfeststellungen\nund Leistungsbewertungen geben den Sch\u00fclern R\u00fcckmeldungen \u00fcber den erreichten\nKompetenzstand.<\/p>\n\n\n\n<p>Zur\nLeistungsfeststellung werden die Ergebnisse der schriftlichen, der m\u00fcndlichen\nund anderer spezifischer Lernkontrollen herangezogen.<\/p>\n\n\n\n<p>Die\nschriftlichen Lernkontrollen bestehen aus einer \u00dcbersetzungsaufgabe und\nweiteren Aufgaben. Diese weiteren Aufgaben bereiten die \u00dcbersetzungsaufgabe\nvor, vertiefen oder erg\u00e4nzen sie und gehen bis zu einem Drittel in die\nGesamtbewertung ein.<\/p>\n\n\n\n<p>Zu\nden m\u00fcndlichen und anderen fachspezifischen Leistungen z\u00e4hlen z.B. Beitr\u00e4ge zum\nUnterrichtsgespr\u00e4ch, m\u00fcndliche \u00dcberpr\u00fcfungen, Unterrichtsdokumentationen (Mappe,\nHeft), Anwenden fachspezifischer Methoden und Arbeitsweisen, Ergebnisse von\nPartner- und Gruppenarbeiten und deren Darstellung, Pr\u00e4sentationen (Referat,\nPlakat, Modell), Umgang mit Medien und anderen fachspezifischen Hilfsmitteln\nund sprach- und sachbezogene Kurztests.<\/p>\n\n\n\n<p>Bei\nm\u00fcndlichen Beitr\u00e4gen ist zu ber\u00fccksichtigen, dass nicht die Quantit\u00e4t sondern\ndie Qualit\u00e4t der Beitr\u00e4ge f\u00fcr die Beurteilung ma\u00dfgeblich ist.<\/p>\n\n\n\n<p>Die\nErgebnisse der schriftlichen und sonstigen Leistungen gehen etwa\ngleichgewichtig in die Zeugnisnote ein.<\/p>\n\n\n\n<p>In\nden Klassen 6-9 dient als Lehrwerk \u201eAdeamus!\u201c Texte und \u00dcbungen, Ausgabe A, herausgegeben\nvon V. Berchtold und Prof. Dr. M. Schauer.<\/p>\n\n\n\n<p>In\nder 10. Klasse erschlie\u00dfen die Sch\u00fcler und Sch\u00fclerinnen leichte Originaltexte\n(Biographien, Texte zur Romanisierung und Sklavenfrage). Sie \u00fcbersetzen diese\nad\u00e4quat ins Deutsche und interpretieren sie. Texte von den m\u00f6glichen Autoren\nwie Nepos, Caesar (Bellum Gallicum), Phaedrus (Fabeln) und Martial (Epigramme)\nbieten Einblicke in Themen, Gattungen und Epochen der lateinischen Literatur.<\/p>\n\n\n\n<p>Am\nEnde des Schuljahrgangs 10 erwerben die Sch\u00fcler und Sch\u00fclerinnen das Kleine\nLatinum.<\/p>\n\n\n\n<p><em>Die curricularen Vorgaben im Fach Latein sind auf dem Nieders\u00e4chsischen Bildungsserver zu finden: <a href=\"https:\/\/db2.nibis.de\/1db\/cuvo\/datei\/la_gym_si_kc_druck_2017.pdf\" target=\"_blank\" rel=\"noreferrer noopener\" aria-label=\"Kerncurriculum Latein (\u00f6ffnet in neuem Tab)\">Kerncurriculum Latein<\/a><\/em><\/p>\n","protected":false},"excerpt":{"rendered":"<p>Schulinterner Lehrplan f\u00fcr das Fach Latein Die Sch\u00fclerinnen und Sch\u00fcler erlernen die lateinische Sprache ab der 6. Klasse und besch\u00e4ftigen sich dabei mit lateinischen Texten und mit der antiken Kultur. In den Klassen 6-9 und dann in der Lekt\u00fcrephase ab &hellip; <a href=\"https:\/\/wordpress.nibis.de\/gymlox\/latein\/\">Weiterlesen <span class=\"meta-nav\">&rarr;<\/span><\/a><\/p>\n","protected":false},"author":1356,"featured_media":0,"parent":0,"menu_order":0,"comment_status":"closed","ping_status":"closed","template":"","meta":{"footnotes":""},"class_list":["post-152","page","type-page","status-publish","hentry"],"_links":{"self":[{"href":"https:\/\/wordpress.nibis.de\/gymlox\/wp-json\/wp\/v2\/pages\/152","targetHints":{"allow":["GET"]}}],"collection":[{"href":"https:\/\/wordpress.nibis.de\/gymlox\/wp-json\/wp\/v2\/pages"}],"about":[{"href":"https:\/\/wordpress.nibis.de\/gymlox\/wp-json\/wp\/v2\/types\/page"}],"author":[{"embeddable":true,"href":"https:\/\/wordpress.nibis.de\/gymlox\/wp-json\/wp\/v2\/users\/1356"}],"replies":[{"embeddable":true,"href":"https:\/\/wordpress.nibis.de\/gymlox\/wp-json\/wp\/v2\/comments?post=152"}],"version-history":[{"count":4,"href":"https:\/\/wordpress.nibis.de\/gymlox\/wp-json\/wp\/v2\/pages\/152\/revisions"}],"predecessor-version":[{"id":955,"href":"https:\/\/wordpress.nibis.de\/gymlox\/wp-json\/wp\/v2\/pages\/152\/revisions\/955"}],"wp:attachment":[{"href":"https:\/\/wordpress.nibis.de\/gymlox\/wp-json\/wp\/v2\/media?parent=152"}],"curies":[{"name":"wp","href":"https:\/\/api.w.org\/{rel}","templated":true}]}}