{"id":160,"date":"2019-01-28T10:59:42","date_gmt":"2019-01-28T09:59:42","guid":{"rendered":"http:\/\/wordpress.nibis.de\/gymlox\/?page_id=160"},"modified":"2019-11-15T17:07:53","modified_gmt":"2019-11-15T16:07:53","slug":"politik-wirtschaft","status":"publish","type":"page","link":"https:\/\/wordpress.nibis.de\/gymlox\/politik-wirtschaft\/","title":{"rendered":"Politik-Wirtschaft"},"content":{"rendered":"\n<p>Politik und Wirtschaft<\/p>\n\n\n\n<p>In der 8. Klasse beginnt der Politik- und\nWirtschaftsunterricht f\u00fcr alle Sch\u00fclerinnen und Sch\u00fcler. Zu Beginn lernen die\nKinder, welche Aufgaben und Pflichten eine Gemeinde hat, wie das Zusammenleben\nin Deutschland geregelt ist, wie Wahlen ablaufen und was eine Demokratie ist.\nNeben dem tagesaktuellen Geschehen bekommen die Sch\u00fclerinnen und Sch\u00fcler auch\neinen Einblick in die Grundlagen der Wirtschaft. Schon in der 8. Klasse m\u00fcssen\ndie Sch\u00fclerinnen und Sch\u00fcler ihre Bewerbungen f\u00fcr ihr Praktikum in der 9.\nKlasse schreiben. Das Praktikum erm\u00f6glicht einen guten ersten Einblick in die\nArbeitswelt und die Praktikumsmappe ersetzt in diesem Halbjahr die Note der\nKlassenarbeit. Die 9. Klassen erhalten im 2. Schulhalbjahr die M\u00f6glichkeit, den\nLandtag in Hannover zu besuchen. Dabei d\u00fcrfen sie als Zuschauer an einer\nLandtagssitzung teilnehmen. In der 10. Klasse werden die Inhalte der Politik\nund Wirtschaft im Unterricht vertieft und die Sch\u00fclerinnen und Sch\u00fcler bekommen\ndie M\u00f6glichkeit, im Europa-Caf\u00e9 Themen, die sie selbst betreffen, zu\ndiskutieren und Antr\u00e4ge an das EU-Parlament zu senden. W\u00e4hrend der drei Jahre\nPolitik- und Wirtschaftsunterricht werden immer wieder M\u00f6glichkeiten geschaffen,\num die eigenen Berufsw\u00fcnsche f\u00fcr die Zukunft zu finden. Dazu dienen nicht nur\ndas Praktikum sowie die Erstellung der Praktikumsmappe, sondern auch externe\nBerufsberatung und Bewerbungstrainings. <em>Maria\nNighbert<\/em><\/p>\n\n\n\n<figure class=\"wp-block-image\"><img decoding=\"async\" src=\"https:\/\/wordpress.nibis.de\/gymlox\/files\/2019\/08\/Europa-Cafe\u0301-1200x675.jpg\" alt=\"\" class=\"wp-image-378\" \/><\/figure>\n\n\n\n<p><em>Die curricularen Vorgaben im Fach Politik-Wirtschaft sind auf dem Nieders\u00e4chsischen Bildungsserver zu finden: <a href=\"https:\/\/db2.nibis.de\/1db\/cuvo\/datei\/pw_gym_si_kc_druck.pdf\" target=\"_blank\" rel=\"noreferrer noopener\" aria-label=\"Kerncurriculum Politik-Wirtschaft (\u00f6ffnet in neuem Tab)\">Kerncurriculum Politik-Wirtschaft<\/a><\/em><\/p>\n","protected":false},"excerpt":{"rendered":"<p>Politik und Wirtschaft In der 8. Klasse beginnt der Politik- und Wirtschaftsunterricht f\u00fcr alle Sch\u00fclerinnen und Sch\u00fcler. Zu Beginn lernen die Kinder, welche Aufgaben und Pflichten eine Gemeinde hat, wie das Zusammenleben in Deutschland geregelt ist, wie Wahlen ablaufen und &hellip; <a href=\"https:\/\/wordpress.nibis.de\/gymlox\/politik-wirtschaft\/\">Weiterlesen <span class=\"meta-nav\">&rarr;<\/span><\/a><\/p>\n","protected":false},"author":1356,"featured_media":0,"parent":0,"menu_order":0,"comment_status":"closed","ping_status":"closed","template":"","meta":{"footnotes":""},"class_list":["post-160","page","type-page","status-publish","hentry"],"_links":{"self":[{"href":"https:\/\/wordpress.nibis.de\/gymlox\/wp-json\/wp\/v2\/pages\/160","targetHints":{"allow":["GET"]}}],"collection":[{"href":"https:\/\/wordpress.nibis.de\/gymlox\/wp-json\/wp\/v2\/pages"}],"about":[{"href":"https:\/\/wordpress.nibis.de\/gymlox\/wp-json\/wp\/v2\/types\/page"}],"author":[{"embeddable":true,"href":"https:\/\/wordpress.nibis.de\/gymlox\/wp-json\/wp\/v2\/users\/1356"}],"replies":[{"embeddable":true,"href":"https:\/\/wordpress.nibis.de\/gymlox\/wp-json\/wp\/v2\/comments?post=160"}],"version-history":[{"count":4,"href":"https:\/\/wordpress.nibis.de\/gymlox\/wp-json\/wp\/v2\/pages\/160\/revisions"}],"predecessor-version":[{"id":958,"href":"https:\/\/wordpress.nibis.de\/gymlox\/wp-json\/wp\/v2\/pages\/160\/revisions\/958"}],"wp:attachment":[{"href":"https:\/\/wordpress.nibis.de\/gymlox\/wp-json\/wp\/v2\/media?parent=160"}],"curies":[{"name":"wp","href":"https:\/\/api.w.org\/{rel}","templated":true}]}}