{"id":162,"date":"2019-01-28T10:59:51","date_gmt":"2019-01-28T09:59:51","guid":{"rendered":"http:\/\/wordpress.nibis.de\/gymlox\/?page_id=162"},"modified":"2019-11-15T17:08:56","modified_gmt":"2019-11-15T16:08:56","slug":"religion","status":"publish","type":"page","link":"https:\/\/wordpress.nibis.de\/gymlox\/religion\/","title":{"rendered":"Religion"},"content":{"rendered":"\n<p><strong><em>Evangelischer Religionsunterricht (EvRU) am Gymnasium Loxstedt Jahrg\u00e4nge\n5-10<\/em><\/strong><\/p>\n\n\n\n<p>Der EvRU ist durch das Grundgesetz (Art.7) und das nieders\u00e4chsische\nSchulgesetz (\u00a7124-128) als <strong>ordentliches\nSchulfach<\/strong> (zweist\u00fcndig in den Jahrg\u00e4ngen 5-10) ausgewiesen und leistet\neinen eigenst\u00e4ndigen Beitrag zum allgemeinen Bildungsauftrag. <\/p>\n\n\n\n<p>Am Gymnasium Loxstedt wird Wert auf einen <strong>religionstoleranten RU<\/strong> gelegt, der aber von der Sache her <strong>evangelisch-lutherisch<\/strong> gepr\u00e4gt ist. Ein\nstreng konfessions- und missionsbezogener RU wird von den Kolleginnen und\nKollegen nicht erteilt. <strong>Sch\u00fclerinnen und\nSch\u00fcler<\/strong> <strong>anderer oder ohne Konfession\nk\u00f6nnen am EvRU teilnehmen<\/strong>. Das Gymnasium&nbsp;\nm\u00f6chte die Inhalte des RU aus der Grundschulzeit&nbsp; durch neue, elementare Themen und\nFragestellungen erweitern und jungen Menschen in ihrer individuellen und\nreligi\u00f6s-sozialen Entwicklung verantwortlich unterst\u00fctzen. \u00dcbergeordnete\nFragestellungen im religi\u00f6sen Kontext sind: WER bin ICH? WAS m\u00f6chte ICH im\nLeben? WIE finde ICH meinen Patz im Leben? WO gehe ICH hin\n(Jenseitsvorstellungen)? Der EvRU m\u00f6chte helfen, christliche Werte und\nOrientierung in einer sich immer schneller ver\u00e4ndernden Welt zu geben. <\/p>\n\n\n\n<p>Selbstverst\u00e4ndlich spielen die <strong>Botschaft\nJesu Christi, die Bibel und das Wirken Martin Luthers<\/strong> als Eckpfeiler des\nevangelischen Selbstverst\u00e4ndnisses eine zentrale Rolle im Unterricht. Weitere\nThemenbereiche sind <strong>u.a. Menschenw\u00fcrde,\nBioethik, Strafe und S\u00fchne (z.B. Todesstrafe), kirchlicher Widerstand im\nNationalsozialismus und in der DDR, Sch\u00f6pfungstheologie, Mobbing, Fremdenhass,\nFriedensethik, Theodizee (Warum existiert das \u201eB\u00f6se\u201c in unserer Welt?), Fakten\nzu den Weltreligionen: Judentum, Islam, Hinduismus, Buddhismus, religi\u00f6se\nSekten, Biographien bedeutender Theologen, u.v.m..<\/strong><\/p>\n\n\n\n<p>Der <strong>Dialog<\/strong> zwischen und mit\nden <strong>anderen Weltreligionen<\/strong> (v. a.\nder Trialog zwischen <strong>Christentum-Judentum-Islam<\/strong>)\nist ebenfalls ein wichtiger Bestandteil des Unterrichts.<\/p>\n\n\n\n<p>Die\nFachgruppen EvRu und Werte &amp; Normen arbeiten kollegial zusammen, d.h. es\nfinden gemeinsame Fachkonferenzen und ein regelm\u00e4\u00dfiger Austausch \u00fcber sich\nber\u00fchrende Unterrichtsinhalte statt.<\/p>\n\n\n\n<p>Kolleginnen\n\/ Kollegen, die das Fach EvRU unterrichten: Frau Anika Dreher, Herr Torsten\nMeyer (Fachobmann), Frau Susanne Seifert und Frau Antje Tienken.<\/p>\n\n\n\n<p style=\"text-align:right\">&nbsp;&nbsp;&nbsp;&nbsp;&nbsp;&nbsp;&nbsp;&nbsp;&nbsp;&nbsp;&nbsp;&nbsp;&nbsp;&nbsp;&nbsp;&nbsp;&nbsp;&nbsp;&nbsp;&nbsp;&nbsp;&nbsp;&nbsp;&nbsp;&nbsp;&nbsp;&nbsp;&nbsp;&nbsp;&nbsp;&nbsp;&nbsp;&nbsp;&nbsp;&nbsp;&nbsp;&nbsp;&nbsp;&nbsp;&nbsp;&nbsp;&nbsp;&nbsp;&nbsp;&nbsp;&nbsp;&nbsp;&nbsp;&nbsp;&nbsp;&nbsp;&nbsp;&nbsp;&nbsp;&nbsp;&nbsp;&nbsp;&nbsp;&nbsp;&nbsp;&nbsp;&nbsp;&nbsp;&nbsp;&nbsp;&nbsp;&nbsp;&nbsp;&nbsp;&nbsp;&nbsp;&nbsp;&nbsp;&nbsp;&nbsp;&nbsp;&nbsp;&nbsp;&nbsp;&nbsp;&nbsp;&nbsp;&nbsp;&nbsp;&nbsp;&nbsp;&nbsp;&nbsp;&nbsp;&nbsp;&nbsp;&nbsp;&nbsp;&nbsp;&nbsp;&nbsp;&nbsp;&nbsp;&nbsp;&nbsp;&nbsp;&nbsp;&nbsp;&nbsp;&nbsp;&nbsp;&nbsp;&nbsp;&nbsp;&nbsp;&nbsp;&nbsp;&nbsp;&nbsp;&nbsp;&nbsp;&nbsp; Torsten\nMeyer<\/p>\n\n\n\n<p><em>Die curricularen Vorgaben im Fach Religion sind auf dem Nieders\u00e4chsischen Bildungsserver zu finden: <a href=\"https:\/\/db2.nibis.de\/1db\/cuvo\/datei\/re-e_gym_si_kc_2016.pdf\" target=\"_blank\" rel=\"noreferrer noopener\" aria-label=\" (\u00f6ffnet in neuem Tab)\">Kerncurriculum Evangelische Religion<\/a><\/em><\/p>\n","protected":false},"excerpt":{"rendered":"<p>Evangelischer Religionsunterricht (EvRU) am Gymnasium Loxstedt Jahrg\u00e4nge 5-10 Der EvRU ist durch das Grundgesetz (Art.7) und das nieders\u00e4chsische Schulgesetz (\u00a7124-128) als ordentliches Schulfach (zweist\u00fcndig in den Jahrg\u00e4ngen 5-10) ausgewiesen und leistet einen eigenst\u00e4ndigen Beitrag zum allgemeinen Bildungsauftrag. Am Gymnasium Loxstedt &hellip; <a href=\"https:\/\/wordpress.nibis.de\/gymlox\/religion\/\">Weiterlesen <span class=\"meta-nav\">&rarr;<\/span><\/a><\/p>\n","protected":false},"author":1356,"featured_media":0,"parent":0,"menu_order":0,"comment_status":"closed","ping_status":"closed","template":"","meta":{"footnotes":""},"class_list":["post-162","page","type-page","status-publish","hentry"],"_links":{"self":[{"href":"https:\/\/wordpress.nibis.de\/gymlox\/wp-json\/wp\/v2\/pages\/162","targetHints":{"allow":["GET"]}}],"collection":[{"href":"https:\/\/wordpress.nibis.de\/gymlox\/wp-json\/wp\/v2\/pages"}],"about":[{"href":"https:\/\/wordpress.nibis.de\/gymlox\/wp-json\/wp\/v2\/types\/page"}],"author":[{"embeddable":true,"href":"https:\/\/wordpress.nibis.de\/gymlox\/wp-json\/wp\/v2\/users\/1356"}],"replies":[{"embeddable":true,"href":"https:\/\/wordpress.nibis.de\/gymlox\/wp-json\/wp\/v2\/comments?post=162"}],"version-history":[{"count":4,"href":"https:\/\/wordpress.nibis.de\/gymlox\/wp-json\/wp\/v2\/pages\/162\/revisions"}],"predecessor-version":[{"id":959,"href":"https:\/\/wordpress.nibis.de\/gymlox\/wp-json\/wp\/v2\/pages\/162\/revisions\/959"}],"wp:attachment":[{"href":"https:\/\/wordpress.nibis.de\/gymlox\/wp-json\/wp\/v2\/media?parent=162"}],"curies":[{"name":"wp","href":"https:\/\/api.w.org\/{rel}","templated":true}]}}