{"id":164,"date":"2019-01-28T11:00:03","date_gmt":"2019-01-28T10:00:03","guid":{"rendered":"http:\/\/wordpress.nibis.de\/gymlox\/?page_id=164"},"modified":"2019-11-15T17:10:11","modified_gmt":"2019-11-15T16:10:11","slug":"sport","status":"publish","type":"page","link":"https:\/\/wordpress.nibis.de\/gymlox\/sport\/","title":{"rendered":"Sport"},"content":{"rendered":"\n<h1 class=\"wp-block-heading\">Das Fach Sport am Gymnasium Loxstedt <\/h1>\n\n\n\n<h2 class=\"wp-block-heading\"><a>1.1\nUnsere Schule<\/a><\/h2>\n\n\n\n<p>Das Gymnasium Loxstedt ist ein\nSek I Gymnasium in der Gemeinde Loxstedt\/ Landkreis Cuxhaven (Schultr\u00e4ger). Der\nSportunterricht wird f\u00fcr unsere Sch\u00fclerinnen und Sch\u00fcler der Klassenstufen 5-10\nin der Regel w\u00f6chentlich in einer Doppelstunde koedukativ erteilt.<\/p>\n\n\n\n<h2 class=\"wp-block-heading\"><a>1.2\nDie Sportst\u00e4tten<\/a><\/h2>\n\n\n\n<p>Der Sportunterricht findet in der\nam Schulzentrum liegenden Dreifeld-Sporthalle statt. In der Regel steht uns\ndabei, bedingt durch die gleichzeitige Nutzung von Schulgeb\u00e4ude, Sporthalle und\nSportst\u00e4tten durch die angrenzende HRS, jeweils ein Hallendrittel pro Klasse\nzur Verf\u00fcgung. Bei guten Wetterbedingungen nutzen wir den am Schulzentrum\nangrenzenden Sportplatz sowie den \u201eRoten Platz\u201c (kleiner Hartplatz). <\/p>\n\n\n\n<h2 class=\"wp-block-heading\"><a>1.3\nGanztagsangebote<\/a><\/h2>\n\n\n\n<p>Sportangebote im Rahmen unserer\noffenen Ganztagsschule k\u00f6nnen momentan nur nach personellen M\u00f6glichkeiten\nofferiert werden. Derzeit k\u00f6nnen lediglich durch eine Kooperation mit der\nHaupt- und Realschule im Ganztagsbereich vereinzelt sportliche Angebote f\u00fcr\nunsere Sch\u00fclerinnen und Sch\u00fcler angew\u00e4hlt werden.<\/p>\n\n\n\n<h2 class=\"wp-block-heading\"><a>1.4\nExterne Sportwettbewerbe<\/a><\/h2>\n\n\n\n<p>Einmal j\u00e4hrlich organisiert die\nFG Sport die Bundesjugendspiele Leichtathletik\/ Wettbewerb (zwei Auswahltermine\nbei gutem Wetter, sonst Entfall). Die im Rahmen des Sportunterrichts dort\nerzielten Ergebnisse werden zur Erlangung des Sportabzeichens angerechnet und\nnach R\u00fccksprache an entsprechende Vereine weitergegeben. Die Teilnehme am\nWettbewerb Jugend trainiert f\u00fcr Olympia (JtfO) wurde aufgrund eines\nFachkonferenzbeschlusses in Ermangelung einer ad\u00e4quaten Begleitung unserer\nSch\u00fclerinnen und Sch\u00fcler (fehlendes AG-Angebot) bis auf Weiteres ausgesetzt. Im\nzweij\u00e4hrigen Rhythmus nehmen wir an einem Triathlon\/Kreisschulmeisterschaften\nstatt. Ferner bietet die Gemeinde Loxstedt Sportn\u00e4chte sowie eine eint\u00e4gige\nSportveranstaltung (Loxstedt Go sports) an.<\/p>\n\n\n\n<h2 class=\"wp-block-heading\"><a>1.5\nInterne Sportwettbewerbe<\/a><\/h2>\n\n\n\n<p>Unsere Sch\u00fclervertretung\norganisiert in Absprache mit dem FB Sport zum Ende des ersten Halbjahres f\u00fcr\nunsere Sch\u00fclerinnen und Sch\u00fcler der Klassen 5 und 6 ein Brennballturnier, f\u00fcr\ndie Klassen 7-10 ein Floorball-Turnier (fr\u00fcher Unihockey). Weiterhin finden im\nSommer je nach Absprache und Wetterlage ein Fu\u00dfballturnier bzw. Sponsorenl\u00e4ufe\nstatt.<\/p>\n\n\n\n<h2 class=\"wp-block-heading\"><a>1.6\nBeitrag zur Berufsorientierung<\/a><\/h2>\n\n\n\n<p>Mit dem Erwerb speziell der prozessbezogenen\nKompetenzen (Methoden-, Sozial- und Selbstkompetenzen) bereitet der\nSportunterricht unsere Sch\u00fclerinnen und Sch\u00fcler insbesondere im Bereich der\nTeam- und Kooperationsf\u00e4higkeit im Rahmen der Berufsorientierung wesentlich auf\ndas sp\u00e4tere Berufsleben vor. <\/p>\n\n\n\n<p><em>Die curricularen Vorgaben im Fach Sport sind auf dem Nieders\u00e4chsischen Bildungsserver zu finden: <a href=\"https:\/\/db2.nibis.de\/1db\/cuvo\/datei\/sp_si_kc_druck_2017.pdf\" target=\"_blank\" rel=\"noreferrer noopener\" aria-label=\" (\u00f6ffnet in neuem Tab)\">Kerncurriculum Sport<\/a><\/em><\/p>\n","protected":false},"excerpt":{"rendered":"<p>Das Fach Sport am Gymnasium Loxstedt 1.1 Unsere Schule Das Gymnasium Loxstedt ist ein Sek I Gymnasium in der Gemeinde Loxstedt\/ Landkreis Cuxhaven (Schultr\u00e4ger). Der Sportunterricht wird f\u00fcr unsere Sch\u00fclerinnen und Sch\u00fcler der Klassenstufen 5-10 in der Regel w\u00f6chentlich in &hellip; <a href=\"https:\/\/wordpress.nibis.de\/gymlox\/sport\/\">Weiterlesen <span class=\"meta-nav\">&rarr;<\/span><\/a><\/p>\n","protected":false},"author":1356,"featured_media":0,"parent":0,"menu_order":0,"comment_status":"closed","ping_status":"closed","template":"","meta":{"footnotes":""},"class_list":["post-164","page","type-page","status-publish","hentry"],"_links":{"self":[{"href":"https:\/\/wordpress.nibis.de\/gymlox\/wp-json\/wp\/v2\/pages\/164","targetHints":{"allow":["GET"]}}],"collection":[{"href":"https:\/\/wordpress.nibis.de\/gymlox\/wp-json\/wp\/v2\/pages"}],"about":[{"href":"https:\/\/wordpress.nibis.de\/gymlox\/wp-json\/wp\/v2\/types\/page"}],"author":[{"embeddable":true,"href":"https:\/\/wordpress.nibis.de\/gymlox\/wp-json\/wp\/v2\/users\/1356"}],"replies":[{"embeddable":true,"href":"https:\/\/wordpress.nibis.de\/gymlox\/wp-json\/wp\/v2\/comments?post=164"}],"version-history":[{"count":4,"href":"https:\/\/wordpress.nibis.de\/gymlox\/wp-json\/wp\/v2\/pages\/164\/revisions"}],"predecessor-version":[{"id":960,"href":"https:\/\/wordpress.nibis.de\/gymlox\/wp-json\/wp\/v2\/pages\/164\/revisions\/960"}],"wp:attachment":[{"href":"https:\/\/wordpress.nibis.de\/gymlox\/wp-json\/wp\/v2\/media?parent=164"}],"curies":[{"name":"wp","href":"https:\/\/api.w.org\/{rel}","templated":true}]}}