{"id":1649,"date":"2022-08-27T20:47:50","date_gmt":"2022-08-27T18:47:50","guid":{"rendered":"https:\/\/wordpress.nibis.de\/gymlox\/?page_id=1649"},"modified":"2022-08-31T09:30:25","modified_gmt":"2022-08-31T07:30:25","slug":"geschichts-ag-im-schuljahr-2021-2022","status":"publish","type":"page","link":"https:\/\/wordpress.nibis.de\/gymlox\/geschichts-ag-im-schuljahr-2021-2022\/","title":{"rendered":"Geschichts-AG im Schuljahr 2021\/2022"},"content":{"rendered":"\n\n\n<figure class=\"wp-block-image size-full\"><img loading=\"lazy\" decoding=\"async\" width=\"2560\" height=\"1920\" src=\"https:\/\/wordpress.nibis.de\/gymlox\/files\/2022\/08\/Geschichts-AG-vor-den-Bremer-Stadtmusikanten-scaled.jpg\" alt=\"\" class=\"wp-image-1669\" srcset=\"https:\/\/wordpress.nibis.de\/gymlox\/files\/2022\/08\/Geschichts-AG-vor-den-Bremer-Stadtmusikanten-scaled.jpg 2560w, https:\/\/wordpress.nibis.de\/gymlox\/files\/2022\/08\/Geschichts-AG-vor-den-Bremer-Stadtmusikanten-768x576.jpg 768w, https:\/\/wordpress.nibis.de\/gymlox\/files\/2022\/08\/Geschichts-AG-vor-den-Bremer-Stadtmusikanten-1536x1152.jpg 1536w, https:\/\/wordpress.nibis.de\/gymlox\/files\/2022\/08\/Geschichts-AG-vor-den-Bremer-Stadtmusikanten-2048x1536.jpg 2048w\" sizes=\"auto, (max-width: 2560px) 100vw, 2560px\" \/><figcaption>Geschichts-AG vor den Bremer Stadtmusikanten<\/figcaption><\/figure>\n\n\n\n<p><\/p>\n\n\n\n<p>1. Halbjahr:&nbsp;<\/p>\n\n\n\n<p>Geschichte und ihre Quellen im regionalen und \u00fcberregionalen Kontext<\/p>\n\n\n\n<p>Die acht Teilnehmer der Geschichts-AG besch\u00e4ftigten sich mit ausgew\u00e4hlten regionalen und \u00fcberregionalen Geschichtsquellen und ordneten sie in historische Ereignisse, Verl\u00e4ufe und Entwicklungen ein.&nbsp;<\/p>\n\n\n\n<p>Dazu wurde in bereitgestellten Materialien, filmischen Geschichtsdokumentationen und Texten sowie im Internet recherchiert. Die Rechercheergebnisse wurden dann in mehreren Exkursionen zu Fu\u00df, per Bahn und Bus sowie per Fahrrad auf ihren Gehalt hin \u00fcberpr\u00fcft.&nbsp;<\/p>\n\n\n\n<p>Dazu wurde die&nbsp;<em>Loxstedter Kirche<\/em>, die&nbsp;<em>Kirche in Bexh\u00f6vede<\/em>&nbsp;sowie die&nbsp;<em>ehemalige Burg in Stotel<\/em>&nbsp;erkundet. Wir besuchten weiterhin das&nbsp;<em>Historische Museum<\/em>&nbsp;und das&nbsp;<em>Schifffahrtsmuseum in Bremerhaven<\/em>. Einen kr\u00f6nenden Abschluss bildete eine Fahrt ins&nbsp;<em>kreisarch\u00e4ologische Museum nach Bad Bederkesa<\/em>&nbsp;und dort die F\u00fchrung durch den Kreisarch\u00e4ologen.<\/p>\n\n\n\n<p>2. Halbjahr:<\/p>\n\n\n\n<p>Geschichte und ihre regionalen Vermittlungsst\u00e4tten<\/p>\n\n\n\n<p>Die Geschichts-AG besch\u00e4ftigte sich jetzt mit ihren f\u00fcnf Teilnehmern in einer ver\u00e4nderten Besetzung mit ausgew\u00e4hlten regionalen historischen Orten und Vermittlungsst\u00e4tten von Geschichte.<\/p>\n\n\n\n<p>Dazu wurden regionale und \u00fcberregionale Auswirkungen von historischen Ereignissen und historischen Entwicklungen in unserem und auf unseren Raum erkundet.<\/p>\n\n\n\n<p>Zu diesem Zwecke erarbeiteten wir uns in der Schule mit Internetrecherchen Hintergrundinformationen zu Einzelthemen bzw. bestimmten Vermittlungsorten.<\/p>\n\n\n\n<p>Daraus resultierend besuchten und erkundeten wir in l\u00e4ngeren Exkursionen folgende Vermittlungsst\u00e4tten:&nbsp;&nbsp;<em>Historisches Museum Bremerhaven, H\u00e4fen&nbsp;<\/em>und<em>&nbsp;U-Boot Wilhelm Bauer&nbsp;<\/em>sowie<em>&nbsp;Fischtrawler Gera in Bremerhaven, Kirche und Jedutenh\u00fcgel in Wulsdorf&nbsp;<\/em>sowie ausgew\u00e4hlte Punkte im<em>&nbsp;Vieland, \u00dcberseemuseum in Bremen, Historische Innenstadt und Dom Bremens, Fischereimuseum Windst\u00e4rke 10 in Cuxhaven.<\/em><\/p>\n\n\n\n<p>Die Exkursionen wurden fast alle per Bahn und Bus durchgef\u00fchrt; die letzte absolvierten wir allerdings in einer ausgiebigen ganzt\u00e4gigen Fahrradtour.<\/p>\n\n\n\n<p>Allen teilnehmenden Sch\u00fclerinnen und Sch\u00fclern vielen Dank f\u00fcr ihre engagierte und zuverl\u00e4ssige Teilnahme und Mitarbeit!<\/p>\n\n\n\n<p>Gunnar Benzing<\/p>\n\n\n\n<figure class=\"wp-block-image size-full\"><img loading=\"lazy\" decoding=\"async\" width=\"1920\" height=\"2560\" src=\"https:\/\/wordpress.nibis.de\/gymlox\/files\/2022\/08\/Geschichts-AG-vor-der-Schiffdorfer-Muehle-scaled.jpg\" alt=\"\" class=\"wp-image-1670\" srcset=\"https:\/\/wordpress.nibis.de\/gymlox\/files\/2022\/08\/Geschichts-AG-vor-der-Schiffdorfer-Muehle-scaled.jpg 1920w, https:\/\/wordpress.nibis.de\/gymlox\/files\/2022\/08\/Geschichts-AG-vor-der-Schiffdorfer-Muehle-768x1024.jpg 768w, https:\/\/wordpress.nibis.de\/gymlox\/files\/2022\/08\/Geschichts-AG-vor-der-Schiffdorfer-Muehle-1152x1536.jpg 1152w, https:\/\/wordpress.nibis.de\/gymlox\/files\/2022\/08\/Geschichts-AG-vor-der-Schiffdorfer-Muehle-1536x2048.jpg 1536w\" sizes=\"auto, (max-width: 1920px) 100vw, 1920px\" \/><figcaption>Geschichts-AG vor der Schiffdorfer M\u00fchle<\/figcaption><\/figure>\n","protected":false},"excerpt":{"rendered":"<p>1. Halbjahr:&nbsp; Geschichte und ihre Quellen im regionalen und \u00fcberregionalen Kontext Die acht Teilnehmer der Geschichts-AG besch\u00e4ftigten sich mit ausgew\u00e4hlten regionalen und \u00fcberregionalen Geschichtsquellen und ordneten sie in historische Ereignisse, Verl\u00e4ufe und Entwicklungen ein.&nbsp; Dazu wurde in bereitgestellten Materialien, filmischen &hellip; <a href=\"https:\/\/wordpress.nibis.de\/gymlox\/geschichts-ag-im-schuljahr-2021-2022\/\">Weiterlesen <span class=\"meta-nav\">&rarr;<\/span><\/a><\/p>\n","protected":false},"author":9193182,"featured_media":0,"parent":0,"menu_order":0,"comment_status":"closed","ping_status":"closed","template":"","meta":{"footnotes":""},"class_list":["post-1649","page","type-page","status-publish","hentry"],"_links":{"self":[{"href":"https:\/\/wordpress.nibis.de\/gymlox\/wp-json\/wp\/v2\/pages\/1649","targetHints":{"allow":["GET"]}}],"collection":[{"href":"https:\/\/wordpress.nibis.de\/gymlox\/wp-json\/wp\/v2\/pages"}],"about":[{"href":"https:\/\/wordpress.nibis.de\/gymlox\/wp-json\/wp\/v2\/types\/page"}],"author":[{"embeddable":true,"href":"https:\/\/wordpress.nibis.de\/gymlox\/wp-json\/wp\/v2\/users\/9193182"}],"replies":[{"embeddable":true,"href":"https:\/\/wordpress.nibis.de\/gymlox\/wp-json\/wp\/v2\/comments?post=1649"}],"version-history":[{"count":3,"href":"https:\/\/wordpress.nibis.de\/gymlox\/wp-json\/wp\/v2\/pages\/1649\/revisions"}],"predecessor-version":[{"id":1673,"href":"https:\/\/wordpress.nibis.de\/gymlox\/wp-json\/wp\/v2\/pages\/1649\/revisions\/1673"}],"wp:attachment":[{"href":"https:\/\/wordpress.nibis.de\/gymlox\/wp-json\/wp\/v2\/media?parent=1649"}],"curies":[{"name":"wp","href":"https:\/\/api.w.org\/{rel}","templated":true}]}}