{"id":166,"date":"2019-01-28T11:00:13","date_gmt":"2019-01-28T10:00:13","guid":{"rendered":"http:\/\/wordpress.nibis.de\/gymlox\/?page_id=166"},"modified":"2019-11-15T17:11:21","modified_gmt":"2019-11-15T16:11:21","slug":"werte-und-normen","status":"publish","type":"page","link":"https:\/\/wordpress.nibis.de\/gymlox\/werte-und-normen\/","title":{"rendered":"Werte und Normen"},"content":{"rendered":"\n<p><em>Werte und Normen<\/em> ist direkt mit dem Fach Religion verbunden, welches als einziges Fach direkt im Grundgesetz, Artikel 7, verankert ist. Die Eltern entscheiden jedes Jahr \u00fcber die Teilnahme an Religion. Sp\u00e4testens ab 12 Jahren wird zun\u00e4chst mit dem Kind gesprochen, ab 14 Jahren entscheidet es selbstst\u00e4ndig. Als alternatives Angebot halten die Bundesl\u00e4nder Werte und Normen, Philosophie oder Ethik vor \u2014 drei Namen, ein Fach! <\/p>\n\n\n\n<p>In diesem Fach geht es, \u00e4hnlich wie in Religion, um die gro\u00dfen Lebensfragen. Auch hier werden die Antworten der bedeutenden weltanschaulichen, religi\u00f6sen, philosophischen und politischen Gemeinschaften gemeinsam beleuchtet. Die Sch\u00fclerinnen und Sch\u00fcler werden ermutigt, eigene Antworten abzuleiten und zu entwickeln, selbstst\u00e4ndig und ohne Lenkung in eine bestimmte Richtung, in den Grenzen des Grundgesetzes. Das evangelische Christentum nimmt hierbei keine herausgehobene Position ein. <\/p>\n\n\n\n<p><em>Die curricularen Vorgaben im Fach Werte und Normen sind auf dem Nieders\u00e4chsischen Bildungsserver zu finden: <a href=\"https:\/\/db2.nibis.de\/1db\/cuvo\/datei\/wn_gym_si_kc_druck_2017.pdf\" target=\"_blank\" rel=\"noreferrer noopener\" aria-label=\" (\u00f6ffnet in neuem Tab)\">Kerncurriculum Werte und Normen<\/a><\/em><\/p>\n","protected":false},"excerpt":{"rendered":"<p>Werte und Normen ist direkt mit dem Fach Religion verbunden, welches als einziges Fach direkt im Grundgesetz, Artikel 7, verankert ist. Die Eltern entscheiden jedes Jahr \u00fcber die Teilnahme an Religion. Sp\u00e4testens ab 12 Jahren wird zun\u00e4chst mit dem Kind &hellip; <a href=\"https:\/\/wordpress.nibis.de\/gymlox\/werte-und-normen\/\">Weiterlesen <span class=\"meta-nav\">&rarr;<\/span><\/a><\/p>\n","protected":false},"author":1356,"featured_media":0,"parent":0,"menu_order":0,"comment_status":"closed","ping_status":"closed","template":"","meta":{"footnotes":""},"class_list":["post-166","page","type-page","status-publish","hentry"],"_links":{"self":[{"href":"https:\/\/wordpress.nibis.de\/gymlox\/wp-json\/wp\/v2\/pages\/166","targetHints":{"allow":["GET"]}}],"collection":[{"href":"https:\/\/wordpress.nibis.de\/gymlox\/wp-json\/wp\/v2\/pages"}],"about":[{"href":"https:\/\/wordpress.nibis.de\/gymlox\/wp-json\/wp\/v2\/types\/page"}],"author":[{"embeddable":true,"href":"https:\/\/wordpress.nibis.de\/gymlox\/wp-json\/wp\/v2\/users\/1356"}],"replies":[{"embeddable":true,"href":"https:\/\/wordpress.nibis.de\/gymlox\/wp-json\/wp\/v2\/comments?post=166"}],"version-history":[{"count":5,"href":"https:\/\/wordpress.nibis.de\/gymlox\/wp-json\/wp\/v2\/pages\/166\/revisions"}],"predecessor-version":[{"id":961,"href":"https:\/\/wordpress.nibis.de\/gymlox\/wp-json\/wp\/v2\/pages\/166\/revisions\/961"}],"wp:attachment":[{"href":"https:\/\/wordpress.nibis.de\/gymlox\/wp-json\/wp\/v2\/media?parent=166"}],"curies":[{"name":"wp","href":"https:\/\/api.w.org\/{rel}","templated":true}]}}