{"id":1698,"date":"2022-09-07T16:04:17","date_gmt":"2022-09-07T14:04:17","guid":{"rendered":"https:\/\/wordpress.nibis.de\/gymlox\/?page_id=1698"},"modified":"2025-04-24T10:53:04","modified_gmt":"2025-04-24T08:53:04","slug":"exkursionen-im-biologieunterricht","status":"publish","type":"page","link":"https:\/\/wordpress.nibis.de\/gymlox\/exkursionen-im-biologieunterricht\/","title":{"rendered":"Exkursionen im Biologieunterricht"},"content":{"rendered":"\n<p>Im Biologieunterricht finden zur Veranschaulichung und Vertiefung von Unterrichtsinhalten sowie zur Motivation der Sch\u00fcler neben Unterrichtsg\u00e4ngen in die n\u00e4here Umgebung im Jahrgang 6 und im Doppeljahrgang 7\/8 regelm\u00e4\u00dfige Exkursionen zu au\u00dferschulischen Lernorten statt.<\/p>\n\n\n\n<p>In <strong>Jahrgang 6<\/strong> wird der Unterricht zum Thema Pflanzen durch die Fahrt nach Bremen zur <strong>Botanika<\/strong> im Rhododendronpark erg\u00e4nzt.<\/p>\n\n\n\n<p>Neben wechselnden Unterrichtsmodulen zur Pflanzenbestimmung oder zur Bl\u00fcten\u00f6kologie erkunden die Sch\u00fcler dort das Entdeckerzentrum mit seinen Versuchs- und Informationsstationen. Au\u00dferdem f\u00fchren sie eine Ralley in den Gew\u00e4chsh\u00e4usern und dem Entdeckerzentrum durch.<\/p>\n\n\n\n<p>Je nach Themenabfolge und Lage des Epochalunterrichtes findet im <strong>Jahrgang 7 oder 8<\/strong> die Exkursion zum Thema \u00d6kologie ins <strong>Moorinformationszentrum Ahlenmoor<\/strong> bei Wanna statt.<\/p>\n\n\n\n<p>Neben der kundigen F\u00fchrung und der Moorbahnfahrt ins Ahlenmoor absolvieren die Sch\u00fcler ein Untersuchungsprogramm im Sch\u00fclerlabor des MoorIZ und informieren sich in der Ausstellung \u00fcber die Geschichte und die \u00f6kologische Bedeutung von Mooren und speziell dieses Moores.<\/p>\n\n\n\n<figure class=\"wp-block-image size-large\"><img loading=\"lazy\" decoding=\"async\" width=\"1200\" height=\"675\" src=\"https:\/\/wordpress.nibis.de\/gymlox\/files\/2022\/09\/2022_09_Be_Bio_Exkursionen_Bild_3_Jg8_Ahlenmoor-1200x675.jpg\" alt=\"Exkursion Ahlenmoor\" class=\"wp-image-1703\" srcset=\"https:\/\/wordpress.nibis.de\/gymlox\/files\/2022\/09\/2022_09_Be_Bio_Exkursionen_Bild_3_Jg8_Ahlenmoor-1200x675.jpg 1200w, https:\/\/wordpress.nibis.de\/gymlox\/files\/2022\/09\/2022_09_Be_Bio_Exkursionen_Bild_3_Jg8_Ahlenmoor-850x478.jpg 850w, https:\/\/wordpress.nibis.de\/gymlox\/files\/2022\/09\/2022_09_Be_Bio_Exkursionen_Bild_3_Jg8_Ahlenmoor-250x141.jpg 250w\" sizes=\"auto, (max-width: 1200px) 100vw, 1200px\" \/><\/figure>\n\n\n\n<p>Alternativ sind Exkursionen zum <strong>Naturparkhaus mit Wattf\u00fchrungen in Dorum<\/strong> m\u00f6glich.<\/p>\n\n\n\n<p class=\"has-text-align-right\"><em>Gunnar Benzing<\/em><\/p>\n\n\n","protected":false},"excerpt":{"rendered":"<p>Im Biologieunterricht finden zur Veranschaulichung und Vertiefung von Unterrichtsinhalten sowie zur Motivation der Sch\u00fcler neben Unterrichtsg\u00e4ngen in die n\u00e4here Umgebung im Jahrgang 6 und im Doppeljahrgang 7\/8 regelm\u00e4\u00dfige Exkursionen zu au\u00dferschulischen Lernorten statt. In Jahrgang 6 wird der Unterricht zum &hellip; <a href=\"https:\/\/wordpress.nibis.de\/gymlox\/exkursionen-im-biologieunterricht\/\">Weiterlesen <span class=\"meta-nav\">&rarr;<\/span><\/a><\/p>\n","protected":false},"author":1356,"featured_media":0,"parent":0,"menu_order":0,"comment_status":"closed","ping_status":"closed","template":"","meta":{"footnotes":""},"class_list":["post-1698","page","type-page","status-publish","hentry"],"_links":{"self":[{"href":"https:\/\/wordpress.nibis.de\/gymlox\/wp-json\/wp\/v2\/pages\/1698","targetHints":{"allow":["GET"]}}],"collection":[{"href":"https:\/\/wordpress.nibis.de\/gymlox\/wp-json\/wp\/v2\/pages"}],"about":[{"href":"https:\/\/wordpress.nibis.de\/gymlox\/wp-json\/wp\/v2\/types\/page"}],"author":[{"embeddable":true,"href":"https:\/\/wordpress.nibis.de\/gymlox\/wp-json\/wp\/v2\/users\/1356"}],"replies":[{"embeddable":true,"href":"https:\/\/wordpress.nibis.de\/gymlox\/wp-json\/wp\/v2\/comments?post=1698"}],"version-history":[{"count":3,"href":"https:\/\/wordpress.nibis.de\/gymlox\/wp-json\/wp\/v2\/pages\/1698\/revisions"}],"predecessor-version":[{"id":2213,"href":"https:\/\/wordpress.nibis.de\/gymlox\/wp-json\/wp\/v2\/pages\/1698\/revisions\/2213"}],"wp:attachment":[{"href":"https:\/\/wordpress.nibis.de\/gymlox\/wp-json\/wp\/v2\/media?parent=1698"}],"curies":[{"name":"wp","href":"https:\/\/api.w.org\/{rel}","templated":true}]}}