{"id":196,"date":"2019-01-28T11:06:37","date_gmt":"2019-01-28T10:06:37","guid":{"rendered":"http:\/\/wordpress.nibis.de\/gymlox\/?page_id=196"},"modified":"2019-08-01T21:11:28","modified_gmt":"2019-08-01T19:11:28","slug":"projektwoche","status":"publish","type":"page","link":"https:\/\/wordpress.nibis.de\/gymlox\/projektwoche\/","title":{"rendered":"Projektwoche"},"content":{"rendered":"\n<p>UNSERE Projektwoche\u2026<\/p>\n\n\n\n<p>Seit dem Schuljahr 1981\/1982\nist die Durchf\u00fchrung einer Projektwoche eine gute und sinnvolle Tradition und\nideale Erg\u00e4nzung zum allgemeinen Lehrauftrag und Lernalltag unseres Gymnasiums.\nMeistens findet die Projektwoche (mittlerweile sind es nur noch drei\nProjekttage) kurz vor den Sommerferien statt, wenn die Noten feststehen und\nZeit zum Durchatmen ist, aber die Konzentration auf Schule noch nicht in den\n\u201eFerienmodus\u201c&nbsp; \u00fcbergehen soll. <\/p>\n\n\n\n<p>Es gibt viele Formen zur Durchf\u00fchrung\neiner Projektwoche. Am g\u00e4ngigsten ist die themengebundene oder die thematisch\noffene Projektwoche. Am Gymnasium Loxstedt findet mehrheitlich die offene\nProjektwoche statt. Diese Entscheidung wurde in der Vergangenheit nicht immer\nohne Kritik aufgenommen. Kritiker bem\u00e4ngeln eine angeblich fehlende\nErnsthaftigkeit seitens der Sch\u00fcler- und Lehrerschaft, wenn nicht an einem\nOberthema gearbeitet wird. Der Termin kurz vor den Sommerferien verleite\nsomit&nbsp; verst\u00e4rkend zum \u201elaissez faire\u201c,\nzum \u201eRumdaddeln\u201c. Das mag man so sehen, aber dem sei entgegengestellt, dass\neine offene Projektwoche mit Themen aus den verschiedensten Bereichen&nbsp; den mannigfaltigen Interessen von\nSch\u00fclerinnen und Sch\u00fclern sehr entgegenkommt. Interessen n\u00e4mlich, die sehr wohl\nf\u00f6rderungsw\u00fcrdig sind und der Verantwortung von Schule entsprechen. Die\nSch\u00fclerinnen und Sch\u00fcler k\u00f6nnen fast immer aus einem Pool von 15 &#8211; 18 Projekten\nw\u00e4hlen. Und am meisten werden die Projekte angew\u00e4hlt, in denen nicht nur\nausschlie\u00dflich der Kopf(!) gebraucht wird. Viele Sch\u00fclerinnen und Sch\u00fcler\nsehnen sich danach, auch die H\u00e4nde und \/ oder den K\u00f6rper mit einzusetzen oder einmal\nfrei an einem Thema, fern von den sonst allt\u00e4glich verlangten\nLeistungsanforderungen, zu arbeiten.&nbsp; So\nmutet es fast anachronistisch in dieser modernen Zeit an, dass z.B. ein Projekt\nwie \u201eStricken\u201c, von vielen Sch\u00fclerinnen angew\u00e4hlt wird oder das Projekt\n\u201eKreatives und Dekoratives\u201c, sich gro\u00dfer Beliebtheit erfreut. Auch\nSportprojekte sind der \u201eRenner\u201c, so z.B. \u201eSegeln\u201c oder \u201eInline-Hockey\u201c. Diese\nk\u00f6nnen somit der gesellschaftlichen Forderung nach mehr Bewegung in der Schule\nzum Teil auffangen. Aber selbstverst\u00e4ndlich werden auch kognitiv ausgerichtete\nProjekte angeboten <\/p>\n\n\n\n<p>Wichtig bei einer Projektwoche\noder auch dem projektorientierten Unterricht ist die Vorstellung des\nProjektergebnisses. Nat\u00fcrlich kann nicht jedes Projekt zu einem befriedigenden\nErgebnis f\u00fchren. Manchmal ist der \u201eWeg das Ziel\u201c und es k\u00f6nnen nur\nTeilergebnisse gezeigt werden. Aber auch in diesen F\u00e4llen nehmen Sch\u00fclerinnen\nund Sch\u00fcler eine Lernerfahrung mit.<\/p>\n\n\n\n<p>Nun soll das vorangegangene\nPl\u00e4doyer nicht aussagen, dass eine themengebundene Projektwoche grunds\u00e4tzlich\nfehl am Platz sei! Es kann \u00e4u\u00dferst fruchtbar sein, f\u00e4cher\u00fcbergreifend\/f\u00e4cherverbindend\nan einem Oberthema zu arbeiten. So wurden z.B. Projekttage zum Thema \u201eDrogen\u201c\noder \u201e40 Jahre Gymnasium Loxstedt &#8211; Unsere Schule stellt sich vor!\u201c\ndurchgef\u00fchrt. F\u00fcr das kommende Schuljahr ist eine Projektwoche unter dem Motto\n\u201eGesundheit\u201c in Planung.<\/p>\n\n\n\n<p>Dennoch findet der vom\nGymnasium eingeschlagene Weg der \u201eOffenen Projektwoche\u201c bei Sch\u00fclern und\nLehrern immer noch eine breite Zustimmung. Dies mag auch daran liegen, dass\neben nicht nur Lehrer ein Projekt anbieten und leiten, sondern dass auch die\nSch\u00fclerinnen und Sch\u00fcler, nach Absprache mit der Schulleitung und dem\nProjektkoordinator und der Vorstellung eines p\u00e4dagogischen Konzepts, eigene\nProjekte anbieten und in Eigenverantwortung (ein Lehrer \u00fcbernimmt lediglich die\nAufsichtspflicht und steht beratend zur Seite) durchf\u00fchren. <\/p>\n\n\n\n<p>Die nun aufgef\u00fchrten Projekte\nder letzten Projektwoche im Schuljahr 2018\/2019 geben aber einen guten Einblick\nin die Vielseitigkeit und der p\u00e4dagogischen Verantwortung: <\/p>\n\n\n\n<p>* \u00d6kologie der Insekten im\nSchulumfeld&nbsp;&nbsp;&nbsp;&nbsp;&nbsp;&nbsp;&nbsp;&nbsp;&nbsp;&nbsp;&nbsp;&nbsp;&nbsp;&nbsp;&nbsp;&nbsp;&nbsp;&nbsp;&nbsp;&nbsp;&nbsp;&nbsp;&nbsp; *Radtouren\num Loxstedt<\/p>\n\n\n\n<p>&nbsp;&nbsp;&nbsp;&nbsp;&nbsp;&nbsp;&nbsp;&nbsp;&nbsp;&nbsp;&nbsp; *Kochen.Backen.Essen.&nbsp;&nbsp;&nbsp;&nbsp;&nbsp;&nbsp;&nbsp;&nbsp;&nbsp;&nbsp;&nbsp;&nbsp;&nbsp;&nbsp;&nbsp; *Hair-Art\n(Sch\u00fclerprojekt)&nbsp;&nbsp;&nbsp;&nbsp;&nbsp;&nbsp;&nbsp;&nbsp;&nbsp;&nbsp;&nbsp;&nbsp;&nbsp; <\/p>\n\n\n\n<p>*Turnen (Sch\u00fclerprojekt)&nbsp;&nbsp;&nbsp; &nbsp;&nbsp;&nbsp;&nbsp;&nbsp;&nbsp;&nbsp;&nbsp;&nbsp;&nbsp;&nbsp;&nbsp;&nbsp;&nbsp;&nbsp;&nbsp;&nbsp;&nbsp;&nbsp;&nbsp;&nbsp;&nbsp;&nbsp;&nbsp;&nbsp;&nbsp;&nbsp;&nbsp;&nbsp;&nbsp;&nbsp;&nbsp;&nbsp;&nbsp;&nbsp;&nbsp;&nbsp;&nbsp;&nbsp;&nbsp;&nbsp;&nbsp;&nbsp;&nbsp;&nbsp;&nbsp; *Container-Art&nbsp;&nbsp;&nbsp;&nbsp;&nbsp;&nbsp;&nbsp;&nbsp;&nbsp;&nbsp;&nbsp;&nbsp;&nbsp;&nbsp;&nbsp;&nbsp;&nbsp;&nbsp;&nbsp;&nbsp;&nbsp; <\/p>\n\n\n\n<p>*Strategie-\nund Gesellschaftsspiele<\/p>\n\n\n\n<p>&nbsp;&nbsp;&nbsp;&nbsp;&nbsp;&nbsp;&nbsp;&nbsp;&nbsp;&nbsp;&nbsp; *Mehr Optimismus, mehr Selbstbewusstsein, mehr Erfolg<\/p>\n\n\n\n<p>*Inline Hockey\n(Sch\u00fclerprojekt)&nbsp;&nbsp;&nbsp;&nbsp;&nbsp;&nbsp;&nbsp;&nbsp;&nbsp;&nbsp;&nbsp;&nbsp;&nbsp;&nbsp;&nbsp;&nbsp;&nbsp;&nbsp;&nbsp;&nbsp;&nbsp;&nbsp;&nbsp;&nbsp;&nbsp;&nbsp;&nbsp; *BMX-Race\n(Sch\u00fclerprojekt)&nbsp;&nbsp;&nbsp;&nbsp;&nbsp;&nbsp;&nbsp;&nbsp; <\/p>\n\n\n\n<p>*Hundeschule&nbsp;&nbsp;&nbsp;&nbsp;&nbsp;&nbsp;&nbsp;&nbsp;&nbsp;&nbsp;&nbsp;&nbsp;&nbsp;&nbsp;&nbsp;&nbsp;&nbsp;&nbsp;&nbsp;&nbsp;&nbsp;&nbsp;&nbsp;&nbsp;&nbsp;&nbsp;&nbsp;&nbsp;&nbsp;&nbsp;&nbsp;&nbsp;&nbsp; *Segeln&nbsp;&nbsp;&nbsp;&nbsp;&nbsp;&nbsp;&nbsp;&nbsp;&nbsp;&nbsp;&nbsp;&nbsp;&nbsp;&nbsp;&nbsp;&nbsp;&nbsp;&nbsp;&nbsp;&nbsp; <\/p>\n\n\n\n<p>*Stricken&nbsp;&nbsp;&nbsp;&nbsp;&nbsp;&nbsp;&nbsp;&nbsp;&nbsp;&nbsp;&nbsp;&nbsp;&nbsp;&nbsp;&nbsp;&nbsp;&nbsp;&nbsp; &nbsp;&nbsp;&nbsp;&nbsp;&nbsp;&nbsp;&nbsp;&nbsp;&nbsp;&nbsp;&nbsp;&nbsp;&nbsp;&nbsp;&nbsp;&nbsp;&nbsp;&nbsp;&nbsp;&nbsp;&nbsp;&nbsp;&nbsp;&nbsp;&nbsp;&nbsp;&nbsp;&nbsp;&nbsp;&nbsp;&nbsp;&nbsp;&nbsp;&nbsp; *Kreatives und Dekoratives&nbsp;&nbsp;&nbsp;&nbsp;&nbsp;&nbsp;&nbsp;&nbsp;&nbsp;&nbsp; <\/p>\n\n\n\n<p>*Drogen\nin Loxstedt? Kann das sein\u2026? (in Zusammenarbeit mit der Jugendpflege Loxstedt)<\/p>\n\n\n\n<p>M\u00f6ge UNSERE Projektwoche (Modell Gymnasium Loxstedt) noch\nlange das Schulleben&nbsp; bereichern!<\/p>\n\n\n\n<p>&nbsp;&nbsp;&nbsp;&nbsp;&nbsp;&nbsp;&nbsp;&nbsp;&nbsp;&nbsp;&nbsp;&nbsp;&nbsp;&nbsp;&nbsp;&nbsp;&nbsp;&nbsp;&nbsp;&nbsp;&nbsp;&nbsp;&nbsp;&nbsp;&nbsp;&nbsp;&nbsp;&nbsp;&nbsp;&nbsp;&nbsp;&nbsp;&nbsp;&nbsp;&nbsp;&nbsp;&nbsp;&nbsp;&nbsp;&nbsp;&nbsp;&nbsp;&nbsp;&nbsp;&nbsp;&nbsp;&nbsp;&nbsp;&nbsp;&nbsp;&nbsp;&nbsp;&nbsp;&nbsp;&nbsp;&nbsp;&nbsp;&nbsp;&nbsp;&nbsp;&nbsp;&nbsp;&nbsp;&nbsp;&nbsp;&nbsp;&nbsp;&nbsp;&nbsp;&nbsp;&nbsp;&nbsp;&nbsp;&nbsp;&nbsp;&nbsp;&nbsp;&nbsp;&nbsp;&nbsp;&nbsp;&nbsp;&nbsp;&nbsp;&nbsp;&nbsp;&nbsp;&nbsp;&nbsp;&nbsp;&nbsp;&nbsp;&nbsp; Projektkoordinator\nTorsten Meyer<\/p>\n","protected":false},"excerpt":{"rendered":"<p>UNSERE Projektwoche\u2026 Seit dem Schuljahr 1981\/1982 ist die Durchf\u00fchrung einer Projektwoche eine gute und sinnvolle Tradition und ideale Erg\u00e4nzung zum allgemeinen Lehrauftrag und Lernalltag unseres Gymnasiums. Meistens findet die Projektwoche (mittlerweile sind es nur noch drei Projekttage) kurz vor den &hellip; <a href=\"https:\/\/wordpress.nibis.de\/gymlox\/projektwoche\/\">Weiterlesen <span class=\"meta-nav\">&rarr;<\/span><\/a><\/p>\n","protected":false},"author":1356,"featured_media":0,"parent":0,"menu_order":0,"comment_status":"closed","ping_status":"closed","template":"","meta":{"footnotes":""},"class_list":["post-196","page","type-page","status-publish","hentry"],"_links":{"self":[{"href":"https:\/\/wordpress.nibis.de\/gymlox\/wp-json\/wp\/v2\/pages\/196","targetHints":{"allow":["GET"]}}],"collection":[{"href":"https:\/\/wordpress.nibis.de\/gymlox\/wp-json\/wp\/v2\/pages"}],"about":[{"href":"https:\/\/wordpress.nibis.de\/gymlox\/wp-json\/wp\/v2\/types\/page"}],"author":[{"embeddable":true,"href":"https:\/\/wordpress.nibis.de\/gymlox\/wp-json\/wp\/v2\/users\/1356"}],"replies":[{"embeddable":true,"href":"https:\/\/wordpress.nibis.de\/gymlox\/wp-json\/wp\/v2\/comments?post=196"}],"version-history":[{"count":2,"href":"https:\/\/wordpress.nibis.de\/gymlox\/wp-json\/wp\/v2\/pages\/196\/revisions"}],"predecessor-version":[{"id":399,"href":"https:\/\/wordpress.nibis.de\/gymlox\/wp-json\/wp\/v2\/pages\/196\/revisions\/399"}],"wp:attachment":[{"href":"https:\/\/wordpress.nibis.de\/gymlox\/wp-json\/wp\/v2\/media?parent=196"}],"curies":[{"name":"wp","href":"https:\/\/api.w.org\/{rel}","templated":true}]}}