{"id":198,"date":"2019-01-28T11:06:44","date_gmt":"2019-01-28T10:06:44","guid":{"rendered":"http:\/\/wordpress.nibis.de\/gymlox\/?page_id=198"},"modified":"2025-04-24T11:03:48","modified_gmt":"2025-04-24T09:03:48","slug":"wandertag","status":"publish","type":"page","link":"https:\/\/wordpress.nibis.de\/gymlox\/wandertag\/","title":{"rendered":"Wandertag"},"content":{"rendered":"\n<p><strong>Wandertag<\/strong><\/p>\n\n\n\n<p>In jedem Schuljahr findet in der Regel kurz vor den Sommerferien unser Wandertag statt. Alle Sch\u00fclerinnen und Sch\u00fcler erkunden mit ihren Lehrerinnen und Lehrern die n\u00e4here Umgebung der Schule oder ein mit wenig Aufwand zu erreichendes Ziel in Niedersachsen. Die Kosten pro Sch\u00fcler d\u00fcrfen 20 Euro nicht \u00fcbersteigen, um auch andere Fahrten (Klassenfahrten, Schulaustausche) im Schuljahr ohne eine allzu starke finanzielle Belastung der Elternh\u00e4user zu erm\u00f6glichen.<\/p>\n\n\n\n<p>Im Vordergrund des Wandertags steht die Festigung des Miteinanders innerhalb der Klasse und die St\u00e4rkung der Klassengemeinschaft. Zudem muss ein p\u00e4dagogischer Bezug zum Unterricht oder zu den Erziehungszielen unseres Gymnasiums gegeben sein. Und nat\u00fcrlich stellt auch der Spa\u00df f\u00fcr die Sch\u00fclerinnen und Sch\u00fcler einen nicht zu untersch\u00e4tzenden Faktor dar. Das Ziel vereinbaren Klasse und Klassenlehrer gemeinsam.<\/p>\n","protected":false},"excerpt":{"rendered":"<p>Wandertag In jedem Schuljahr findet in der Regel kurz vor den Sommerferien unser Wandertag statt. Alle Sch\u00fclerinnen und Sch\u00fcler erkunden mit ihren Lehrerinnen und Lehrern die n\u00e4here Umgebung der Schule oder ein mit wenig Aufwand zu erreichendes Ziel in Niedersachsen. &hellip; <a href=\"https:\/\/wordpress.nibis.de\/gymlox\/wandertag\/\">Weiterlesen <span class=\"meta-nav\">&rarr;<\/span><\/a><\/p>\n","protected":false},"author":1356,"featured_media":0,"parent":0,"menu_order":0,"comment_status":"closed","ping_status":"closed","template":"","meta":{"footnotes":""},"class_list":["post-198","page","type-page","status-publish","hentry"],"_links":{"self":[{"href":"https:\/\/wordpress.nibis.de\/gymlox\/wp-json\/wp\/v2\/pages\/198","targetHints":{"allow":["GET"]}}],"collection":[{"href":"https:\/\/wordpress.nibis.de\/gymlox\/wp-json\/wp\/v2\/pages"}],"about":[{"href":"https:\/\/wordpress.nibis.de\/gymlox\/wp-json\/wp\/v2\/types\/page"}],"author":[{"embeddable":true,"href":"https:\/\/wordpress.nibis.de\/gymlox\/wp-json\/wp\/v2\/users\/1356"}],"replies":[{"embeddable":true,"href":"https:\/\/wordpress.nibis.de\/gymlox\/wp-json\/wp\/v2\/comments?post=198"}],"version-history":[{"count":6,"href":"https:\/\/wordpress.nibis.de\/gymlox\/wp-json\/wp\/v2\/pages\/198\/revisions"}],"predecessor-version":[{"id":2219,"href":"https:\/\/wordpress.nibis.de\/gymlox\/wp-json\/wp\/v2\/pages\/198\/revisions\/2219"}],"wp:attachment":[{"href":"https:\/\/wordpress.nibis.de\/gymlox\/wp-json\/wp\/v2\/media?parent=198"}],"curies":[{"name":"wp","href":"https:\/\/api.w.org\/{rel}","templated":true}]}}