{"id":200,"date":"2019-01-28T11:06:53","date_gmt":"2019-01-28T10:06:53","guid":{"rendered":"http:\/\/wordpress.nibis.de\/gymlox\/?page_id=200"},"modified":"2025-05-22T11:02:17","modified_gmt":"2025-05-22T09:02:17","slug":"klassenfahrten","status":"publish","type":"page","link":"https:\/\/wordpress.nibis.de\/gymlox\/klassenfahrten\/","title":{"rendered":"Klassenfahrten"},"content":{"rendered":"\n<p><strong>Klassenfahrten<\/strong><\/p>\n\n\n\n<p><strong>Erlebnis- und umweltp\u00e4dagogische Klassenfahrt<\/strong><\/p>\n\n\n\n<p>Die Sch\u00fclerinnen des Doppeljahrgangs 5\/6 fahren in der Regel in der Jahrgangsstufe 6 f\u00fcr eine Woche in ein Schullandheim. Der thematische Schwerpunkt dieser Klassenfahrt sollte im Bereich Erlebnis- und Umweltp\u00e4dagogik sowie Teambildung liegen. Ein m\u00f6gliches Ziel ist das Schullandheim Barkhausen im Wiehengebirge.<\/p>\n\n\n\n<p>Dort betreuen Sozialp\u00e4dagogen die Sch\u00fclerinnen in Kleingruppen bei kooperativen Abenteuer- und Vertrauensspielen, wie z.B. Klettern, Abseilen, Bogenschie\u00dfen, Bach- und Schluchtdurchquerung, Orientierung nach Karte und Kompass, Spurensuche, Tierbeobachtung, Themenspiele \u201eWald und Holz\u201c, kreative Naturbauwerke, Fossiliensuche. Auch Selbstversorgung aus dem Garten (je nach Jahreszeit) und Brotbacken ist m\u00f6glich, d.h. gesunde Ern\u00e4hrung Sch\u00fclerInnen attraktiv n\u00e4her zu bringen. Ein weiterer Schwerpunkt liegt auf Bewegung und Erleben in der freien Natur bei jeder Wetterlage und stellt somit einen Gegenpol zu extensivem Medienkonsum dar. Mit diesem ausgewogenen Konzept werden unsere p\u00e4dagogischen Zielsetzungen integral im spielerischen Erleben altersgerecht vermittelt.<\/p>\n\n\n\n<p>Andere Ziele f\u00fcr Klassenfahrten in dieser Jahrgangsstufe sind in Erprobung, zzt. z. B. Wangerooge und Helgoland.<\/p>\n\n\n\n<p><\/p>\n","protected":false},"excerpt":{"rendered":"<p>Klassenfahrten Erlebnis- und umweltp\u00e4dagogische Klassenfahrt Die Sch\u00fclerinnen des Doppeljahrgangs 5\/6 fahren in der Regel in der Jahrgangsstufe 6 f\u00fcr eine Woche in ein Schullandheim. Der thematische Schwerpunkt dieser Klassenfahrt sollte im Bereich Erlebnis- und Umweltp\u00e4dagogik sowie Teambildung liegen. Ein m\u00f6gliches &hellip; <a href=\"https:\/\/wordpress.nibis.de\/gymlox\/klassenfahrten\/\">Weiterlesen <span class=\"meta-nav\">&rarr;<\/span><\/a><\/p>\n","protected":false},"author":1356,"featured_media":0,"parent":0,"menu_order":0,"comment_status":"closed","ping_status":"closed","template":"","meta":{"footnotes":""},"class_list":["post-200","page","type-page","status-publish","hentry"],"_links":{"self":[{"href":"https:\/\/wordpress.nibis.de\/gymlox\/wp-json\/wp\/v2\/pages\/200","targetHints":{"allow":["GET"]}}],"collection":[{"href":"https:\/\/wordpress.nibis.de\/gymlox\/wp-json\/wp\/v2\/pages"}],"about":[{"href":"https:\/\/wordpress.nibis.de\/gymlox\/wp-json\/wp\/v2\/types\/page"}],"author":[{"embeddable":true,"href":"https:\/\/wordpress.nibis.de\/gymlox\/wp-json\/wp\/v2\/users\/1356"}],"replies":[{"embeddable":true,"href":"https:\/\/wordpress.nibis.de\/gymlox\/wp-json\/wp\/v2\/comments?post=200"}],"version-history":[{"count":6,"href":"https:\/\/wordpress.nibis.de\/gymlox\/wp-json\/wp\/v2\/pages\/200\/revisions"}],"predecessor-version":[{"id":2279,"href":"https:\/\/wordpress.nibis.de\/gymlox\/wp-json\/wp\/v2\/pages\/200\/revisions\/2279"}],"wp:attachment":[{"href":"https:\/\/wordpress.nibis.de\/gymlox\/wp-json\/wp\/v2\/media?parent=200"}],"curies":[{"name":"wp","href":"https:\/\/api.w.org\/{rel}","templated":true}]}}